{"id":2390,"date":"2024-11-10T17:05:46","date_gmt":"2024-11-10T14:05:46","guid":{"rendered":"http:\/\/mccloud-update.local\/?page_id=2390"},"modified":"2025-09-11T13:55:49","modified_gmt":"2025-09-11T10:55:49","slug":"chromebook","status":"publish","type":"page","link":"https:\/\/mccloud.global\/pl\/chromebook\/","title":{"rendered":"Chromebook"},"content":{"rendered":"<div class=\"flex self-center w-full max-w-[830px]\">\n      <h2 class=\"title-text-2 font-bold xl:mb-4 mb-3 text-5 leading-6\">Funkcje Chromebook\u00f3w<\/h2>\n  <\/div>\n\n\n<div class=\"max-w-[830px] flex self-center w-full\">\n    <div class=\"flex py-2 flex-col gap-3\">\n      <p>Chromebooki zosta\u0142y zaprojektowane do wsp\u00f3\u0142pracy z us\u0142ugami internetowymi za po\u015brednictwem przegl\u0105darki Google Chrome, \u0142\u0105cz\u0105c si\u0119 z nimi za po\u015brednictwem sieci lokalnej. G\u0142\u00f3wn\u0105 ide\u0105 jest to, \u017ce instalowanie aplikacji na samym urz\u0105dzeniu nie jest wymagane, poniewa\u017c wszystkie niezb\u0119dne narz\u0119dzia s\u0105 pobierane z internetu. Pami\u0119\u0107 lokalna s\u0142u\u017cy do buforowania tylko niewielkiej cz\u0119\u015bci danych, co pozwala na szybsze od\u015bwie\u017canie stron internetowych i aplikacji.<\/p>\n<p>Dane u\u017cytkownika s\u0105 zazwyczaj przechowywane w chmurze. Pliki, dokumenty i multimedia s\u0105 automatycznie pobierane i przechowywane na Dysku Google, kt\u00f3ry jest synchronizowany z kontem Google. Dzi\u0119ki temu mo\u017cesz uzyska\u0107 dost\u0119p do swoich plik\u00f3w z dowolnego urz\u0105dzenia przez internet, po prostu loguj\u0105c si\u0119 na swoje konto Google.<\/p>\n<p>Pocz\u0105tkowo system operacyjny Chrome OS zosta\u0142 stworzony do pracy wy\u0142\u0105cznie w trybie online, ale p\u00f3\u017aniej tw\u00f3rcy dodali mo\u017cliwo\u015b\u0107 instalowania aplikacji na Androida, kt\u00f3re mog\u0105 dzia\u0142a\u0107 offline.<\/p>\n    <\/div>\n<\/div>\n\n\n<div style=\"height:0px\" aria-hidden=\"true\" class=\"wp-block-spacer\"><\/div>\n\n\n<div class=\"container\">\n    <div class=\"md:rounded-4 2xl:pt-11 md:py-11 pt-4 flex flex-col gap-6 justify-center\"\n         style=\"background-color: \">\n        <div class=\"max-w-[830px] flex self-center w-full\">\n            <div class=\"rounded-4\">\n                                    <h3 class=\"text-5 mb-6 font-bold\"><p>Funkcje Chromebooka:<\/p>\n<\/h3>\n                                                                    <ul class=\"flex flex-col gap-3\">\n                                                                            <li class=\"flex items-center gap-3\">\n                <span\n                        class=\"rounded-full bg-green w-[44px] h-[44px] text-white flex justify-center items-center aspect-square\">1<\/span>\n                                <span>Praca na Chrome OS to system operacyjny zoptymalizowany pod k\u0105tem pracy w przegl\u0105darce i Internecie.<\/span>\n                            <\/li>\n                                                                                <li class=\"flex items-center gap-3\">\n                <span\n                        class=\"rounded-full bg-green w-[44px] h-[44px] text-white flex justify-center items-center aspect-square\">2<\/span>\n                                <span>Przechowywanie w chmurze \u2013 wi\u0119kszo\u015b\u0107 informacji jest przechowywana na serwerach Google, co zmniejsza zapotrzebowanie na du\u017c\u0105 ilo\u015b\u0107 pami\u0119ci wewn\u0119trznej.<\/span>\n                            <\/li>\n                                                                                <li class=\"flex items-center gap-3\">\n                <span\n                        class=\"rounded-full bg-green w-[44px] h-[44px] text-white flex justify-center items-center aspect-square\">3<\/span>\n                                <span>Komponenty bud\u017cetowe \u2014 w celu obni\u017cenia koszt\u00f3w urz\u0105dzenia stosuje si\u0119 platformy energooszcz\u0119dne.<\/span>\n                            <\/li>\n                                                                                <li class=\"flex items-center gap-3\">\n                <span\n                        class=\"rounded-full bg-green w-[44px] h-[44px] text-white flex justify-center items-center aspect-square\">4<\/span>\n                                <span>Wysoka autonomia \u2013 d\u0142ugi czas pracy na jednym \u0142adowaniu akumulatora.<\/span>\n                            <\/li>\n                                                                                <li class=\"flex items-center gap-3\">\n                <span\n                        class=\"rounded-full bg-green w-[44px] h-[44px] text-white flex justify-center items-center aspect-square\">5<\/span>\n                                <span>Organizacje maj\u0105 mo\u017cliwo\u015b\u0107 zarz\u0105dzania flot\u0105 komputer\u00f3w Chromebook z poziomu konsoli administratora.<\/span>\n                            <\/li>\n                                                                        <\/ul>\n                                \n            <\/div>\n        <\/div>\n            <\/div>\n<\/div>\n\n\n<div style=\"height:0px\" aria-hidden=\"true\" class=\"wp-block-spacer\"><\/div>\n\n\n<div class=\"max-w-[830px] flex self-center w-full\">\n    <div class=\"pl-3 border-l-4 border-green flex py-2 flex-col gap-3\">\n      <p>Mo\u017cesz kupi\u0107 Chromebooka, aby korzysta\u0107 z Internetu i aplikacji w chmurze, a tak\u017ce wykonywa\u0107 codzienne zadania.<\/p>\n    <\/div>\n<\/div>\n\n\n<div style=\"height:0px\" aria-hidden=\"true\" class=\"wp-block-spacer\"><\/div>\n\n\n\n    <!-- DEFAULT PRICING  -->\n    \n\n\n\n<div style=\"height:0px\" aria-hidden=\"true\" class=\"wp-block-spacer\"><\/div>\n\n\n<div class=\"flex self-center w-full max-w-[830px]\">\n      <h2 class=\"title-text-2 font-bold xl:mb-4 mb-3 text-5 leading-6\">Jak dzia\u0142a Chromebook<\/h2>\n  <\/div>\n\n\n<div class=\"max-w-[830px] flex self-center w-full\">\n    <div class=\"flex py-2 flex-col gap-3\">\n      <p>Chromebooki zosta\u0142y zaprojektowane do wsp\u00f3\u0142pracy z us\u0142ugami internetowymi za po\u015brednictwem przegl\u0105darki Google Chrome, \u0142\u0105cz\u0105c si\u0119 z nimi za po\u015brednictwem sieci lokalnej. G\u0142\u00f3wn\u0105 ide\u0105 jest to, \u017ce instalowanie aplikacji na samym urz\u0105dzeniu nie jest wymagane, poniewa\u017c wszystkie niezb\u0119dne narz\u0119dzia s\u0105 pobierane z internetu. Pami\u0119\u0107 lokalna s\u0142u\u017cy do buforowania tylko niewielkiej cz\u0119\u015bci danych, co pozwala na szybsze od\u015bwie\u017canie stron internetowych i aplikacji.<\/p>\n<p>Dane u\u017cytkownika s\u0105 zazwyczaj przechowywane w chmurze. Pliki, dokumenty i multimedia s\u0105 automatycznie pobierane i przechowywane na Dysku Google, kt\u00f3ry jest synchronizowany z kontem Google. Dzi\u0119ki temu mo\u017cesz uzyska\u0107 dost\u0119p do swoich plik\u00f3w z dowolnego urz\u0105dzenia przez internet, po prostu loguj\u0105c si\u0119 na swoje konto Google.<\/p>\n<p>Pocz\u0105tkowo system operacyjny Chrome OS zosta\u0142 stworzony do pracy wy\u0142\u0105cznie w trybie online, ale p\u00f3\u017aniej tw\u00f3rcy dodali mo\u017cliwo\u015b\u0107 instalowania aplikacji na Androida, kt\u00f3re mog\u0105 dzia\u0142a\u0107 offline.<\/p>\n    <\/div>\n<\/div>\n\n\n<div style=\"height:16px\" aria-hidden=\"true\" class=\"wp-block-spacer\"><\/div>\n\n\n<div class=\"flex self-center w-full max-w-[830px]\">\n      <h2 class=\"title-text-2 font-bold xl:mb-4 mb-3 text-5 leading-6\">Dlaczego warto kupi\u0107 Chromebooka: najwa\u017cniejsze cechy urz\u0105dzenia<\/h2>\n  <\/div>\n\n\n<div class=\"container\">\n    <div class=\"md:rounded-4 2xl:pt-11 md:py-11 pt-4 flex flex-col gap-6 justify-center\"\n         style=\"background-color: \">\n        <div class=\"max-w-[830px] flex self-center w-full\">\n            <div class=\"rounded-4\">\n                                                                    <ul class=\"flex flex-col gap-3\">\n                                                                            <li class=\"flex items-center gap-3\">\n                <span\n                        class=\"rounded-full bg-green w-[44px] h-[44px] text-white flex justify-center items-center aspect-square\">1<\/span>\n                                <span>System operacyjny Chrome OS, na kt\u00f3rym dzia\u0142aj\u0105 Chromebooki, oferuje kilka interesuj\u0105cych funkcji. Jedn\u0105 z nich jest mened\u017cer plik\u00f3w i aplikacja do uruchamiania aplikacji do pobrania. Cho\u0107 mo\u017ce si\u0119 to wydawa\u0107 ograniczeniem, w rzeczywisto\u015bci wi\u0119kszo\u015b\u0107 popularnych aplikacji ma ju\u017c wersje internetowe (Netflix, Spotify, Evernote itp.). Chromebooki \u015bwietnie si\u0119 do tego nadaj\u0105, poniewa\u017c g\u0142\u00f3wnym wymaganiem jest dost\u0119p do internetu, a wi\u0119kszo\u015b\u0107 zada\u0144 wykonuje si\u0119 za po\u015brednictwem przegl\u0105darki.<\/span>\n                            <\/li>\n                                                                                <li class=\"flex items-center gap-3\">\n                <span\n                        class=\"rounded-full bg-green w-[44px] h-[44px] text-white flex justify-center items-center aspect-square\">2<\/span>\n                                <span>Jedn\u0105 z najwi\u0119kszych zalet jest obs\u0142uga oprogramowania Linux. Otwiera to mo\u017cliwo\u015b\u0107 instalacji aplikacji desktopowych, takich jak OBS Studio, GIMP, Audacity, Steam, Firefox i wielu innych. Przed ich instalacj\u0105 warto sprawdzi\u0107, czy program posiada wersj\u0119 dla systemu Linux, aby upewni\u0107 si\u0119, \u017ce b\u0119dzie dzia\u0142a\u0142 poprawnie na Twoim urz\u0105dzeniu.<\/span>\n                            <\/li>\n                                                                                <li class=\"flex items-center gap-3\">\n                <span\n                        class=\"rounded-full bg-green w-[44px] h-[44px] text-white flex justify-center items-center aspect-square\">3<\/span>\n                                <span>Konsola administracyjna umo\u017cliwia zarz\u0105dzanie ustawieniami urz\u0105dze\u0144 z systemem ChromeOS, takich jak Chromebooki, Chromeboxy i Chromebity. Umo\u017cliwia ona instalowanie aplikacji i rozszerze\u0144, \u0142\u0105czenie urz\u0105dze\u0144 z sieciami VPN i Wi-Fi oraz zarz\u0105dzanie innymi funkcjami Chrome. Je\u015bli masz ju\u017c dost\u0119p do Konsoli administracyjnej za po\u015brednictwem us\u0142ug takich jak Google Workspace, mo\u017cesz od razu aktywowa\u0107 wersj\u0119 pr\u00f3bn\u0105 aktualizacji Chrome Enterprise. Tryb pr\u00f3bny jest dost\u0119pny dla os\u00f3b, kt\u00f3re wcze\u015bniej nie korzysta\u0142y z Konsoli. U\u017cytkownik\u00f3w Google Workspace for Education zach\u0119camy do kontaktu z przedstawicielem handlowym lub partnerem w celu skorzystania z wersji pr\u00f3bnej.<\/span>\n                            <\/li>\n                                                                                <li class=\"flex items-center gap-3\">\n                <span\n                        class=\"rounded-full bg-green w-[44px] h-[44px] text-white flex justify-center items-center aspect-square\">4<\/span>\n                                <span>Dodatkowo, Konsola Administracyjna umo\u017cliwia bezp\u0142atne zarz\u0105dzanie przegl\u0105darkami Chrome na urz\u0105dzeniach z systemami Windows, Mac, Linux, iPhone, iPad i Android. Umo\u017cliwia to dost\u0119p do raport\u00f3w dotycz\u0105cych u\u017cytkowania w r\u00f3\u017cnych wersjach przegl\u0105darek, przegl\u0105danie zainstalowanych aplikacji i rozszerze\u0144 oraz kontrolowanie stosowania zasad i ustawie\u0144.<\/span>\n                            <\/li>\n                                                                                <li class=\"flex items-center gap-3\">\n                <span\n                        class=\"rounded-full bg-green w-[44px] h-[44px] text-white flex justify-center items-center aspect-square\">5<\/span>\n                                <span>Chromebooki oferuj\u0105 r\u00f3wnie\u017c graczom kilka interesuj\u0105cych opcji. Mo\u017cna instalowa\u0107 gry na Androida lub subskrybowa\u0107 us\u0142ugi streamingowe, takie jak Google Stadia. Warto jednak zauwa\u017cy\u0107, \u017ce opcje dla graczy s\u0105 ograniczone w por\u00f3wnaniu z innymi platformami.<\/span>\n                            <\/li>\n                                                                        <\/ul>\n                                \n            <\/div>\n        <\/div>\n            <\/div>\n<\/div>","protected":false},"excerpt":{"rendered":"","protected":false},"author":1,"featured_media":0,"parent":0,"menu_order":0,"comment_status":"closed","ping_status":"closed","template":"page-templates\/device.php","meta":{"_acf_changed":false,"footnotes":""},"class_list":["post-2390","page","type-page","status-publish","hentry"],"acf":[],"yoast_head":"<!-- This site is optimized with the Yoast SEO plugin v26.8 - https:\/\/yoast.com\/product\/yoast-seo-wordpress\/ -->\n<title>Chromebook - mcCloud<\/title>\n<meta name=\"robots\" content=\"index, follow, max-snippet:-1, max-image-preview:large, max-video-preview:-1\" \/>\n<link rel=\"canonical\" href=\"https:\/\/mccloud.global\/pl\/chromebook\/\" \/>\n<meta property=\"og:locale\" content=\"pl_PL\" \/>\n<meta property=\"og:type\" content=\"article\" \/>\n<meta property=\"og:title\" content=\"Chromebook - mcCloud\" \/>\n<meta property=\"og:url\" content=\"https:\/\/mccloud.global\/pl\/chromebook\/\" \/>\n<meta property=\"og:site_name\" content=\"mcCloud\" \/>\n<meta property=\"article:modified_time\" content=\"2025-09-11T10:55:49+00:00\" \/>\n<meta name=\"twitter:card\" content=\"summary_large_image\" \/>\n<!-- \/ Yoast SEO plugin. -->","yoast_head_json":{"title":"Chromebook - mcCloud","robots":{"index":"index","follow":"follow","max-snippet":"max-snippet:-1","max-image-preview":"max-image-preview:large","max-video-preview":"max-video-preview:-1"},"canonical":"https:\/\/mccloud.global\/pl\/chromebook\/","og_locale":"pl_PL","og_type":"article","og_title":"Chromebook - mcCloud","og_url":"https:\/\/mccloud.global\/pl\/chromebook\/","og_site_name":"mcCloud","article_modified_time":"2025-09-11T10:55:49+00:00","twitter_card":"summary_large_image","schema":{"@context":"https:\/\/schema.org","@graph":[{"@type":"WebPage","@id":"https:\/\/mccloud.global\/pl\/chromebook\/","url":"https:\/\/mccloud.global\/pl\/chromebook\/","name":"Chromebook - mcCloud","isPartOf":{"@id":"https:\/\/mccloud.global\/pl\/#website"},"datePublished":"2024-11-10T14:05:46+00:00","dateModified":"2025-09-11T10:55:49+00:00","inLanguage":"pl-PL","potentialAction":[{"@type":"ReadAction","target":["https:\/\/mccloud.global\/pl\/chromebook\/"]}]},{"@type":"WebSite","@id":"https:\/\/mccloud.global\/pl\/#website","url":"https:\/\/mccloud.global\/pl\/","name":"mcCloud","description":"","potentialAction":[{"@type":"SearchAction","target":{"@type":"EntryPoint","urlTemplate":"https:\/\/mccloud.global\/pl\/?s={search_term_string}"},"query-input":{"@type":"PropertyValueSpecification","valueRequired":true,"valueName":"search_term_string"}}],"inLanguage":"pl-PL"}]}},"_links":{"self":[{"href":"https:\/\/mccloud.global\/pl\/wp-json\/wp\/v2\/pages\/2390","targetHints":{"allow":["GET"]}}],"collection":[{"href":"https:\/\/mccloud.global\/pl\/wp-json\/wp\/v2\/pages"}],"about":[{"href":"https:\/\/mccloud.global\/pl\/wp-json\/wp\/v2\/types\/page"}],"author":[{"embeddable":true,"href":"https:\/\/mccloud.global\/pl\/wp-json\/wp\/v2\/users\/1"}],"replies":[{"embeddable":true,"href":"https:\/\/mccloud.global\/pl\/wp-json\/wp\/v2\/comments?post=2390"}],"version-history":[{"count":51,"href":"https:\/\/mccloud.global\/pl\/wp-json\/wp\/v2\/pages\/2390\/revisions"}],"predecessor-version":[{"id":3376,"href":"https:\/\/mccloud.global\/pl\/wp-json\/wp\/v2\/pages\/2390\/revisions\/3376"}],"wp:attachment":[{"href":"https:\/\/mccloud.global\/pl\/wp-json\/wp\/v2\/media?parent=2390"}],"curies":[{"name":"wp","href":"https:\/\/api.w.org\/{rel}","templated":true}]}}