{"id":2503,"date":"2024-11-13T11:24:26","date_gmt":"2024-11-13T08:24:26","guid":{"rendered":"https:\/\/mccloud.global\/pl\/?page_id=2503"},"modified":"2025-10-06T13:45:59","modified_gmt":"2025-10-06T10:45:59","slug":"monoblok","status":"publish","type":"page","link":"https:\/\/mccloud.global\/pl\/monoblok\/","title":{"rendered":"Monoblok"},"content":{"rendered":"<div class=\"flex self-center w-full max-w-[830px]\">\n      <h2 class=\"title-text-2 font-bold xl:mb-4 mb-3 text-5 leading-6\">Cechy komputera typu \u201ewszystko w jednym\u201d<\/h2>\n  <\/div>\n\n\n<div class=\"max-w-[830px] flex self-center w-full\">\n    <div class=\"flex py-2 flex-col gap-3\">\n      <p>Monoblok to pe\u0142noprawny komputer, kt\u00f3ry wygl\u0105da jak zwyk\u0142y monitor LCD, ale nie wymaga oddzielnej jednostki centralnej, poniewa\u017c wszystkie podzespo\u0142y s\u0105 wbudowane w obudow\u0119 wy\u015bwietlacza. Technologia ta zyskuje coraz wi\u0119ksz\u0105 popularno\u015b\u0107 ze wzgl\u0119du na swoj\u0105 kompaktowo\u015b\u0107 i brak zb\u0119dnych przewod\u00f3w. Doskonale sprawdza si\u0119 zar\u00f3wno w pracy, jak i rozrywce: ogl\u0105daniu film\u00f3w czy grach wideo. Niekt\u00f3re modele s\u0105 wyposa\u017cone w ekrany dotykowe, cho\u0107 ich cena jest wy\u017csza.<\/p>\n<p>Produkcja monoblok\u00f3w opiera si\u0119 na technologii laptop\u00f3w, ale nie s\u0105 one tak mobilne i wymagaj\u0105 sta\u0142ego po\u0142\u0105czenia z sieci\u0105. Mimo to monobloki wyr\u00f3\u017cniaj\u0105 si\u0119 prost\u0105 konstrukcj\u0105: wszystkie g\u0142\u00f3wne podzespo\u0142y, takie jak dysk twardy, p\u0142yta g\u0142\u00f3wna i uk\u0142ad ch\u0142odzenia, umieszczone s\u0105 w obudowie monitora lub kompaktowej podstawce. Grubo\u015b\u0107 urz\u0105dzenia jest zazwyczaj nieznacznie wi\u0119ksza ni\u017c w przypadku zwyk\u0142ego monitora.<\/p>\n<p>Wi\u0119kszo\u015b\u0107 modeli posiada wbudowane g\u0142o\u015bniki, wystarczaj\u0105ce do u\u017cytku domowego lub biurowego, a wysokiej jako\u015bci matryce wy\u015bwietlacza chroni\u0105 oczy przed zm\u0119czeniem. Urz\u0105dzenie jest r\u00f3wnie\u017c wyposa\u017cone w szereg port\u00f3w do pod\u0142\u0105czania dodatkowych urz\u0105dze\u0144.<\/p>\n<p>Komputery typu \u201ewszystko w jednym\u201d s\u0105 idealne dla u\u017cytkownik\u00f3w, kt\u00f3rzy potrzebuj\u0105 stylowego i kompaktowego komputera do pracy i rozrywki.<\/p>\n    <\/div>\n<\/div>\n\n<div class=\"flex self-center w-full max-w-[830px]\">\n      <h2 class=\"title-text-2 font-bold xl:mb-4 mb-3 text-5 leading-6\">Rodzaje sprz\u0119tu<\/h2>\n  <\/div>\n\n\n<div class=\"max-w-[830px] flex self-center w-full\">\n    <div class=\"flex py-2 flex-col gap-3\">\n      <p>Obecnie producenci oferuj\u0105 r\u00f3\u017cnorodne modele urz\u0105dze\u0144 ukierunkowanych na konkretne zadania. Mo\u017cna wi\u0119c kupi\u0107 monoblok nast\u0119puj\u0105cych typ\u00f3w:<\/p>\n    <\/div>\n<\/div>\n\n\n<div class=\"container\">\n    <div class=\"md:rounded-4 2xl:pt-11 pt-4 flex flex-col gap-6 items-center \"\n         style=\"background-color: \">\n\t\t\t\n\t\t\t\n        <div class=\"arrows-container my-4 flex flex-row justify-end rounded-2 w-full gap-2 lg:hidden max-w-[830px]\">\n            <div class='adv-arrow-prev arrow-button-container bg-white py-2 px-3 rounded-2 cursor-pointer'>\n                <img src='https:\/\/mccloud.global\/pl\/wp-content\/themes\/mccloud-new\/assets\/image\/chevron-left.svg' alt='prev'>\n            <\/div>\n            <div class='adv-arrow-next arrow-button-container bg-white py-2 px-3 rounded-2 cursor-pointer'>\n                <img src='https:\/\/mccloud.global\/pl\/wp-content\/themes\/mccloud-new\/assets\/image\/chevron-right.svg' alt='next'>\n            <\/div>\n        <\/div>\n\n        <div class=\"w-full \">\n            <div class=\"advantages-slider lg:grid lg:grid-cols-3 lg:gap-4 w-full\">\n\t\t\t\t\t\t\t\n\t\t\t\t\t\t\t                <div                  class=\"advantages-slider-item border border-customlightGray p-4 rounded-4 flex flex-col transition-all\n                hover:shadow-lg hover:no-underline group\"\n                style=\"background-color: #ffffff\">\n\t\t\t\t\t\t\t\n\t\t\t\t\t\t\t                  <img src='https:\/\/mccloud.global\/pl\/wp-content\/uploads\/2024\/11\/product-icon-4.svg' alt='icon' class='svg-icon-60'>\n\t\t\t\t\t\t\t\t\t\t\t\t\t\t\n\t\t\t\t\t\t\t\n                <p class=\"advantages-slider--heading text-[18px] leading-5 font-bold mb-3 mt-6 text-black group-hover:text-success transition-colors\">\n\t\t\t\t\t\t\t\t\tDo biura                <\/p>\n\n                <p class=\"text-gray leading-4\">\n\t\t\t\t\t\t\t\t\tModele te charakteryzuj\u0105 si\u0119 zwi\u0119kszon\u0105 moc\u0105 i niezawodno\u015bci\u0105. S\u0105 szczeg\u00f3lnie polecane projektantom, poniewa\u017c du\u017cy ekran pozwala na precyzyjn\u0105 prac\u0119 nad projektami. Monitory te s\u0105 r\u00f3wnie\u017c wykorzystywane do edycji wideo.                <\/p>\n\n            <\/div>\n\t\t\t\t\t                <div                  class=\"advantages-slider-item border border-customlightGray p-4 rounded-4 flex flex-col transition-all\n                hover:shadow-lg hover:no-underline group\"\n                style=\"background-color: #ffffff\">\n\t\t\t\t\t\t\t\n\t\t\t\t\t\t\t                  <img src='https:\/\/mccloud.global\/pl\/wp-content\/uploads\/2024\/11\/product-icon-3-1.svg' alt='icon' class='svg-icon-60'>\n\t\t\t\t\t\t\t\t\t\t\t\t\t\t\n\t\t\t\t\t\t\t\n                <p class=\"advantages-slider--heading text-[18px] leading-5 font-bold mb-3 mt-6 text-black group-hover:text-success transition-colors\">\n\t\t\t\t\t\t\t\t\tDo domu                <\/p>\n\n                <p class=\"text-gray leading-4\">\n\t\t\t\t\t\t\t\t\tZazwyczaj s\u0105 wyposa\u017cone w du\u017ce ekrany, co czyni je doskona\u0142ym wyborem do stworzenia kina domowego. Mo\u017cliwo\u015b\u0107 pod\u0142\u0105czenia wysokiej jako\u015bci systemu g\u0142o\u015bnik\u00f3w tylko pot\u0119guje ten efekt.                <\/p>\n\n            <\/div>\n\t\t\t\t\t                <div                  class=\"advantages-slider-item border border-customlightGray p-4 rounded-4 flex flex-col transition-all\n                hover:shadow-lg hover:no-underline group\"\n                style=\"background-color: #ffffff\">\n\t\t\t\t\t\t\t\n\t\t\t\t\t\t\t                  <img src='https:\/\/mccloud.global\/pl\/wp-content\/uploads\/2024\/11\/product-icon-2-1.svg' alt='icon' class='svg-icon-60'>\n\t\t\t\t\t\t\t\t\t\t\t\t\t\t\n\t\t\t\t\t\t\t\n                <p class=\"advantages-slider--heading text-[18px] leading-5 font-bold mb-3 mt-6 text-black group-hover:text-success transition-colors\">\n\t\t\t\t\t\t\t\t\tZ elementami laptopa                <\/p>\n\n                <p class=\"text-gray leading-4\">\n\t\t\t\t\t\t\t\t\tTakie modele nie ust\u0119puj\u0105 wydajno\u015bci\u0105 nie tylko laptopom, ale i komputerom stacjonarnym \u015bredniej mocy.                <\/p>\n\n            <\/div>\n\t\t\t\t\t                <div                  class=\"advantages-slider-item border border-customlightGray p-4 rounded-4 flex flex-col transition-all\n                hover:shadow-lg hover:no-underline group\"\n                style=\"background-color: #ffffff\">\n\t\t\t\t\t\t\t\n\t\t\t\t\t\t\t                  <img src='https:\/\/mccloud.global\/pl\/wp-content\/uploads\/2024\/11\/product-icon-5.svg' alt='icon' class='svg-icon-60'>\n\t\t\t\t\t\t\t\t\t\t\t\t\t\t\n\t\t\t\t\t\t\t\n                <p class=\"advantages-slider--heading text-[18px] leading-5 font-bold mb-3 mt-6 text-black group-hover:text-success transition-colors\">\n\t\t\t\t\t\t\t\t\tZ ekranem dotykowym                <\/p>\n\n                <p class=\"text-gray leading-4\">\n\t\t\t\t\t\t\t\t\tIstniej\u0105 trzy g\u0142\u00f3wne rodzaje ekran\u00f3w dotykowych: pojemno\u015bciowe, powierzchniowo-pojemno\u015bciowe i rezystancyjne.                <\/p>\n\n            <\/div>\n\t\t\t\t\t\n        <\/div>\n    <\/div>\n\n<\/div>\n<\/div>\n\n<\/div>\n\n<script>\n\t(function () {\n\t\tfunction animateCounter(el, target, decimals, duration) {\n\t\t\tvar start = null;\n\n\t\t\tfunction step(timestamp) {\n\t\t\t\tif (!start) start = timestamp;\n\t\t\t\tvar progress = Math.min((timestamp - start) \/ duration, 1);\n\t\t\t\tvar eased = 1 - Math.pow(1 - progress, 3);\n\t\t\t\tel.textContent = (target * eased).toFixed(decimals);\n\t\t\t\tif (progress < 1) {\n\t\t\t\t\trequestAnimationFrame(step);\n\t\t\t\t} else {\n\t\t\t\t\tel.textContent = target.toFixed(decimals);\n\t\t\t\t}\n\t\t\t}\n\n\t\t\trequestAnimationFrame(step);\n\t\t}\n\n\t\tvar counters = document.querySelectorAll('.cib-counter[data-target]');\n\t\tif (!counters.length) return;\n\n\t\tvar observer = new IntersectionObserver(function (entries, obs) {\n\t\t\tentries.forEach(function (entry) {\n\t\t\t\tif (entry.isIntersecting) {\n\t\t\t\t\tvar el = entry.target;\n\t\t\t\t\tvar target = parseFloat(el.dataset.target);\n\t\t\t\t\tvar decimals = parseInt(el.dataset.decimals, 10) || 0;\n\t\t\t\t\tanimateCounter(el, target, decimals, 1800);\n\t\t\t\t\tobs.unobserve(el);\n\t\t\t\t}\n\t\t\t});\n\t\t}, {threshold: 0.3});\n\n\t\tcounters.forEach(function (el) {\n\t\t\tobserver.observe(el);\n\t\t});\n\t}());\n<\/script>\n\n<div class=\"max-w-[830px] flex self-center w-full\">\n    <div class=\"pl-3 border-l-4 border-green flex py-2 flex-col gap-3\">\n      <p>Komputery typu \u201ewszystko w jednym\u201d zazwyczaj maj\u0105 system operacyjny Windows. Wydajno\u015b\u0107 procesora zale\u017cy r\u00f3wnie\u017c od wybranego modelu: w prostszych urz\u0105dzeniach b\u0119dzie on mniej wydajny, natomiast w wersjach gamingowych wykorzystywane s\u0105 opcje o najwy\u017cszej wydajno\u015bci.<\/p>\n    <\/div>\n<\/div>\n\n<div class=\"flex self-center w-full max-w-[830px]\">\n      <h2 class=\"title-text-2 font-bold xl:mb-4 mb-3 text-5 leading-6\">Dlaczego warto wybra\u0107 monoblok?<\/h2>\n  <\/div>\n\n\n<div class=\"max-w-[830px] flex self-center w-full\">\n    <div class=\"flex py-2 flex-col gap-3\">\n      <p>Opr\u00f3cz kompaktowo\u015bci urz\u0105dzenia te posiadaj\u0105 r\u00f3wnie\u017c inne zalety:<\/p>\n    <\/div>\n<\/div>\n\n<div class=\"container\">\n    <div class=\"md:rounded-4 2xl:pt-11 md:py-11 pt-4 flex flex-col gap-6 justify-center\"\n         style=\"background-color: \">\n        <div class=\"max-w-[830px] flex self-center w-full\">\n            <div class=\"rounded-4\">\n                                                                    <ul class=\"flex flex-col gap-3\">\n                                                                            <li class=\"flex items-center gap-3\">\n                <span\n                        class=\"rounded-full bg-green w-[44px] h-[44px] text-white flex justify-center items-center aspect-square\">1<\/span>\n                                <span>Ch\u0142odzenie. Komputery typu \u201ewszystko w jednym\u201d maj\u0105 lepszy system ch\u0142odzenia ni\u017c laptopy, dzi\u0119ki czemu nie przegrzewaj\u0105 si\u0119 pod normalnym obci\u0105\u017ceniem. Jednak w niekt\u00f3rych przypadkach mo\u017ce by\u0107 konieczne dodatkowe ch\u0142odzenie.<\/span>\n                            <\/li>\n                                                                                <li class=\"flex items-center gap-3\">\n                <span\n                        class=\"rounded-full bg-green w-[44px] h-[44px] text-white flex justify-center items-center aspect-square\">2<\/span>\n                                <span>Cicha praca. Monobloki pracuj\u0105 niemal bezg\u0142o\u015bnie, zw\u0142aszcza w por\u00f3wnaniu z jednostkami systemowymi. Jest to mo\u017cliwe dzi\u0119ki specjalnemu systemowi ch\u0142odzenia, podobnemu do tego w laptopie.<\/span>\n                            <\/li>\n                                                                                <li class=\"flex items-center gap-3\">\n                <span\n                        class=\"rounded-full bg-green w-[44px] h-[44px] text-white flex justify-center items-center aspect-square\">3<\/span>\n                                <span>Ekran. Komputery typu \u201ewszystko w jednym\u201d s\u0105 wyposa\u017cone w du\u017cy wy\u015bwietlacz, dzi\u0119ki czemu idealnie nadaj\u0105 si\u0119 do ogl\u0105dania film\u00f3w, grania w gry i prowadzenia prezentacji.<\/span>\n                            <\/li>\n                                                                                <li class=\"flex items-center gap-3\">\n                <span\n                        class=\"rounded-full bg-green w-[44px] h-[44px] text-white flex justify-center items-center aspect-square\">4<\/span>\n                                <span>Wbudowany system audio. Jako\u015b\u0107 d\u017awi\u0119ku zapewnia komfortowe warunki podczas ogl\u0105dania film\u00f3w i grania w gry.<\/span>\n                            <\/li>\n                                                                                <li class=\"flex items-center gap-3\">\n                <span\n                        class=\"rounded-full bg-green w-[44px] h-[44px] text-white flex justify-center items-center aspect-square\">5<\/span>\n                                <span>Modu\u0142 Wi-Fi. Monobloki wyposa\u017cone s\u0105 we wbudowany modu\u0142 Wi-Fi, kt\u00f3ry umo\u017cliwia \u0142atwe po\u0142\u0105czenie z internetem bez u\u017cycia kabli.<\/span>\n                            <\/li>\n                                                                                <li class=\"flex items-center gap-3\">\n                <span\n                        class=\"rounded-full bg-green w-[44px] h-[44px] text-white flex justify-center items-center aspect-square\">6<\/span>\n                                <span>Wystarczaj\u0105ca liczba z\u0142\u0105czy. Pozwala to na pod\u0142\u0105czenie wielu urz\u0105dze\u0144 dodatkowych.<\/span>\n                            <\/li>\n                                                                                <li class=\"flex items-center gap-3\">\n                <span\n                        class=\"rounded-full bg-green w-[44px] h-[44px] text-white flex justify-center items-center aspect-square\">7<\/span>\n                                <span>Minimum kabli. W przeciwie\u0144stwie do komputer\u00f3w stacjonarnych, komputery typu \u201ewszystko w jednym\u201d nie wymagaj\u0105 du\u017cej liczby kabli.<\/span>\n                            <\/li>\n                                                                        <\/ul>\n                                \n            <\/div>\n        <\/div>\n            <\/div>\n<\/div>\n\n<div class=\"max-w-[830px] flex self-center w-full\">\n    <div class=\"pl-3 border-l-4 border-green flex py-2 flex-col gap-3\">\n      <p>Mo\u017cesz kupi\u0107 monoblok na Ukrainie w korzystnych cenach w naszej firmie, dzwoni\u0105c lub pisz\u0105c do chatbota, aby dowiedzie\u0107 si\u0119 o dost\u0119pno\u015bci modeli. W asortymencie znajdziesz wiele opcji r\u00f3\u017cnych marek, co pozwoli Ci wybra\u0107 optymalny model, kt\u00f3ry spe\u0142ni Twoje potrzeby.<\/p>\n    <\/div>\n<\/div>","protected":false},"excerpt":{"rendered":"","protected":false},"author":1,"featured_media":0,"parent":0,"menu_order":0,"comment_status":"closed","ping_status":"closed","template":"page-templates\/device.php","meta":{"_acf_changed":false,"footnotes":""},"class_list":["post-2503","page","type-page","status-publish","hentry"],"acf":[],"yoast_head":"<!-- This site is optimized with the Yoast SEO plugin v26.8 - https:\/\/yoast.com\/product\/yoast-seo-wordpress\/ -->\n<title>Innowacyjne komputery typu \u201ewszystko w jednym\u201d mcCloud do pracy i rozrywki<\/title>\n<meta name=\"description\" content=\"Komputery typu \u201ewszystko w jednym\u201d mcCloud to kompaktowe i stylowe komputery, kt\u00f3re \u0142\u0105cz\u0105 wysok\u0105 wydajno\u015b\u0107 i wygod\u0119. Wbudowane podzespo\u0142y, du\u017cy ekran, niski poziom ha\u0142asu i oszcz\u0119dno\u015b\u0107 miejsca. Idealne do domu i biura. Wybierz model, kt\u00f3ry najlepiej odpowiada Twoim potrzebom!\" \/>\n<meta name=\"robots\" content=\"index, follow, max-snippet:-1, max-image-preview:large, max-video-preview:-1\" \/>\n<link rel=\"canonical\" href=\"https:\/\/mccloud.global\/pl\/monoblok\/\" \/>\n<meta property=\"og:locale\" content=\"pl_PL\" \/>\n<meta property=\"og:type\" content=\"article\" \/>\n<meta property=\"og:title\" content=\"Innowacyjne komputery typu \u201ewszystko w jednym\u201d mcCloud do pracy i rozrywki\" \/>\n<meta property=\"og:description\" content=\"Komputery typu \u201ewszystko w jednym\u201d mcCloud to kompaktowe i stylowe komputery, kt\u00f3re \u0142\u0105cz\u0105 wysok\u0105 wydajno\u015b\u0107 i wygod\u0119. Wbudowane podzespo\u0142y, du\u017cy ekran, niski poziom ha\u0142asu i oszcz\u0119dno\u015b\u0107 miejsca. Idealne do domu i biura. Wybierz model, kt\u00f3ry najlepiej odpowiada Twoim potrzebom!\" \/>\n<meta property=\"og:url\" content=\"https:\/\/mccloud.global\/pl\/monoblok\/\" \/>\n<meta property=\"og:site_name\" content=\"mcCloud\" \/>\n<meta property=\"article:modified_time\" content=\"2025-10-06T10:45:59+00:00\" \/>\n<meta name=\"twitter:card\" content=\"summary_large_image\" \/>\n<!-- \/ Yoast SEO plugin. -->","yoast_head_json":{"title":"Innowacyjne komputery typu \u201ewszystko w jednym\u201d mcCloud do pracy i rozrywki","description":"Komputery typu \u201ewszystko w jednym\u201d mcCloud to kompaktowe i stylowe komputery, kt\u00f3re \u0142\u0105cz\u0105 wysok\u0105 wydajno\u015b\u0107 i wygod\u0119. Wbudowane podzespo\u0142y, du\u017cy ekran, niski poziom ha\u0142asu i oszcz\u0119dno\u015b\u0107 miejsca. Idealne do domu i biura. Wybierz model, kt\u00f3ry najlepiej odpowiada Twoim potrzebom!","robots":{"index":"index","follow":"follow","max-snippet":"max-snippet:-1","max-image-preview":"max-image-preview:large","max-video-preview":"max-video-preview:-1"},"canonical":"https:\/\/mccloud.global\/pl\/monoblok\/","og_locale":"pl_PL","og_type":"article","og_title":"Innowacyjne komputery typu \u201ewszystko w jednym\u201d mcCloud do pracy i rozrywki","og_description":"Komputery typu \u201ewszystko w jednym\u201d mcCloud to kompaktowe i stylowe komputery, kt\u00f3re \u0142\u0105cz\u0105 wysok\u0105 wydajno\u015b\u0107 i wygod\u0119. Wbudowane podzespo\u0142y, du\u017cy ekran, niski poziom ha\u0142asu i oszcz\u0119dno\u015b\u0107 miejsca. Idealne do domu i biura. Wybierz model, kt\u00f3ry najlepiej odpowiada Twoim potrzebom!","og_url":"https:\/\/mccloud.global\/pl\/monoblok\/","og_site_name":"mcCloud","article_modified_time":"2025-10-06T10:45:59+00:00","twitter_card":"summary_large_image","schema":{"@context":"https:\/\/schema.org","@graph":[{"@type":"WebPage","@id":"https:\/\/mccloud.global\/pl\/monoblok\/","url":"https:\/\/mccloud.global\/pl\/monoblok\/","name":"Innowacyjne komputery typu \u201ewszystko w jednym\u201d mcCloud do pracy i rozrywki","isPartOf":{"@id":"https:\/\/mccloud.global\/pl\/#website"},"datePublished":"2024-11-13T08:24:26+00:00","dateModified":"2025-10-06T10:45:59+00:00","description":"Komputery typu \u201ewszystko w jednym\u201d mcCloud to kompaktowe i stylowe komputery, kt\u00f3re \u0142\u0105cz\u0105 wysok\u0105 wydajno\u015b\u0107 i wygod\u0119. Wbudowane podzespo\u0142y, du\u017cy ekran, niski poziom ha\u0142asu i oszcz\u0119dno\u015b\u0107 miejsca. Idealne do domu i biura. Wybierz model, kt\u00f3ry najlepiej odpowiada Twoim potrzebom!","inLanguage":"pl-PL","potentialAction":[{"@type":"ReadAction","target":["https:\/\/mccloud.global\/pl\/monoblok\/"]}]},{"@type":"WebSite","@id":"https:\/\/mccloud.global\/pl\/#website","url":"https:\/\/mccloud.global\/pl\/","name":"mcCloud","description":"","potentialAction":[{"@type":"SearchAction","target":{"@type":"EntryPoint","urlTemplate":"https:\/\/mccloud.global\/pl\/?s={search_term_string}"},"query-input":{"@type":"PropertyValueSpecification","valueRequired":true,"valueName":"search_term_string"}}],"inLanguage":"pl-PL"}]}},"_links":{"self":[{"href":"https:\/\/mccloud.global\/pl\/wp-json\/wp\/v2\/pages\/2503","targetHints":{"allow":["GET"]}}],"collection":[{"href":"https:\/\/mccloud.global\/pl\/wp-json\/wp\/v2\/pages"}],"about":[{"href":"https:\/\/mccloud.global\/pl\/wp-json\/wp\/v2\/types\/page"}],"author":[{"embeddable":true,"href":"https:\/\/mccloud.global\/pl\/wp-json\/wp\/v2\/users\/1"}],"replies":[{"embeddable":true,"href":"https:\/\/mccloud.global\/pl\/wp-json\/wp\/v2\/comments?post=2503"}],"version-history":[{"count":8,"href":"https:\/\/mccloud.global\/pl\/wp-json\/wp\/v2\/pages\/2503\/revisions"}],"predecessor-version":[{"id":3559,"href":"https:\/\/mccloud.global\/pl\/wp-json\/wp\/v2\/pages\/2503\/revisions\/3559"}],"wp:attachment":[{"href":"https:\/\/mccloud.global\/pl\/wp-json\/wp\/v2\/media?parent=2503"}],"curies":[{"name":"wp","href":"https:\/\/api.w.org\/{rel}","templated":true}]}}