{"id":2569,"date":"2024-11-13T12:35:25","date_gmt":"2024-11-13T09:35:25","guid":{"rendered":"https:\/\/mccloud.global\/pl\/?page_id=2569"},"modified":"2025-12-22T18:14:31","modified_gmt":"2025-12-22T15:14:31","slug":"plans-google-workspace-enterprise","status":"publish","type":"page","link":"https:\/\/mccloud.global\/pl\/plans-google-workspace-enterprise\/","title":{"rendered":"Pakiety Google Workspace Enterprise"},"content":{"rendered":"<div class=\"max-w-[830px] flex self-center w-full\">\n    <div class=\"flex py-2 flex-col gap-3\">\n      <p>Google Workspace Enterprise to pakiet us\u0142ug premium, kt\u00f3ry oferuje zaawansowan\u0105 funkcjonalno\u015b\u0107 i dodatkowe funkcje dla du\u017cych korporacji. Ta wersja zapewnia maksymaln\u0105 produktywno\u015b\u0107, gwarantuje najwy\u017cszy poziom bezpiecze\u0144stwa danych i stwarza optymalne warunki do wsp\u00f3\u0142pracy zespo\u0142owej, spe\u0142niaj\u0105c potrzeby nawet najbardziej wymagaj\u0105cych przedsi\u0119biorstw.<\/p>\n    <\/div>\n<\/div>\n\n<div class=\"flex self-center w-full max-w-[830px]\">\n      <h2 class=\"title-text-2 font-bold xl:mb-4 mb-3 text-5 leading-6\">Google Workspace Business vs Enterprise: Jaka jest r\u00f3\u017cnica mi\u0119dzy pakietami?<\/h2>\n  <\/div>\n\n\n<div class=\"max-w-[830px] flex self-center w-full\">\n    <div class=\"flex py-2 flex-col gap-3\">\n      <p>Google Workspace (dawniej Gsuite) Enterprise i Business to pakiety us\u0142ug Google. Oba s\u0105 przeznaczone do u\u017cytku w \u015brodowisku biznesowym, ale r\u00f3\u017cni\u0105 si\u0119 funkcjonalno\u015bci\u0105 i cen\u0105. Wa\u017cne jest, aby zrozumie\u0107 specyfik\u0119 ka\u017cdej opcji, aby wybra\u0107 t\u0119, kt\u00f3ra najlepiej odpowiada potrzebom Twojej firmy.<\/p>\n    <\/div>\n<\/div>\n\n<div class=\"container\">\n    <div class=\"md:rounded-4 2xl:pt-11 md:py-11 pt-4 flex flex-col gap-6 justify-center\"\n         style=\"background-color: \">\n        <div class=\"max-w-[830px] flex self-center w-full\">\n            <div class=\"rounded-4\">\n                                    <h3 class=\"text-5 mb-6 font-bold\"><p>Przyjrzyjmy si\u0119 g\u0142\u00f3wnym cechom pakiet\u00f3w:<\/p>\n<\/h3>\n                                                                    <ul class=\"flex flex-col gap-3\">\n                                                                            <li class=\"flex items-center gap-3\">\n                <span\n                        class=\"rounded-full bg-green w-[44px] h-[44px] text-white flex justify-center items-center aspect-square\">1<\/span>\n                                <span>Plany Google Workspace Business maj\u0105 limit 300 u\u017cytkownik\u00f3w. Je\u015bli masz wi\u0119cej u\u017cytkownik\u00f3w, rozwa\u017c plany Enterprise. Je\u015bli masz ponad 300 u\u017cytkownik\u00f3w, mo\u017cesz \u0142\u0105czy\u0107 plany Business i Enterprise.<\/span>\n                            <\/li>\n                                                                                <li class=\"flex items-center gap-3\">\n                <span\n                        class=\"rounded-full bg-green w-[44px] h-[44px] text-white flex justify-center items-center aspect-square\">2<\/span>\n                                <span>Plan Google Workspace Business oferuje ograniczon\u0105 przestrze\u0144 dyskow\u0105 (2\u20135 TB na u\u017cytkownika), natomiast plan Enterprise zapewnia nieograniczon\u0105 przestrze\u0144 dyskow\u0105.<\/span>\n                            <\/li>\n                                                                                <li class=\"flex items-center gap-3\">\n                <span\n                        class=\"rounded-full bg-green w-[44px] h-[44px] text-white flex justify-center items-center aspect-square\">3<\/span>\n                                <span>Wersja Business umo\u017cliwia wideokonferencje dla maksymalnie 150\u2013500 os\u00f3b, a wersja Enterprise pozwala na uczestnictwo maksymalnie 500 os\u00f3b i dodatkowo umo\u017cliwia strumieniowanie w obr\u0119bie domeny.<\/span>\n                            <\/li>\n                                                                                <li class=\"flex items-center gap-3\">\n                <span\n                        class=\"rounded-full bg-green w-[44px] h-[44px] text-white flex justify-center items-center aspect-square\">4<\/span>\n                                <span>Wersja Enterprise oferuje bardziej zaawansowane funkcje bezpiecze\u0144stwa, w tym zapobieganie utracie danych (DLP), zaawansowan\u0105 analiz\u0119 bezpiecze\u0144stwa i szyfrowanie wiadomo\u015bci e-mail.<\/span>\n                            <\/li>\n                                                                                <li class=\"flex items-center gap-3\">\n                <span\n                        class=\"rounded-full bg-green w-[44px] h-[44px] text-white flex justify-center items-center aspect-square\">5<\/span>\n                                <span>Wersja Enterprise oferuje funkcj\u0119 Security Sandbox do skanowania w poszukiwaniu z\u0142o\u015bliwych za\u0142\u0105cznik\u00f3w, kt\u00f3ra nie jest dost\u0119pna w wersji Business.<\/span>\n                            <\/li>\n                                                                                <li class=\"flex items-center gap-3\">\n                <span\n                        class=\"rounded-full bg-green w-[44px] h-[44px] text-white flex justify-center items-center aspect-square\">6<\/span>\n                                <span>Ceny pakiet\u00f3w biznesowych wahaj\u0105 si\u0119 od 12 do 18 dolar\u00f3w miesi\u0119cznie za u\u017cytkownika, natomiast ceny pakiet\u00f3w Enterprise s\u0105 zazwyczaj wy\u017csze i zale\u017c\u0105 od potrzeb ka\u017cdego klienta.<\/span>\n                            <\/li>\n                                                                                <li class=\"flex items-center gap-3\">\n                <span\n                        class=\"rounded-full bg-green w-[44px] h-[44px] text-white flex justify-center items-center aspect-square\">7<\/span>\n                                <span>Wersja Enterprise obejmuje zaawansowan\u0105 ochron\u0119 przed phishingiem i z\u0142o\u015bliwym oprogramowaniem.<\/span>\n                            <\/li>\n                                                                                <li class=\"flex items-center gap-3\">\n                <span\n                        class=\"rounded-full bg-green w-[44px] h-[44px] text-white flex justify-center items-center aspect-square\">8<\/span>\n                                <span>Kategoria Business jest bardziej odpowiednia dla ma\u0142ych i \u015brednich przedsi\u0119biorstw, natomiast kategoria Enterprise skierowana jest do du\u017cych firm o wi\u0119kszych wymaganiach.<\/span>\n                            <\/li>\n                                                                                <li class=\"flex items-center gap-3\">\n                <span\n                        class=\"rounded-full bg-green w-[44px] h-[44px] text-white flex justify-center items-center aspect-square\">9<\/span>\n                                <span>Wersja Enterprise oferuje lepsz\u0105 skalowalno\u015b\u0107 w przypadku du\u017cych organizacji.<\/span>\n                            <\/li>\n                                                                                <li class=\"flex items-center gap-3\">\n                <span\n                        class=\"rounded-full bg-green w-[44px] h-[44px] text-white flex justify-center items-center aspect-square\">10<\/span>\n                                <span>W wersji Enterprise dost\u0119pne s\u0105 rozszerzone mo\u017cliwo\u015bci przesy\u0142ania strumieniowego.<\/span>\n                            <\/li>\n                                                                        <\/ul>\n                                \n            <\/div>\n        <\/div>\n            <\/div>\n<\/div>\n\n<div class=\"max-w-[830px] flex self-center w-full\">\n    <div class=\"pl-3 border-l-4 border-green flex py-2 flex-col gap-3\">\n      <p>Warto jednak zauwa\u017cy\u0107, \u017ce oba pakiety zapewniaj\u0105 dost\u0119p do podstawowego zestawu aplikacji Google (Gmail, Dysk, Meet, Kalendarz itp.), ale wersja Enterprise oferuje zaawansowane funkcje niekt\u00f3rych z nich.<\/p>\n    <\/div>\n<\/div>\n\n<div class=\"flex self-center w-full max-w-[830px]\">\n      <h2 class=\"title-text-2 font-bold xl:mb-4 mb-3 text-5 leading-6\">Jakie s\u0105 funkcje us\u0142ugi Google Workspace (Gsuite) Enterprise?<\/h2>\n  <\/div>\n\n\n\n<div class=\"container\">\n    <div class=\"md:rounded-4 2xl:pt-11 pt-4 flex flex-col gap-6 items-center \"\n         style=\"background-color: \">\n\t\t\t\n\t\t\t\n        <div class=\"arrows-container my-4 flex flex-row justify-end rounded-2 w-full gap-2 lg:hidden max-w-[830px]\">\n            <div class='adv-arrow-prev arrow-button-container bg-white py-2 px-3 rounded-2 cursor-pointer'>\n                <img src='https:\/\/mccloud.global\/pl\/wp-content\/themes\/mccloud-new\/assets\/image\/chevron-left.svg' alt='prev'>\n            <\/div>\n            <div class='adv-arrow-next arrow-button-container bg-white py-2 px-3 rounded-2 cursor-pointer'>\n                <img src='https:\/\/mccloud.global\/pl\/wp-content\/themes\/mccloud-new\/assets\/image\/chevron-right.svg' alt='next'>\n            <\/div>\n        <\/div>\n\n        <div class=\"w-full \">\n            <div class=\"advantages-slider lg:grid lg:grid-cols-3 lg:gap-4 w-full\">\n\t\t\t\t\t\t\t\n\t\t\t\t\t\t\t                <div                  class=\"advantages-slider-item border border-customlightGray p-4 rounded-4 flex flex-col transition-all\n                hover:shadow-lg hover:no-underline group\"\n                style=\"background-color: #ffffff\">\n\t\t\t\t\t\t\t\n\t\t\t\t\t\t\t                  <img src='https:\/\/mccloud.global\/pl\/wp-content\/uploads\/2024\/11\/product-icon-11.svg' alt='icon' class='svg-icon-60'>\n\t\t\t\t\t\t\t\t\t\t\t\t\t\t\n\t\t\t\t\t\t\t\n                <p class=\"advantages-slider--heading text-[18px] leading-5 font-bold mb-3 mt-6 text-black group-hover:text-success transition-colors\">\n\t\t\t\t\t\t\t\t\tWzmocniona ochrona danych                <\/p>\n\n                <p class=\"text-gray leading-4\">\n\t\t\t\t\t\t\t\t\tNowoczesne rozwi\u0105zania dla przedsi\u0119biorstw oferuj\u0105 szerok\u0105 gam\u0119 narz\u0119dzi do ochrony danych. Kluczow\u0105 rol\u0119 odgrywa inteligentny system zapobiegania utracie danych, kt\u00f3ry automatycznie skanuje zawarto\u015b\u0107 Dysku Google i Gmaila, blokuj\u0105c przesy\u0142anie poufnych danych, takich jak numery kart kredytowych czy numery ubezpieczenia spo\u0142ecznego. Kompleksowa analiza zagro\u017ce\u0144 jest przeprowadzana za pomoc\u0105 scentralizowanego pulpitu bezpiecze\u0144stwa, kt\u00f3ry dostarcza rekomendacji dotycz\u0105cych eliminacji luk w zabezpieczeniach i optymalizacji ochrony.                <\/p>\n\n            <\/div>\n\t\t\t\t\t                <div                  class=\"advantages-slider-item border border-customlightGray p-4 rounded-4 flex flex-col transition-all\n                hover:shadow-lg hover:no-underline group\"\n                style=\"background-color: #ffffff\">\n\t\t\t\t\t\t\t\n\t\t\t\t\t\t\t                  <img src='https:\/\/mccloud.global\/pl\/wp-content\/uploads\/2024\/11\/product-icon-2-4.svg' alt='icon' class='svg-icon-60'>\n\t\t\t\t\t\t\t\t\t\t\t\t\t\t\n\t\t\t\t\t\t\t\n                <p class=\"advantages-slider--heading text-[18px] leading-5 font-bold mb-3 mt-6 text-black group-hover:text-success transition-colors\">\n\t\t\t\t\t\t\t\t\tIntegracja i przejrzysto\u015b\u0107                <\/p>\n\n                <p class=\"text-gray leading-4\">\n\t\t\t\t\t\t\t\t\tIntegracja z r\u00f3\u017cnymi systemami jest znacznie uproszczona dzi\u0119ki obs\u0142udze protoko\u0142u LDAP, kt\u00f3ra zapewnia \u0142atwe pod\u0142\u0105czanie kompatybilnych aplikacji do infrastruktury Google Workspace. Kolejnym wa\u017cnym aspektem bezpiecze\u0144stwa jest transparentno\u015b\u0107 dzia\u0142a\u0144 pracownik\u00f3w Google, zapewniaj\u0105ca dost\u0119p do szczeg\u00f3\u0142owych log\u00f3w operacji na danych organizacji.                <\/p>\n\n            <\/div>\n\t\t\t\t\t                <div                  class=\"advantages-slider-item border border-customlightGray p-4 rounded-4 flex flex-col transition-all\n                hover:shadow-lg hover:no-underline group\"\n                style=\"background-color: #ffffff\">\n\t\t\t\t\t\t\t\n\t\t\t\t\t\t\t                  <img src='https:\/\/mccloud.global\/pl\/wp-content\/uploads\/2024\/11\/product-icon-3-4.svg' alt='icon' class='svg-icon-60'>\n\t\t\t\t\t\t\t\t\t\t\t\t\t\t\n\t\t\t\t\t\t\t\n                <p class=\"advantages-slider--heading text-[18px] leading-5 font-bold mb-3 mt-6 text-black group-hover:text-success transition-colors\">\n\t\t\t\t\t\t\t\t\tZarz\u0105dzanie urz\u0105dzeniami mobilnymi i kontrola dost\u0119pu                <\/p>\n\n                <p class=\"text-gray leading-4\">\n\t\t\t\t\t\t\t\t\tZarz\u0105dzanie urz\u0105dzeniami mobilnymi przenosi je na wy\u017cszy poziom dzi\u0119ki integracji Apple Business Manager i Android Zero Touch, zapewniaj\u0105c scentralizowan\u0105 kontrol\u0119 nad urz\u0105dzeniami firmowymi. Zaawansowane zarz\u0105dzanie urz\u0105dzeniami z systemem Windows umo\u017cliwia zdalne egzekwowanie zasad bezpiecze\u0144stwa na komputerach pracownik\u00f3w.                <\/p>\n\n            <\/div>\n\t\t\t\t\t                <div                  class=\"advantages-slider-item border border-customlightGray p-4 rounded-4 flex flex-col transition-all\n                hover:shadow-lg hover:no-underline group\"\n                style=\"background-color: #ffffff\">\n\t\t\t\t\t\t\t\n\t\t\t\t\t\t\t                  <img src='https:\/\/mccloud.global\/pl\/wp-content\/uploads\/2024\/11\/product-icon-4-3.svg' alt='icon' class='svg-icon-60'>\n\t\t\t\t\t\t\t\t\t\t\t\t\t\t\n\t\t\t\t\t\t\t\n                <p class=\"advantages-slider--heading text-[18px] leading-5 font-bold mb-3 mt-6 text-black group-hover:text-success transition-colors\">\n\t\t\t\t\t\t\t\t\tFunkcje administracyjne premium                <\/p>\n\n                <p class=\"text-gray leading-4\">\n\t\t\t\t\t\t\t\t\tFunkcje premium obejmuj\u0105 optyczne rozpoznawanie znak\u00f3w umo\u017cliwiaj\u0105ce wyszukiwanie poufnych informacji nawet w zeskanowanych obrazach, integracj\u0119 z archiwami stron trzecich w celu d\u0142ugoterminowego przechowywania wa\u017cnych danych oraz zaawansowan\u0105 analiz\u0119                <\/p>\n\n            <\/div>\n\t\t\t\t\t                <div                  class=\"advantages-slider-item border border-customlightGray p-4 rounded-4 flex flex-col transition-all\n                hover:shadow-lg hover:no-underline group\"\n                style=\"background-color: #ffffff\">\n\t\t\t\t\t\t\t\n\t\t\t\t\t\t\t                  <img src='https:\/\/mccloud.global\/pl\/wp-content\/uploads\/2024\/11\/product-icon-5-3.svg' alt='icon' class='svg-icon-60'>\n\t\t\t\t\t\t\t\t\t\t\t\t\t\t\n\t\t\t\t\t\t\t\n                <p class=\"advantages-slider--heading text-[18px] leading-5 font-bold mb-3 mt-6 text-black group-hover:text-success transition-colors\">\n\t\t\t\t\t\t\t\t\tFunkcje administracyjne premium                <\/p>\n\n                <p class=\"text-gray leading-4\">\n\t\t\t\t\t\t\t\t\tAby zapewni\u0107 efektywn\u0105 wsp\u00f3\u0142prac\u0119, Google Workspace (G Suite) dla przedsi\u0119biorstw oferuje narz\u0119dzia do wideokonferencji na du\u017c\u0105 skal\u0119 z obs\u0142ug\u0105 do 500 uczestnik\u00f3w i mo\u017cliwo\u015bci\u0105 transmisji na \u017cywo. Funkcja automatycznego nagrywania i dystrybucji pozwala zapisywa\u0107 rozmowy wideo z Google Meet na Dysku z mo\u017cliwo\u015bci\u0105 dostosowania dost\u0119pu.                <\/p>\n\n            <\/div>\n\t\t\t\t\t\n        <\/div>\n    <\/div>\n\n<\/div>\n<\/div>\n\n<\/div>\n\n<script>\n\t(function () {\n\t\tfunction animateCounter(el, target, decimals, duration) {\n\t\t\tvar start = null;\n\n\t\t\tfunction step(timestamp) {\n\t\t\t\tif (!start) start = timestamp;\n\t\t\t\tvar progress = Math.min((timestamp - start) \/ duration, 1);\n\t\t\t\tvar eased = 1 - Math.pow(1 - progress, 3);\n\t\t\t\tel.textContent = (target * eased).toFixed(decimals);\n\t\t\t\tif (progress < 1) {\n\t\t\t\t\trequestAnimationFrame(step);\n\t\t\t\t} else {\n\t\t\t\t\tel.textContent = target.toFixed(decimals);\n\t\t\t\t}\n\t\t\t}\n\n\t\t\trequestAnimationFrame(step);\n\t\t}\n\n\t\tvar counters = document.querySelectorAll('.cib-counter[data-target]');\n\t\tif (!counters.length) return;\n\n\t\tvar observer = new IntersectionObserver(function (entries, obs) {\n\t\t\tentries.forEach(function (entry) {\n\t\t\t\tif (entry.isIntersecting) {\n\t\t\t\t\tvar el = entry.target;\n\t\t\t\t\tvar target = parseFloat(el.dataset.target);\n\t\t\t\t\tvar decimals = parseInt(el.dataset.decimals, 10) || 0;\n\t\t\t\t\tanimateCounter(el, target, decimals, 1800);\n\t\t\t\t\tobs.unobserve(el);\n\t\t\t\t}\n\t\t\t});\n\t\t}, {threshold: 0.3});\n\n\t\tcounters.forEach(function (el) {\n\t\t\tobserver.observe(el);\n\t\t});\n\t}());\n<\/script>\n\n<div class=\"max-w-[830px] flex self-center w-full\">\n    <div class=\"pl-3 border-l-4 border-green flex py-2 flex-col gap-3\">\n      <p>Zaawansowane narz\u0119dzia do analizy danych umo\u017cliwiaj\u0105 wizualizacj\u0119 i analiz\u0119 zespo\u0142ow\u0105 informacji z tabel, co pozwala podejmowa\u0107 \u015bwiadome decyzje w oparciu o dane.<\/p>\n    <\/div>\n<\/div>","protected":false},"excerpt":{"rendered":"","protected":false},"author":1,"featured_media":0,"parent":0,"menu_order":0,"comment_status":"closed","ping_status":"closed","template":"page-templates\/product.php","meta":{"_acf_changed":false,"footnotes":""},"class_list":["post-2569","page","type-page","status-publish","hentry"],"acf":[],"yoast_head":"<!-- This site is optimized with the Yoast SEO plugin v26.8 - https:\/\/yoast.com\/product\/yoast-seo-wordpress\/ -->\n<title>Pakiety Google Workspace Enterprise - mcCloud<\/title>\n<meta name=\"robots\" content=\"index, follow, max-snippet:-1, max-image-preview:large, max-video-preview:-1\" \/>\n<link rel=\"canonical\" href=\"https:\/\/mccloud.global\/pl\/plans-google-workspace-enterprise\/\" \/>\n<meta property=\"og:locale\" content=\"pl_PL\" \/>\n<meta property=\"og:type\" content=\"article\" \/>\n<meta property=\"og:title\" content=\"Pakiety Google Workspace Enterprise - mcCloud\" \/>\n<meta property=\"og:url\" content=\"https:\/\/mccloud.global\/pl\/plans-google-workspace-enterprise\/\" \/>\n<meta property=\"og:site_name\" content=\"mcCloud\" \/>\n<meta property=\"article:modified_time\" content=\"2025-12-22T15:14:31+00:00\" \/>\n<meta name=\"twitter:card\" content=\"summary_large_image\" \/>\n<!-- \/ Yoast SEO plugin. -->","yoast_head_json":{"title":"Pakiety Google Workspace Enterprise - mcCloud","robots":{"index":"index","follow":"follow","max-snippet":"max-snippet:-1","max-image-preview":"max-image-preview:large","max-video-preview":"max-video-preview:-1"},"canonical":"https:\/\/mccloud.global\/pl\/plans-google-workspace-enterprise\/","og_locale":"pl_PL","og_type":"article","og_title":"Pakiety Google Workspace Enterprise - mcCloud","og_url":"https:\/\/mccloud.global\/pl\/plans-google-workspace-enterprise\/","og_site_name":"mcCloud","article_modified_time":"2025-12-22T15:14:31+00:00","twitter_card":"summary_large_image","schema":{"@context":"https:\/\/schema.org","@graph":[{"@type":"WebPage","@id":"https:\/\/mccloud.global\/pl\/plans-google-workspace-enterprise\/","url":"https:\/\/mccloud.global\/pl\/plans-google-workspace-enterprise\/","name":"Pakiety Google Workspace Enterprise - mcCloud","isPartOf":{"@id":"https:\/\/mccloud.global\/pl\/#website"},"datePublished":"2024-11-13T09:35:25+00:00","dateModified":"2025-12-22T15:14:31+00:00","inLanguage":"pl-PL","potentialAction":[{"@type":"ReadAction","target":["https:\/\/mccloud.global\/pl\/plans-google-workspace-enterprise\/"]}]},{"@type":"WebSite","@id":"https:\/\/mccloud.global\/pl\/#website","url":"https:\/\/mccloud.global\/pl\/","name":"mcCloud","description":"","potentialAction":[{"@type":"SearchAction","target":{"@type":"EntryPoint","urlTemplate":"https:\/\/mccloud.global\/pl\/?s={search_term_string}"},"query-input":{"@type":"PropertyValueSpecification","valueRequired":true,"valueName":"search_term_string"}}],"inLanguage":"pl-PL"}]}},"_links":{"self":[{"href":"https:\/\/mccloud.global\/pl\/wp-json\/wp\/v2\/pages\/2569","targetHints":{"allow":["GET"]}}],"collection":[{"href":"https:\/\/mccloud.global\/pl\/wp-json\/wp\/v2\/pages"}],"about":[{"href":"https:\/\/mccloud.global\/pl\/wp-json\/wp\/v2\/types\/page"}],"author":[{"embeddable":true,"href":"https:\/\/mccloud.global\/pl\/wp-json\/wp\/v2\/users\/1"}],"replies":[{"embeddable":true,"href":"https:\/\/mccloud.global\/pl\/wp-json\/wp\/v2\/comments?post=2569"}],"version-history":[{"count":8,"href":"https:\/\/mccloud.global\/pl\/wp-json\/wp\/v2\/pages\/2569\/revisions"}],"predecessor-version":[{"id":4043,"href":"https:\/\/mccloud.global\/pl\/wp-json\/wp\/v2\/pages\/2569\/revisions\/4043"}],"wp:attachment":[{"href":"https:\/\/mccloud.global\/pl\/wp-json\/wp\/v2\/media?parent=2569"}],"curies":[{"name":"wp","href":"https:\/\/api.w.org\/{rel}","templated":true}]}}