{"id":2729,"date":"2024-12-20T11:47:30","date_gmt":"2024-12-20T08:47:30","guid":{"rendered":"https:\/\/mccloud.global\/pl\/?page_id=2729"},"modified":"2025-12-31T12:43:09","modified_gmt":"2025-12-31T09:43:09","slug":"chrome-enterprise-premium","status":"publish","type":"page","link":"https:\/\/mccloud.global\/pl\/chrome-enterprise-premium\/","title":{"rendered":"Chrome Enterprise Premium"},"content":{"rendered":"<div class=\"flex self-center w-full max-w-[830px]\">\n      <h2 class=\"title-text-2 font-bold xl:mb-4 mb-3 text-5 leading-6\">Jak us\u0142uga jest przydatna dla biznesu?<\/h2>\n  <\/div>\n\n\n<div class=\"max-w-[830px] flex self-center w-full\">\n    <div class=\"flex py-2 flex-col gap-3\">\n      <p>Przyjrzyjmy si\u0119 bli\u017cej funkcjom, jakie oferuje p\u0142atna przegl\u0105darka Chrome i dlaczego jest ona niezb\u0119dna dla firm.<\/p>\n    <\/div>\n<\/div>\n\n<div class=\"flex self-center w-full max-w-[830px]\">\n      <h2 class=\"title-text-2 font-bold xl:mb-4 mb-3 text-5 leading-6\">Ochrona danych<\/h2>\n  <\/div>\n\n\n<div class=\"max-w-[830px] flex self-center w-full\">\n    <div class=\"flex py-2 flex-col gap-3\">\n      <p>Jednym z kluczowych powod\u00f3w, dla kt\u00f3rych warto wybra\u0107 Google Chrome Enterprise dla firm, jest zwi\u0119kszone bezpiecze\u0144stwo informacji. W przeciwie\u0144stwie do wersji bezp\u0142atnej, wersja p\u0142atna oferuje ponad 500 opcji zarz\u0105dzania, kt\u00f3re pozwalaj\u0105 konfigurowa\u0107 zasady dost\u0119pu, monitorowa\u0107 dzia\u0142ania u\u017cytkownik\u00f3w i ogranicza\u0107 dost\u0119p do okre\u015blonych zasob\u00f3w.<\/p>\n    <\/div>\n<\/div>\n\n<div class=\"container\">\n    <div class=\"md:rounded-4 2xl:pt-11 md:py-11 pt-4 flex flex-col gap-6 justify-center\"\n         style=\"background-color: \">\n        <div class=\"max-w-[830px] flex self-center w-full\">\n            <div class=\"rounded-4\">\n                                    <h3 class=\"text-5 mb-6 font-bold\"><p>Dost\u0119pne funkcje:<\/p>\n<\/h3>\n                                                                    <ul class=\"flex flex-col gap-3\">\n                                                                            <li class=\"flex items-center gap-3\">\n                <span\n                        class=\"rounded-full bg-green w-[44px] h-[44px] text-white flex justify-center items-center aspect-square\">1<\/span>\n                                <span>DLP (Data Loss Prevention) \u2013 ochrona przed utrat\u0105 poufnych informacji;<\/span>\n                            <\/li>\n                                                                                <li class=\"flex items-center gap-3\">\n                <span\n                        class=\"rounded-full bg-green w-[44px] h-[44px] text-white flex justify-center items-center aspect-square\">2<\/span>\n                                <span>blokowanie ponownego u\u017cycia has\u0142a;<\/span>\n                            <\/li>\n                                                                                <li class=\"flex items-center gap-3\">\n                <span\n                        class=\"rounded-full bg-green w-[44px] h-[44px] text-white flex justify-center items-center aspect-square\">3<\/span>\n                                <span>ochrona przed atakami phishingowymi i z\u0142o\u015bliwym oprogramowaniem;<\/span>\n                            <\/li>\n                                                                                <li class=\"flex items-center gap-3\">\n                <span\n                        class=\"rounded-full bg-green w-[44px] h-[44px] text-white flex justify-center items-center aspect-square\">4<\/span>\n                                <span>automatyczna instalacja aktualizacji.<\/span>\n                            <\/li>\n                                                                        <\/ul>\n                                \n            <\/div>\n        <\/div>\n            <\/div>\n<\/div>\n\n<div class=\"max-w-[830px] flex self-center w-full\">\n    <div class=\"flex py-2 flex-col gap-3\">\n      <p>Wersja p\u0142atna jest przydatna zar\u00f3wno dla zespo\u0142\u00f3w wewn\u0119trznych, jak i firm wsp\u00f3\u0142pracuj\u0105cych z partnerami lub podwykonawcami. Dzi\u0119ki modelowi \u201ezero zaufania\u201d Chrome Enterprise pomaga zapobiega\u0107 nieautoryzowanemu dost\u0119powi, kopiowaniu i kradzie\u017cy danych.<\/p>\n    <\/div>\n<\/div>\n\n<div class=\"flex self-center w-full max-w-[830px]\">\n      <h2 class=\"title-text-2 font-bold xl:mb-4 mb-3 text-5 leading-6\">Wsparcie rozwi\u0105za\u0144 chmurowych<\/h2>\n  <\/div>\n\n\n<div class=\"max-w-[830px] flex self-center w-full\">\n    <div class=\"flex py-2 flex-col gap-3\">\n      <p>Dla firm aktywnie pracuj\u0105cych w chmurze Chrome Enterprise zapewnia wydajny dost\u0119p do us\u0142ug Google Workspace. Dzi\u0119ki temu mo\u017cna \u0142atwo korzysta\u0107 ze znanych narz\u0119dzi, aby usprawni\u0107 przep\u0142ywy pracy.<\/p>\n    <\/div>\n<\/div>\n\n\n<div style=\"height:64px\" aria-hidden=\"true\" class=\"wp-block-spacer\"><\/div>\n\n\n<div class=\"flex self-center w-full max-w-[830px]\">\n      <h2 class=\"title-text-2 font-bold xl:mb-4 mb-3 text-5 leading-6\">Jakie korzy\u015bci zyskasz wybieraj\u0105c Chrome Enterprise Premium?<\/h2>\n  <\/div>\n\n\n<div class=\"container\">\n    <div class=\"md:rounded-4 2xl:pt-11 md:py-11 pt-4 flex flex-col gap-6 justify-center\"\n         style=\"background-color: \">\n        <div class=\"max-w-[830px] flex self-center w-full\">\n            <div class=\"rounded-4\">\n                                    <h3 class=\"text-5 mb-6 font-bold\"><p>\u0141\u0105cz\u0105c si\u0119 z bezpieczn\u0105 przegl\u0105dark\u0105, uzyskasz nowe funkcje i mo\u017cliwo\u015bci, takie jak:<\/p>\n<\/h3>\n                                                                    <ul class=\"flex flex-col gap-3\">\n                                                                            <li class=\"flex items-center gap-3\">\n                <span\n                        class=\"rounded-full bg-green w-[44px] h-[44px] text-white flex justify-center items-center aspect-square\">1<\/span>\n                                <span>Zwi\u0119kszona efektywno\u015b\u0107 proces\u00f3w biznesowych. Zabezpieczone dane oznaczaj\u0105 wy\u017csz\u0105 produktywno\u015b\u0107 zespo\u0142u, poniewa\u017c specjali\u015bci b\u0119d\u0105 mogli pracowa\u0107 z niezb\u0119dnymi dokumentami online, korzystaj\u0105c z jasno okre\u015blonej polityki bezpiecze\u0144stwa urz\u0105dze\u0144 mobilnych.<\/span>\n                            <\/li>\n                                                                                <li class=\"flex items-center gap-3\">\n                <span\n                        class=\"rounded-full bg-green w-[44px] h-[44px] text-white flex justify-center items-center aspect-square\">2<\/span>\n                                <span>Prosty algorytm zarz\u0105dzania infrastruktur\u0105 IT. Zaawansowane ustawienia i polityki pozwalaj\u0105 zrezygnowa\u0107 z dodatkowych us\u0142ug wspieraj\u0105cych infrastruktur\u0119 IT. Administratorzy systemu nie musz\u0105 ju\u017c tworzy\u0107 i utrzymywa\u0107 oddzielnych kont logowania, tworzy\u0107 grup u\u017cytkownik\u00f3w ani konfigurowa\u0107 dla nich praw dost\u0119pu i ogranicze\u0144. Wszystko to mo\u017cna wdro\u017cy\u0107 bezpo\u015brednio w Chrome.<\/span>\n                            <\/li>\n                                                                        <\/ul>\n                                \n            <\/div>\n        <\/div>\n            <\/div>\n<\/div>\n\n\n<div style=\"height:32px\" aria-hidden=\"true\" class=\"wp-block-spacer\"><\/div>\n\n\n<div class=\"max-w-[830px] flex self-center w-full\">\n    <div class=\"pl-3 border-l-4 border-green flex py-2 flex-col gap-3\">\n      <p>Zaawansowane funkcje zarz\u0105dzania w Google Chrome Enterprise upraszczaj\u0105 korzystanie z us\u0142ug w chmurze i pakiet\u00f3w Workspace, umo\u017cliwiaj\u0105c firmom cz\u0119\u015bciow\u0105 lub ca\u0142kowit\u0105 rezygnacj\u0119 z serwer\u00f3w stacjonarnych i powi\u0105zanego oprogramowania. To rozwi\u0105zanie znacz\u0105co obni\u017ca koszty aktualizacji i wsparcia istniej\u0105cej infrastruktury IT.<\/p>\n    <\/div>\n<\/div>\n\n\n<div style=\"height:64px\" aria-hidden=\"true\" class=\"wp-block-spacer\"><\/div>\n\n\n<div class=\"flex self-center w-full max-w-[830px]\">\n      <h2 class=\"title-text-2 font-bold xl:mb-4 mb-3 text-5 leading-6\">Kto potrzebuje \u0142\u0105czno\u015bci Chrome Enterprise Premium?<\/h2>\n  <\/div>\n\n\n<div class=\"max-w-[830px] flex self-center w-full\">\n    <div class=\"flex py-2 flex-col gap-3\">\n      <p>Og\u00f3lnie rzecz bior\u0105c, korzystanie z bezpiecznej przegl\u0105darki b\u0119dzie korzystne dla wielu rodzaj\u00f3w firm, ale s\u0105 kategorie firm, kt\u00f3re potrzebuj\u0105 tego rozwi\u0105zania najbardziej. Na przyk\u0142ad, warto rozwa\u017cy\u0107 zainstalowanie wersji p\u0142atnej dla tych, kt\u00f3rzy potrzebuj\u0105:<\/p>\n    <\/div>\n<\/div>\n\n<div class=\"container\">\n    <div class=\"md:rounded-4 2xl:pt-11 md:py-11 pt-4 flex flex-col gap-6 justify-center\"\n         style=\"background-color: \">\n        <div class=\"max-w-[830px] flex self-center w-full\">\n            <div class=\"rounded-4\">\n                                                                    <ul class=\"flex flex-col gap-3\">\n                                                                            <li class=\"flex items-center gap-3\">\n                <span\n                        class=\"rounded-full bg-green w-[44px] h-[44px] text-white flex justify-center items-center aspect-square\">1<\/span>\n                                <span>monitorowanie dzia\u0142a\u0144 i dost\u0119pu u\u017cytkownik\u00f3w w Internecie i aplikacjach;<\/span>\n                            <\/li>\n                                                                                <li class=\"flex items-center gap-3\">\n                <span\n                        class=\"rounded-full bg-green w-[44px] h-[44px] text-white flex justify-center items-center aspect-square\">2<\/span>\n                                <span>korzysta\u0107 z system\u00f3w operacyjnych wymagaj\u0105cych jednego formatu w celu dost\u0119pu do us\u0142ug i danych.<\/span>\n                            <\/li>\n                                                                        <\/ul>\n                                \n            <\/div>\n        <\/div>\n            <\/div>\n<\/div>\n\n<div class=\"max-w-[830px] flex self-center w-full\">\n    <div class=\"flex py-2 flex-col gap-3\">\n      <p>Chrome Enterprise Premium dla firm oferuje mo\u017cliwo\u015b\u0107 rozbudowy i integracji wielu us\u0142ug, zachowuj\u0105c jednocze\u015bnie pe\u0142n\u0105 kontrol\u0119 nad danymi i dost\u0119p do poufnych informacji.<\/p>\n<p>Mo\u017cesz w pe\u0142ni wykorzysta\u0107 potencja\u0142 swojego po\u0142\u0105czenia z pomoc\u0105 specjalist\u00f3w, kt\u00f3rzy dostosuj\u0105 przegl\u0105dark\u0119 do Twoich potrzeb biznesowych. Wsp\u00f3\u0142pracuj\u0105c z MC Cloud, czerpiesz same korzy\u015bci, poniewa\u017c pomo\u017cemy Ci prawid\u0142owo zintegrowa\u0107 us\u0142ug\u0119 dla Twojej firmy, uwzgl\u0119dniaj\u0105c jej funkcje i niuanse.<\/p>\n    <\/div>\n<\/div>","protected":false},"excerpt":{"rendered":"","protected":false},"author":1,"featured_media":0,"parent":0,"menu_order":0,"comment_status":"closed","ping_status":"closed","template":"page-templates\/product.php","meta":{"_acf_changed":false,"footnotes":""},"class_list":["post-2729","page","type-page","status-publish","hentry"],"acf":[],"yoast_head":"<!-- This site is optimized with the Yoast SEO plugin v26.8 - https:\/\/yoast.com\/product\/yoast-seo-wordpress\/ -->\n<title>Chrome Enterprise Premium - mcCloud<\/title>\n<meta name=\"robots\" content=\"index, follow, max-snippet:-1, max-image-preview:large, max-video-preview:-1\" \/>\n<link rel=\"canonical\" href=\"https:\/\/mccloud.global\/pl\/chrome-enterprise-premium\/\" \/>\n<meta property=\"og:locale\" content=\"pl_PL\" \/>\n<meta property=\"og:type\" content=\"article\" \/>\n<meta property=\"og:title\" content=\"Chrome Enterprise Premium - mcCloud\" \/>\n<meta property=\"og:url\" content=\"https:\/\/mccloud.global\/pl\/chrome-enterprise-premium\/\" \/>\n<meta property=\"og:site_name\" content=\"mcCloud\" \/>\n<meta property=\"article:modified_time\" content=\"2025-12-31T09:43:09+00:00\" \/>\n<meta name=\"twitter:card\" content=\"summary_large_image\" \/>\n<!-- \/ Yoast SEO plugin. -->","yoast_head_json":{"title":"Chrome Enterprise Premium - mcCloud","robots":{"index":"index","follow":"follow","max-snippet":"max-snippet:-1","max-image-preview":"max-image-preview:large","max-video-preview":"max-video-preview:-1"},"canonical":"https:\/\/mccloud.global\/pl\/chrome-enterprise-premium\/","og_locale":"pl_PL","og_type":"article","og_title":"Chrome Enterprise Premium - mcCloud","og_url":"https:\/\/mccloud.global\/pl\/chrome-enterprise-premium\/","og_site_name":"mcCloud","article_modified_time":"2025-12-31T09:43:09+00:00","twitter_card":"summary_large_image","schema":{"@context":"https:\/\/schema.org","@graph":[{"@type":"WebPage","@id":"https:\/\/mccloud.global\/pl\/chrome-enterprise-premium\/","url":"https:\/\/mccloud.global\/pl\/chrome-enterprise-premium\/","name":"Chrome Enterprise Premium - mcCloud","isPartOf":{"@id":"https:\/\/mccloud.global\/pl\/#website"},"datePublished":"2024-12-20T08:47:30+00:00","dateModified":"2025-12-31T09:43:09+00:00","inLanguage":"pl-PL","potentialAction":[{"@type":"ReadAction","target":["https:\/\/mccloud.global\/pl\/chrome-enterprise-premium\/"]}]},{"@type":"WebSite","@id":"https:\/\/mccloud.global\/pl\/#website","url":"https:\/\/mccloud.global\/pl\/","name":"mcCloud","description":"","potentialAction":[{"@type":"SearchAction","target":{"@type":"EntryPoint","urlTemplate":"https:\/\/mccloud.global\/pl\/?s={search_term_string}"},"query-input":{"@type":"PropertyValueSpecification","valueRequired":true,"valueName":"search_term_string"}}],"inLanguage":"pl-PL"}]}},"_links":{"self":[{"href":"https:\/\/mccloud.global\/pl\/wp-json\/wp\/v2\/pages\/2729","targetHints":{"allow":["GET"]}}],"collection":[{"href":"https:\/\/mccloud.global\/pl\/wp-json\/wp\/v2\/pages"}],"about":[{"href":"https:\/\/mccloud.global\/pl\/wp-json\/wp\/v2\/types\/page"}],"author":[{"embeddable":true,"href":"https:\/\/mccloud.global\/pl\/wp-json\/wp\/v2\/users\/1"}],"replies":[{"embeddable":true,"href":"https:\/\/mccloud.global\/pl\/wp-json\/wp\/v2\/comments?post=2729"}],"version-history":[{"count":19,"href":"https:\/\/mccloud.global\/pl\/wp-json\/wp\/v2\/pages\/2729\/revisions"}],"predecessor-version":[{"id":4085,"href":"https:\/\/mccloud.global\/pl\/wp-json\/wp\/v2\/pages\/2729\/revisions\/4085"}],"wp:attachment":[{"href":"https:\/\/mccloud.global\/pl\/wp-json\/wp\/v2\/media?parent=2729"}],"curies":[{"name":"wp","href":"https:\/\/api.w.org\/{rel}","templated":true}]}}