{"id":2903,"date":"2025-03-12T18:14:39","date_gmt":"2025-03-12T15:14:39","guid":{"rendered":"https:\/\/mccloud.global\/pl\/?page_id=2903"},"modified":"2025-10-02T14:48:12","modified_gmt":"2025-10-02T11:48:12","slug":"cookie-policy","status":"publish","type":"page","link":"https:\/\/mccloud.global\/pl\/cookie-policy\/","title":{"rendered":"Polityka plik\u00f3w cookie"},"content":{"rendered":"\n<p>Nasza witryna internetowa u\u017cywa <strong>plik\u00f3w cookie<\/strong> w celu odr\u00f3\u017cnienia Pa\u0144stwa od innych u\u017cytkownik\u00f3w naszej witryny. Pomaga nam to zapewni\u0107 Pa\u0144stwu <strong>dobre do\u015bwiadczenia<\/strong> podczas przegl\u0105dania naszej witryny, a tak\u017ce umo\u017cliwia nam <strong>ulepszanie naszego serwisu<\/strong>.<\/p>\n\n\n\n<p><strong>Plik cookie<\/strong> to ma\u0142y plik sk\u0142adaj\u0105cy si\u0119 z liter i cyfr, kt\u00f3ry przechowujemy w Pa\u0144stwa przegl\u0105darce lub na dysku twardym komputera, je\u015bli Pa\u0144stwo si\u0119 na to zgadzaj\u0105. Pliki cookie zawieraj\u0105 informacje, kt\u00f3re s\u0105 przesy\u0142ane na dysk twardy Pa\u0144stwa komputera.<\/p>\n\n\n\n<p>U\u017cywamy nast\u0119puj\u0105cych plik\u00f3w cookie:<\/p>\n\n\n\n<ul class=\"wp-block-list\">\n<li><strong>\u015aci\u015ble niezb\u0119dne pliki cookie (Strictly necessary cookies).<\/strong> S\u0105 to pliki cookie, kt\u00f3re s\u0105 <strong>wymagane do dzia\u0142ania<\/strong> naszej witryny. Te niezb\u0119dne pliki cookie s\u0105 <strong>zawsze w\u0142\u0105czone<\/strong>, poniewa\u017c nasza witryna nie b\u0119dzie dzia\u0142a\u0107 poprawnie bez nich. Obejmuj\u0105 one, na przyk\u0142ad, pliki cookie, kt\u00f3re umo\u017cliwiaj\u0105 zalogowanie si\u0119 do bezpiecznych obszar\u00f3w naszej witryny, korzystanie z koszyka na zakupy lub u\u017cywanie us\u0142ug e-fakturowania. Mog\u0105 Pa\u0144stwo wy\u0142\u0105czy\u0107 te pliki cookie w ustawieniach przegl\u0105darki, ale wtedy mog\u0105 Pa\u0144stwo nie by\u0107 w stanie uzyska\u0107 dost\u0119pu do ca\u0142ej witryny lub jej cz\u0119\u015bci.<\/li>\n\n\n\n<li><strong>Analityczne lub wydajno\u015bciowe pliki cookie (Analytical or performance cookies).<\/strong> Umo\u017cliwiaj\u0105 nam one rozpoznawanie i zliczanie liczby odwiedzaj\u0105cych oraz sprawdzanie, <strong>jak odwiedzaj\u0105cy poruszaj\u0105 si\u0119<\/strong> po naszej witrynie podczas jej u\u017cywania. Pomaga nam to ulepsza\u0107 spos\u00f3b dzia\u0142ania naszej witryny, na przyk\u0142ad poprzez zapewnienie, \u017ce u\u017cytkownicy z \u0142atwo\u015bci\u0105 znajduj\u0105 to, czego szukaj\u0105.<\/li>\n\n\n\n<li><strong>Funkcjonalne pliki cookie (Functionality cookies).<\/strong> S\u0105 u\u017cywane do <strong>rozpoznawania Pa\u0144stwa<\/strong> po powrocie na nasz\u0105 witryn\u0119. Umo\u017cliwia nam to <strong>personalizowanie<\/strong> dla Pa\u0144stwa naszych tre\u015bci, witanie Pa\u0144stwa imieniem i zapami\u0119tywanie Pa\u0144stwa preferencji (na przyk\u0142ad wybranego j\u0119zyka lub regionu).<\/li>\n\n\n\n<li><strong>Pliki cookie do targetowania (Targeting cookies).<\/strong> Te pliki cookie rejestruj\u0105 Pa\u0144stwa wizyt\u0119 na naszej witrynie, odwiedzone strony i klikni\u0119te linki. Wykorzystamy te informacje, aby nasza witryna i wy\u015bwietlane na niej reklamy by\u0142y <strong>bardziej dopasowane do Pa\u0144stwa zainteresowa\u0144<\/strong>. [Mo\u017cemy r\u00f3wnie\u017c udost\u0119pnia\u0107 te informacje stronom trzecim w tym celu, aby mog\u0142y one wy\u015bwietla\u0107 Pa\u0144stwu odpowiednie reklamy na swoich stronach internetowych.]<\/li>\n<\/ul>\n\n\n\n<p><strong>Uwaga:<\/strong> Poni\u017csza lista plik\u00f3w cookie zostanie zaktualizowana o ostateczny wykaz wyeksportowany ze skanu <strong>CMP<\/strong>.<\/p>\n\n\n\n<p>Wi\u0119cej informacji na temat poszczeg\u00f3lnych u\u017cywanych przez nas plik\u00f3w cookie oraz cel\u00f3w, dla kt\u00f3rych ich u\u017cywamy, znajd\u0105 Pa\u0144stwo w poni\u017cszej tabeli:<\/p>\n\n\n\n<p>Nale\u017cy pami\u0119ta\u0107, \u017ce poni\u017csze <strong>strony trzecie<\/strong> mog\u0105 r\u00f3wnie\u017c u\u017cywa\u0107 plik\u00f3w cookie, nad kt\u00f3rymi <strong>nie mamy kontroli<\/strong>. Te wymienione strony trzecie mog\u0105 obejmowa\u0107 na przyk\u0142ad sieci reklamowe i dostawc\u00f3w us\u0142ug zewn\u0119trznych, takich jak us\u0142ugi analizy ruchu w sieci. Te pliki cookie stron trzecich s\u0105 prawdopodobnie analitycznymi lub wydajno\u015bciowymi plikami cookie lub plikami cookie do targetowania:<\/p>\n\n\n\n<ul class=\"wp-block-list\">\n<li><strong>Google Analytics<\/strong><\/li>\n\n\n\n<li><strong>Zoho CRM Analytics<\/strong><\/li>\n<\/ul>\n\n\n\n<p><strong>\u015aci\u015ble niezb\u0119dne pliki cookie<\/strong> dzia\u0142aj\u0105 <strong>bez zgody<\/strong>; <strong>analityczne i reklamowe pliki cookie<\/strong> <strong>wymagaj\u0105 uprzedniej zgody<\/strong>.<\/p>\n\n\n\n<p>Mog\u0105 Pa\u0144stwo <strong>zaakceptowa\u0107 wszystkie<\/strong>, <strong>odrzuci\u0107 wszystkie<\/strong> lub <strong>dostosowa\u0107<\/strong> wed\u0142ug celu\/dostawcy. Mog\u0105 Pa\u0144stwo zmieni\u0107 swoje wybory w dowolnym momencie za pomoc\u0105 linku \u201e<strong>Ustawienia plik\u00f3w cookie<\/strong>\u201d (<strong>Cookie Settings<\/strong>) na stronie.<\/p>\n\n\n\n<p>Podczas Pa\u0144stwa pierwszej wizyty (i okresowo p\u00f3\u017aniej) nasza <strong>Platforma Zarz\u0105dzania Zgodami (CMP)<\/strong> poprosi o Pa\u0144stwa wybory.<\/p>\n\n\n\n<p><strong>Autorytatywna, zawsze aktualna lista<\/strong> plik\u00f3w cookie i podobnych technologii u\u017cywanych w tej witrynie jest dost\u0119pna za po\u015brednictwem <strong>Platformy Zarz\u0105dzania Zgodami (CMP)<\/strong> na stronie. Mog\u0105 Pa\u0144stwo przejrze\u0107 pe\u0142ny wykaz, status zgody dla poszczeg\u00f3lnych cel\u00f3w i dostawc\u00f3w w dowolnym momencie za po\u015brednictwem linku \u201e<strong>Ustawienia plik\u00f3w cookie<\/strong>\u201d (<strong>Cookie Settings<\/strong>) w stopce.<\/p>\n","protected":false},"excerpt":{"rendered":"<p>Nasza witryna internetowa u\u017cywa plik\u00f3w cookie w celu odr\u00f3\u017cnienia Pa\u0144stwa od innych u\u017cytkownik\u00f3w naszej witryny. Pomaga nam to zapewni\u0107 Pa\u0144stwu dobre do\u015bwiadczenia podczas przegl\u0105dania naszej witryny, a tak\u017ce umo\u017cliwia nam ulepszanie naszego serwisu. Plik cookie to ma\u0142y plik sk\u0142adaj\u0105cy si\u0119 z liter i cyfr, kt\u00f3ry przechowujemy w Pa\u0144stwa przegl\u0105darce lub na dysku twardym komputera, je\u015bli [&hellip;]<\/p>\n","protected":false},"author":1,"featured_media":0,"parent":0,"menu_order":0,"comment_status":"closed","ping_status":"closed","template":"","meta":{"_acf_changed":false,"footnotes":""},"class_list":["post-2903","page","type-page","status-publish","hentry"],"acf":[],"yoast_head":"<!-- This site is optimized with the Yoast SEO plugin v26.8 - https:\/\/yoast.com\/product\/yoast-seo-wordpress\/ -->\n<title>Polityka plik\u00f3w cookie - mcCloud<\/title>\n<meta name=\"robots\" content=\"index, follow, max-snippet:-1, max-image-preview:large, max-video-preview:-1\" \/>\n<link rel=\"canonical\" href=\"https:\/\/mccloud.global\/pl\/cookie-policy\/\" \/>\n<meta property=\"og:locale\" content=\"pl_PL\" \/>\n<meta property=\"og:type\" content=\"article\" \/>\n<meta property=\"og:title\" content=\"Polityka plik\u00f3w cookie - mcCloud\" \/>\n<meta property=\"og:description\" content=\"Nasza witryna internetowa u\u017cywa plik\u00f3w cookie w celu odr\u00f3\u017cnienia Pa\u0144stwa od innych u\u017cytkownik\u00f3w naszej witryny. Pomaga nam to zapewni\u0107 Pa\u0144stwu dobre do\u015bwiadczenia podczas przegl\u0105dania naszej witryny, a tak\u017ce umo\u017cliwia nam ulepszanie naszego serwisu. Plik cookie to ma\u0142y plik sk\u0142adaj\u0105cy si\u0119 z liter i cyfr, kt\u00f3ry przechowujemy w Pa\u0144stwa przegl\u0105darce lub na dysku twardym komputera, je\u015bli [&hellip;]\" \/>\n<meta property=\"og:url\" content=\"https:\/\/mccloud.global\/pl\/cookie-policy\/\" \/>\n<meta property=\"og:site_name\" content=\"mcCloud\" \/>\n<meta property=\"article:modified_time\" content=\"2025-10-02T11:48:12+00:00\" \/>\n<meta name=\"twitter:card\" content=\"summary_large_image\" \/>\n<!-- \/ Yoast SEO plugin. -->","yoast_head_json":{"title":"Polityka plik\u00f3w cookie - mcCloud","robots":{"index":"index","follow":"follow","max-snippet":"max-snippet:-1","max-image-preview":"max-image-preview:large","max-video-preview":"max-video-preview:-1"},"canonical":"https:\/\/mccloud.global\/pl\/cookie-policy\/","og_locale":"pl_PL","og_type":"article","og_title":"Polityka plik\u00f3w cookie - mcCloud","og_description":"Nasza witryna internetowa u\u017cywa plik\u00f3w cookie w celu odr\u00f3\u017cnienia Pa\u0144stwa od innych u\u017cytkownik\u00f3w naszej witryny. Pomaga nam to zapewni\u0107 Pa\u0144stwu dobre do\u015bwiadczenia podczas przegl\u0105dania naszej witryny, a tak\u017ce umo\u017cliwia nam ulepszanie naszego serwisu. Plik cookie to ma\u0142y plik sk\u0142adaj\u0105cy si\u0119 z liter i cyfr, kt\u00f3ry przechowujemy w Pa\u0144stwa przegl\u0105darce lub na dysku twardym komputera, je\u015bli [&hellip;]","og_url":"https:\/\/mccloud.global\/pl\/cookie-policy\/","og_site_name":"mcCloud","article_modified_time":"2025-10-02T11:48:12+00:00","twitter_card":"summary_large_image","schema":{"@context":"https:\/\/schema.org","@graph":[{"@type":"WebPage","@id":"https:\/\/mccloud.global\/pl\/cookie-policy\/","url":"https:\/\/mccloud.global\/pl\/cookie-policy\/","name":"Polityka plik\u00f3w cookie - mcCloud","isPartOf":{"@id":"https:\/\/mccloud.global\/pl\/#website"},"datePublished":"2025-03-12T15:14:39+00:00","dateModified":"2025-10-02T11:48:12+00:00","inLanguage":"pl-PL","potentialAction":[{"@type":"ReadAction","target":["https:\/\/mccloud.global\/pl\/cookie-policy\/"]}]},{"@type":"WebSite","@id":"https:\/\/mccloud.global\/pl\/#website","url":"https:\/\/mccloud.global\/pl\/","name":"mcCloud","description":"","potentialAction":[{"@type":"SearchAction","target":{"@type":"EntryPoint","urlTemplate":"https:\/\/mccloud.global\/pl\/?s={search_term_string}"},"query-input":{"@type":"PropertyValueSpecification","valueRequired":true,"valueName":"search_term_string"}}],"inLanguage":"pl-PL"}]}},"_links":{"self":[{"href":"https:\/\/mccloud.global\/pl\/wp-json\/wp\/v2\/pages\/2903","targetHints":{"allow":["GET"]}}],"collection":[{"href":"https:\/\/mccloud.global\/pl\/wp-json\/wp\/v2\/pages"}],"about":[{"href":"https:\/\/mccloud.global\/pl\/wp-json\/wp\/v2\/types\/page"}],"author":[{"embeddable":true,"href":"https:\/\/mccloud.global\/pl\/wp-json\/wp\/v2\/users\/1"}],"replies":[{"embeddable":true,"href":"https:\/\/mccloud.global\/pl\/wp-json\/wp\/v2\/comments?post=2903"}],"version-history":[{"count":4,"href":"https:\/\/mccloud.global\/pl\/wp-json\/wp\/v2\/pages\/2903\/revisions"}],"predecessor-version":[{"id":3548,"href":"https:\/\/mccloud.global\/pl\/wp-json\/wp\/v2\/pages\/2903\/revisions\/3548"}],"wp:attachment":[{"href":"https:\/\/mccloud.global\/pl\/wp-json\/wp\/v2\/media?parent=2903"}],"curies":[{"name":"wp","href":"https:\/\/api.w.org\/{rel}","templated":true}]}}