{"id":2390,"date":"2024-11-10T17:05:46","date_gmt":"2024-11-10T14:05:46","guid":{"rendered":"http:\/\/mccloud-update.local\/?page_id=2390"},"modified":"2025-08-25T14:54:19","modified_gmt":"2025-08-25T11:54:19","slug":"chromebook","status":"publish","type":"page","link":"https:\/\/mccloud.global\/ro\/chromebook\/","title":{"rendered":"Chromebook"},"content":{"rendered":"<div class=\"flex self-center w-full max-w-[830px]\">\n      <h2 class=\"title-text-2 font-bold xl:mb-4 mb-3 text-5 leading-6\">Caracteristici ale Chromebooks<\/h2>\n  <\/div>\n\n\n<div class=\"max-w-[830px] flex self-center w-full\">\n    <div class=\"flex py-2 flex-col gap-3\">\n      <p>Chromebook-urile sunt concepute pentru a lucra cu servicii web prin intermediul browserului Google Chrome, conect\u00e2ndu-se la acestea prin intermediul unei re\u021bele locale. Ideea principal\u0103 este c\u0103 instalarea aplica\u021biilor pe dispozitivul \u00een sine nu este necesar\u0103, deoarece toate instrumentele necesare sunt desc\u0103rcate de pe internet. Stocarea local\u0103 este utilizat\u0103 pentru a stoca \u00een cache doar o mic\u0103 parte din date, ceea ce permite re\u00eenc\u0103rcarea mai rapid\u0103 a paginilor web \u0219i a aplica\u021biilor.<\/p>\n<p>Datele utilizatorului sunt de obicei stocate \u00een cloud. Fi\u0219ierele, documentele \u0219i materialele multimedia sunt \u00eenc\u0103rcate \u0219i stocate automat pe Google Drive, care este sincronizat cu contul dvs. Google. Prin urmare, fi\u0219ierele pot fi accesate de pe orice alt dispozitiv prin intermediul internetului prin simpla conectare la contul Google.<\/p>\n<p>Ini\u021bial, Chrome OS a fost conceput pentru a func\u021biona exclusiv online, dar ulterior dezvoltatorii au ad\u0103ugat posibilitatea de a instala aplica\u021bii Android care pot func\u021biona offline.<\/p>\n    <\/div>\n<\/div>\n\n\n<div style=\"height:0px\" aria-hidden=\"true\" class=\"wp-block-spacer\"><\/div>\n\n\n<div class=\"container\">\n    <div class=\"md:rounded-4 2xl:pt-11 md:py-11 pt-4 flex flex-col gap-6 justify-center\"\n         style=\"background-color: \">\n        <div class=\"max-w-[830px] flex self-center w-full\">\n            <div class=\"rounded-4\">\n                                    <h3 class=\"text-5 mb-6 font-bold\"><p>Caracteristici Chromebook:<\/p>\n<\/h3>\n                                                                    <ul class=\"flex flex-col gap-3\">\n                                                                            <li class=\"flex items-center gap-3\">\n                <span\n                        class=\"rounded-full bg-green w-[44px] h-[44px] text-white flex justify-center items-center aspect-square\">1<\/span>\n                                <span>Lucrul pe Chrome OS este un sistem de operare optimizat pentru lucrul prin intermediul unui browser \u0219i al internetului.<\/span>\n                            <\/li>\n                                                                                <li class=\"flex items-center gap-3\">\n                <span\n                        class=\"rounded-full bg-green w-[44px] h-[44px] text-white flex justify-center items-center aspect-square\">2<\/span>\n                                <span>Stocare \u00een cloud &#8211; majoritatea informa\u021biilor sunt stocate pe serverele Google, ceea ce reduce necesitatea unei cantit\u0103\u021bi mari de stocare intern\u0103.<\/span>\n                            <\/li>\n                                                                                <li class=\"flex items-center gap-3\">\n                <span\n                        class=\"rounded-full bg-green w-[44px] h-[44px] text-white flex justify-center items-center aspect-square\">3<\/span>\n                                <span>Componente cu costuri reduse &#8211; sunt utilizate platforme eficiente din punct de vedere energetic pentru a reduce costul dispozitivului.<\/span>\n                            <\/li>\n                                                                                <li class=\"flex items-center gap-3\">\n                <span\n                        class=\"rounded-full bg-green w-[44px] h-[44px] text-white flex justify-center items-center aspect-square\">4<\/span>\n                                <span>Autonomie ridicat\u0103 &#8211; timp lung de func\u021bionare cu o singur\u0103 \u00eenc\u0103rcare a bateriei.<\/span>\n                            <\/li>\n                                                                                <li class=\"flex items-center gap-3\">\n                <span\n                        class=\"rounded-full bg-green w-[44px] h-[44px] text-white flex justify-center items-center aspect-square\">5<\/span>\n                                <span>Pentru organiza\u021bii, v\u0103 pute\u021bi administra flota de Chromebook-uri din consola administratorului.<\/span>\n                            <\/li>\n                                                                        <\/ul>\n                                \n            <\/div>\n        <\/div>\n            <\/div>\n<\/div>\n\n\n<div style=\"height:0px\" aria-hidden=\"true\" class=\"wp-block-spacer\"><\/div>\n\n\n<div class=\"max-w-[830px] flex self-center w-full\">\n    <div class=\"pl-3 border-l-4 border-green flex py-2 flex-col gap-3\">\n      <p>Pute\u021bi cump\u0103ra un chromebook pentru navigarea pe internet \u0219i aplica\u021bii cloud, precum \u0219i pentru sarcinile zilnice.<\/p>\n    <\/div>\n<\/div>\n\n\n<div style=\"height:0px\" aria-hidden=\"true\" class=\"wp-block-spacer\"><\/div>\n\n\n\n    <!-- DEFAULT PRICING  -->\n    \n\n\n\n<div style=\"height:0px\" aria-hidden=\"true\" class=\"wp-block-spacer\"><\/div>\n\n\n<div class=\"flex self-center w-full max-w-[830px]\">\n      <h2 class=\"title-text-2 font-bold xl:mb-4 mb-3 text-5 leading-6\">Cum func\u021bioneaz\u0103 chromebook-ul<\/h2>\n  <\/div>\n\n\n<div class=\"max-w-[830px] flex self-center w-full\">\n    <div class=\"flex py-2 flex-col gap-3\">\n      <p>Chromebook-urile sunt concepute pentru a lucra cu servicii web prin intermediul browserului Google Chrome, conect\u00e2ndu-se la acestea prin intermediul unei re\u021bele locale. Ideea principal\u0103 este c\u0103 instalarea aplica\u021biilor pe dispozitivul \u00een sine nu este necesar\u0103, deoarece toate instrumentele necesare sunt desc\u0103rcate de pe internet. Stocarea local\u0103 este utilizat\u0103 pentru a stoca \u00een cache doar o mic\u0103 parte din date, ceea ce permite re\u00eenc\u0103rcarea mai rapid\u0103 a paginilor web \u0219i a aplica\u021biilor.<\/p>\n<p>Datele utilizatorului sunt de obicei stocate \u00een cloud. Fi\u0219ierele, documentele \u0219i materialele multimedia sunt \u00eenc\u0103rcate \u0219i stocate automat pe Google Drive, care este sincronizat cu contul dvs. Google. Prin urmare, fi\u0219ierele pot fi accesate de pe orice alt dispozitiv prin intermediul internetului prin simpla conectare la contul Google.<\/p>\n<p>Ini\u021bial, Chrome OS a fost conceput pentru a func\u021biona exclusiv online, dar ulterior dezvoltatorii au ad\u0103ugat posibilitatea de a instala aplica\u021bii Android care pot func\u021biona offline.<\/p>\n    <\/div>\n<\/div>\n\n\n<div style=\"height:16px\" aria-hidden=\"true\" class=\"wp-block-spacer\"><\/div>\n\n\n<div class=\"flex self-center w-full max-w-[830px]\">\n      <h2 class=\"title-text-2 font-bold xl:mb-4 mb-3 text-5 leading-6\">De ce ar trebui s\u0103 cump\u0103ra\u021bi un Chromebook: principalele caracteristici ale dispozitivului<\/h2>\n  <\/div>\n\n\n<div class=\"container\">\n    <div class=\"md:rounded-4 2xl:pt-11 md:py-11 pt-4 flex flex-col gap-6 justify-center\"\n         style=\"background-color: \">\n        <div class=\"max-w-[830px] flex self-center w-full\">\n            <div class=\"rounded-4\">\n                                                                    <ul class=\"flex flex-col gap-3\">\n                                                                            <li class=\"flex items-center gap-3\">\n                <span\n                        class=\"rounded-full bg-green w-[44px] h-[44px] text-white flex justify-center items-center aspect-square\">1<\/span>\n                                <span>Chrome OS, care ruleaz\u0103 Chromebook-urile, are mai multe caracteristici interesante. Una dintre acestea este un manager de fi\u0219iere \u0219i o aplica\u021bie pentru a rula aplica\u021bii desc\u0103rcabile. De\u0219i acest lucru poate p\u0103rea o limitare, de fapt, majoritatea aplica\u021biilor populare au deja versiuni web (Netflix, Spotify, Evernote etc.). Chromebook-urile sunt excelente pentru a lucra cu acestea, deoarece principala cerin\u021b\u0103 este accesul la internet, iar majoritatea sarcinilor sunt efectuate prin intermediul unui browser.<\/span>\n                            <\/li>\n                                                                                <li class=\"flex items-center gap-3\">\n                <span\n                        class=\"rounded-full bg-green w-[44px] h-[44px] text-white flex justify-center items-center aspect-square\">2<\/span>\n                                <span>Unul dintre avantajele semnificative este suportul pentru software-ul Linux. Acest lucru deschide posibilitatea de a instala aplica\u021bii desktop precum OBS Studio, GIMP, Audacity, Steam, Firefox \u0219i multe altele. \u00cenainte de a le instala, merit\u0103 s\u0103 verifica\u021bi dac\u0103 aplica\u021bia are o versiune Linux pentru a asigura func\u021bionarea corect\u0103 pe dispozitiv.<\/span>\n                            <\/li>\n                                                                                <li class=\"flex items-center gap-3\">\n                <span\n                        class=\"rounded-full bg-green w-[44px] h-[44px] text-white flex justify-center items-center aspect-square\">3<\/span>\n                                <span>Consola de administrare v\u0103 permite s\u0103 gestiona\u021bi set\u0103rile dispozitivelor ChromeOS, cum ar fi Chromebooks, Chromeboxes \u0219i Chromebits. Aceasta v\u0103 permite s\u0103 instala\u021bi aplica\u021bii \u0219i extensii, s\u0103 conecta\u021bi dispozitivele la re\u021bele VPN \u0219i Wi-Fi \u0219i s\u0103 gestiona\u021bi alte caracteristici Chrome. Dac\u0103 ave\u021bi deja acces la Consola de administrare prin intermediul unor servicii precum Google Workspace, pute\u021bi \u00eencepe imediat versiunea de \u00eencercare Chrome Enterprise Upgrade. Pentru cei care nu au mai utilizat Consola p\u00e2n\u0103 acum, este disponibil un mod de \u00eencercare. Utilizatorii Google Workspace for Education sunt \u00eencuraja\u021bi s\u0103 contacteze un reprezentant de v\u00e2nz\u0103ri sau un partener pentru a solicita o versiune de \u00eencercare.<\/span>\n                            <\/li>\n                                                                                <li class=\"flex items-center gap-3\">\n                <span\n                        class=\"rounded-full bg-green w-[44px] h-[44px] text-white flex justify-center items-center aspect-square\">4<\/span>\n                                <span>\u00cen plus, Consola administratorului ofer\u0103 gestionarea gratuit\u0103 a browserelor Chrome pe dispozitive care ruleaz\u0103 Windows, Mac, Linux, precum \u0219i iPhone, iPad \u0219i Android. Acest lucru v\u0103 permite s\u0103 accesa\u021bi rapoarte privind utilizarea diferitelor versiuni ale browserului, s\u0103 verifica\u021bi aplica\u021biile \u0219i extensiile instalate \u0219i s\u0103 controla\u021bi aplicarea politicilor \u0219i a set\u0103rilor.<\/span>\n                            <\/li>\n                                                                                <li class=\"flex items-center gap-3\">\n                <span\n                        class=\"rounded-full bg-green w-[44px] h-[44px] text-white flex justify-center items-center aspect-square\">5<\/span>\n                                <span>Pentru gameri, Chromebook-urile ofer\u0103 \u0219i c\u00e2teva op\u021biuni interesante. Pute\u021bi instala jocuri Android sau v\u0103 pute\u021bi abona la servicii de streaming precum Google Stadia. Cu toate acestea, este demn de remarcat faptul c\u0103 op\u021biunile pentru gameri sunt limitate \u00een compara\u021bie cu alte platforme.<\/span>\n                            <\/li>\n                                                                        <\/ul>\n                                \n            <\/div>\n        <\/div>\n            <\/div>\n<\/div>","protected":false},"excerpt":{"rendered":"","protected":false},"author":1,"featured_media":0,"parent":0,"menu_order":0,"comment_status":"closed","ping_status":"closed","template":"page-templates\/device.php","meta":{"_acf_changed":false,"footnotes":""},"class_list":["post-2390","page","type-page","status-publish","hentry"],"acf":[],"yoast_head":"<!-- This site is optimized with the Yoast SEO plugin v26.8 - https:\/\/yoast.com\/product\/yoast-seo-wordpress\/ -->\n<title>Chromebook - mcCloud<\/title>\n<meta name=\"robots\" content=\"index, follow, max-snippet:-1, max-image-preview:large, max-video-preview:-1\" \/>\n<link rel=\"canonical\" href=\"https:\/\/mccloud.global\/ro\/chromebook\/\" \/>\n<meta property=\"og:locale\" content=\"ro_RO\" \/>\n<meta property=\"og:type\" content=\"article\" \/>\n<meta property=\"og:title\" content=\"Chromebook - mcCloud\" \/>\n<meta property=\"og:url\" content=\"https:\/\/mccloud.global\/ro\/chromebook\/\" \/>\n<meta property=\"og:site_name\" content=\"mcCloud\" \/>\n<meta property=\"article:modified_time\" content=\"2025-08-25T11:54:19+00:00\" \/>\n<meta name=\"twitter:card\" content=\"summary_large_image\" \/>\n<!-- \/ Yoast SEO plugin. -->","yoast_head_json":{"title":"Chromebook - mcCloud","robots":{"index":"index","follow":"follow","max-snippet":"max-snippet:-1","max-image-preview":"max-image-preview:large","max-video-preview":"max-video-preview:-1"},"canonical":"https:\/\/mccloud.global\/ro\/chromebook\/","og_locale":"ro_RO","og_type":"article","og_title":"Chromebook - mcCloud","og_url":"https:\/\/mccloud.global\/ro\/chromebook\/","og_site_name":"mcCloud","article_modified_time":"2025-08-25T11:54:19+00:00","twitter_card":"summary_large_image","schema":{"@context":"https:\/\/schema.org","@graph":[{"@type":"WebPage","@id":"https:\/\/mccloud.global\/ro\/chromebook\/","url":"https:\/\/mccloud.global\/ro\/chromebook\/","name":"Chromebook - mcCloud","isPartOf":{"@id":"https:\/\/mccloud.global\/ro\/#website"},"datePublished":"2024-11-10T14:05:46+00:00","dateModified":"2025-08-25T11:54:19+00:00","inLanguage":"ro-RO","potentialAction":[{"@type":"ReadAction","target":["https:\/\/mccloud.global\/ro\/chromebook\/"]}]},{"@type":"WebSite","@id":"https:\/\/mccloud.global\/ro\/#website","url":"https:\/\/mccloud.global\/ro\/","name":"mcCloud","description":"","potentialAction":[{"@type":"SearchAction","target":{"@type":"EntryPoint","urlTemplate":"https:\/\/mccloud.global\/ro\/?s={search_term_string}"},"query-input":{"@type":"PropertyValueSpecification","valueRequired":true,"valueName":"search_term_string"}}],"inLanguage":"ro-RO"}]}},"_links":{"self":[{"href":"https:\/\/mccloud.global\/ro\/wp-json\/wp\/v2\/pages\/2390","targetHints":{"allow":["GET"]}}],"collection":[{"href":"https:\/\/mccloud.global\/ro\/wp-json\/wp\/v2\/pages"}],"about":[{"href":"https:\/\/mccloud.global\/ro\/wp-json\/wp\/v2\/types\/page"}],"author":[{"embeddable":true,"href":"https:\/\/mccloud.global\/ro\/wp-json\/wp\/v2\/users\/1"}],"replies":[{"embeddable":true,"href":"https:\/\/mccloud.global\/ro\/wp-json\/wp\/v2\/comments?post=2390"}],"version-history":[{"count":53,"href":"https:\/\/mccloud.global\/ro\/wp-json\/wp\/v2\/pages\/2390\/revisions"}],"predecessor-version":[{"id":3386,"href":"https:\/\/mccloud.global\/ro\/wp-json\/wp\/v2\/pages\/2390\/revisions\/3386"}],"wp:attachment":[{"href":"https:\/\/mccloud.global\/ro\/wp-json\/wp\/v2\/media?parent=2390"}],"curies":[{"name":"wp","href":"https:\/\/api.w.org\/{rel}","templated":true}]}}