{"id":2503,"date":"2024-11-13T11:24:26","date_gmt":"2024-11-13T08:24:26","guid":{"rendered":"https:\/\/mccloud-dev.local\/?page_id=2503"},"modified":"2025-08-25T17:17:17","modified_gmt":"2025-08-25T14:17:17","slug":"monoblok","status":"publish","type":"page","link":"https:\/\/mccloud.global\/ro\/monoblok\/","title":{"rendered":"Monoblock"},"content":{"rendered":"<div class=\"flex self-center w-full max-w-[830px]\">\n      <h2 class=\"title-text-2 font-bold xl:mb-4 mb-3 text-5 leading-6\">Caracteristici ale computerului monoblock<\/h2>\n  <\/div>\n\n\n<div class=\"max-w-[830px] flex self-center w-full\">\n    <div class=\"flex py-2 flex-col gap-3\">\n      <p>Un monobloc este un computer cu drepturi depline care arat\u0103 ca un monitor cu cristale lichide obi\u0219nuit, dar nu necesit\u0103 o unitate de sistem separat\u0103, deoarece toate componentele sunt \u00eencorporate \u00een carcasa ecranului. O astfel de tehnologie devine din ce \u00een ce mai popular\u0103 datorit\u0103 compactit\u0103\u021bii sale \u0219i a lipsei firelor inutile. Este perfect\u0103 at\u00e2t pentru munc\u0103, c\u00e2t \u0219i pentru divertisment, cum ar fi vizionarea de filme sau redarea de jocuri video. Unele modele sunt echipate cu ecrane tactile, de\u0219i costul lor va fi mai mare.<\/p>\n<p>Monoblocurile se bazeaz\u0103 pe tehnologia laptopurilor, dar nu sunt la fel de portabile \u0219i necesit\u0103 o conexiune constant\u0103 la re\u021bea. Cu toate acestea, monoblocurile au un design simplu: toate componentele principale, cum ar fi hard disk-ul, placa de baz\u0103 \u0219i sistemul de r\u0103cire, sunt ad\u0103postite \u00eentr-o carcas\u0103 de monitor sau \u00eentr-un suport compact. Dispozitivul este, de obicei, doar pu\u021bin mai gros dec\u00e2t un monitor obi\u0219nuit.<\/p>\n<p>Majoritatea modelelor au difuzoare \u00eencorporate care sunt adecvate pentru utilizarea acas\u0103 sau la birou, iar matricele de afi\u0219are de \u00eenalt\u0103 calitate v\u0103 protejeaz\u0103 ochii de oboseal\u0103 vizual\u0103. De asemenea, dispozitivul este echipat cu o varietate de porturi pentru conectarea echipamentelor suplimentare.<\/p>\n<p>PC-urile Monoblock sunt ideale pentru utilizatorii care au nevoie de un computer elegant \u0219i compact pentru munc\u0103 \u0219i distrac\u021bie.<\/p>\n    <\/div>\n<\/div>\n\n<div class=\"flex self-center w-full max-w-[830px]\">\n      <h2 class=\"title-text-2 font-bold xl:mb-4 mb-3 text-5 leading-6\">Tipuri de echipamente<\/h2>\n  <\/div>\n\n\n<div class=\"max-w-[830px] flex self-center w-full\">\n    <div class=\"flex py-2 flex-col gap-3\">\n      <p>Ast\u0103zi, produc\u0103torii ofer\u0103 diferite modele de echipamente axate pe sarcini specifice. Astfel, pute\u021bi cump\u0103ra un monobloc de urm\u0103toarele tipuri:<\/p>\n    <\/div>\n<\/div>\n\n\n<div class=\"container\">\n    <div class=\"md:rounded-4 2xl:pt-11 pt-4 flex flex-col gap-6 items-center \"\n         style=\"background-color: \">\n\t\t\t\n\t\t\t\n        <div class=\"arrows-container my-4 flex flex-row justify-end rounded-2 w-full gap-2 lg:hidden max-w-[830px]\">\n            <div class='adv-arrow-prev arrow-button-container bg-white py-2 px-3 rounded-2 cursor-pointer'>\n                <img src='https:\/\/mccloud.global\/ro\/wp-content\/themes\/mccloud-new\/assets\/image\/chevron-left.svg' alt='prev'>\n            <\/div>\n            <div class='adv-arrow-next arrow-button-container bg-white py-2 px-3 rounded-2 cursor-pointer'>\n                <img src='https:\/\/mccloud.global\/ro\/wp-content\/themes\/mccloud-new\/assets\/image\/chevron-right.svg' alt='next'>\n            <\/div>\n        <\/div>\n\n        <div class=\"w-full \">\n            <div class=\"advantages-slider lg:grid lg:grid-cols-4 lg:gap-4 w-full\">\n\t\t\t\t\t\t\t\n\t\t\t\t\t\t\t                <div                  class=\"advantages-slider-item border border-customlightGray p-4 rounded-4 flex flex-col transition-all\n                hover:shadow-lg hover:no-underline group\"\n                style=\"background-color: #ffffff\">\n\t\t\t\t\t\t\t\n\t\t\t\t\t\t\t                  <img src='https:\/\/mccloud.global\/ro\/wp-content\/uploads\/2024\/11\/product-icon-4.svg' alt='icon' class='svg-icon-60'>\n\t\t\t\t\t\t\t\t\t\t\t\t\t\t\n\t\t\t\t\t\t\t\n                <p class=\"advantages-slider--heading text-[18px] leading-5 font-bold mb-3 mt-6 text-black group-hover:text-success transition-colors\">\n\t\t\t\t\t\t\t\t\tPentru birou                <\/p>\n\n                <p class=\"text-gray leading-4\">\n\t\t\t\t\t\t\t\t\tAceste modele sunt caracterizate de putere \u0219i fiabilitate sporite. Ele sunt potrivite \u00een special pentru designeri, deoarece ecranul mare le permite s\u0103 lucreze la proiecte \u00een detaliu. \u00cen plus, astfel de monitoare sunt utilizate pentru editarea video.\r\n\r\n                <\/p>\n\n            <\/div>\n\t\t\t\t\t                <div                  class=\"advantages-slider-item border border-customlightGray p-4 rounded-4 flex flex-col transition-all\n                hover:shadow-lg hover:no-underline group\"\n                style=\"background-color: #ffffff\">\n\t\t\t\t\t\t\t\n\t\t\t\t\t\t\t                  <img src='https:\/\/mccloud.global\/ro\/wp-content\/uploads\/2024\/11\/product-icon-3-1.svg' alt='icon' class='svg-icon-60'>\n\t\t\t\t\t\t\t\t\t\t\t\t\t\t\n\t\t\t\t\t\t\t\n                <p class=\"advantages-slider--heading text-[18px] leading-5 font-bold mb-3 mt-6 text-black group-hover:text-success transition-colors\">\n\t\t\t\t\t\t\t\t\tPentru cas\u0103                <\/p>\n\n                <p class=\"text-gray leading-4\">\n\t\t\t\t\t\t\t\t\tAcestea sunt de obicei echipate cu ecrane mari, ceea ce le face o op\u021biune excelent\u0103 pentru crearea unui home cinema. Posibilitatea de a conecta un sistem de difuzoare de \u00eenalt\u0103 calitate nu face dec\u00e2t s\u0103 sporeasc\u0103 acest efect.\r\n\r\n                <\/p>\n\n            <\/div>\n\t\t\t\t\t                <div                  class=\"advantages-slider-item border border-customlightGray p-4 rounded-4 flex flex-col transition-all\n                hover:shadow-lg hover:no-underline group\"\n                style=\"background-color: #ffffff\">\n\t\t\t\t\t\t\t\n\t\t\t\t\t\t\t                  <img src='https:\/\/mccloud.global\/ro\/wp-content\/uploads\/2024\/11\/product-icon-2-1.svg' alt='icon' class='svg-icon-60'>\n\t\t\t\t\t\t\t\t\t\t\t\t\t\t\n\t\t\t\t\t\t\t\n                <p class=\"advantages-slider--heading text-[18px] leading-5 font-bold mb-3 mt-6 text-black group-hover:text-success transition-colors\">\n\t\t\t\t\t\t\t\t\tCu elemente de laptop                <\/p>\n\n                <p class=\"text-gray leading-4\">\n\t\t\t\t\t\t\t\t\tAstfel de modele sunt la fel de bune ca laptopurile \u0219i computerele desktop cu putere medie \u00een ceea ce prive\u0219te performan\u021ba.\r\n\r\n                <\/p>\n\n            <\/div>\n\t\t\t\t\t                <div                  class=\"advantages-slider-item border border-customlightGray p-4 rounded-4 flex flex-col transition-all\n                hover:shadow-lg hover:no-underline group\"\n                style=\"background-color: #ffffff\">\n\t\t\t\t\t\t\t\n\t\t\t\t\t\t\t                  <img src='https:\/\/mccloud.global\/ro\/wp-content\/uploads\/2024\/11\/product-icon-5.svg' alt='icon' class='svg-icon-60'>\n\t\t\t\t\t\t\t\t\t\t\t\t\t\t\n\t\t\t\t\t\t\t\n                <p class=\"advantages-slider--heading text-[18px] leading-5 font-bold mb-3 mt-6 text-black group-hover:text-success transition-colors\">\n\t\t\t\t\t\t\t\t\tCu ecran tactil                <\/p>\n\n                <p class=\"text-gray leading-4\">\n\t\t\t\t\t\t\t\t\tExist\u0103 trei tipuri principale de ecrane tactile: capacitive, capacitive de suprafa\u021b\u0103 \u0219i rezistive.\r\n\r\n                <\/p>\n\n            <\/div>\n\t\t\t\t\t\n        <\/div>\n    <\/div>\n\n<\/div>\n<\/div>\n\n<\/div>\n\n<script>\n\t(function () {\n\t\tfunction animateCounter(el, target, decimals, duration) {\n\t\t\tvar start = null;\n\n\t\t\tfunction step(timestamp) {\n\t\t\t\tif (!start) start = timestamp;\n\t\t\t\tvar progress = Math.min((timestamp - start) \/ duration, 1);\n\t\t\t\tvar eased = 1 - Math.pow(1 - progress, 3);\n\t\t\t\tel.textContent = (target * eased).toFixed(decimals);\n\t\t\t\tif (progress < 1) {\n\t\t\t\t\trequestAnimationFrame(step);\n\t\t\t\t} else {\n\t\t\t\t\tel.textContent = target.toFixed(decimals);\n\t\t\t\t}\n\t\t\t}\n\n\t\t\trequestAnimationFrame(step);\n\t\t}\n\n\t\tvar counters = document.querySelectorAll('.cib-counter[data-target]');\n\t\tif (!counters.length) return;\n\n\t\tvar observer = new IntersectionObserver(function (entries, obs) {\n\t\t\tentries.forEach(function (entry) {\n\t\t\t\tif (entry.isIntersecting) {\n\t\t\t\t\tvar el = entry.target;\n\t\t\t\t\tvar target = parseFloat(el.dataset.target);\n\t\t\t\t\tvar decimals = parseInt(el.dataset.decimals, 10) || 0;\n\t\t\t\t\tanimateCounter(el, target, decimals, 1800);\n\t\t\t\t\tobs.unobserve(el);\n\t\t\t\t}\n\t\t\t});\n\t\t}, {threshold: 0.3});\n\n\t\tcounters.forEach(function (el) {\n\t\t\tobserver.observe(el);\n\t\t});\n\t}());\n<\/script>\n\n<div class=\"max-w-[830px] flex self-center w-full\">\n    <div class=\"pl-3 border-l-4 border-green flex py-2 flex-col gap-3\">\n      <p>De obicei, monoblocurile au un sistem de operare Windows. Performan\u021ba procesorului depinde, de asemenea, de modelul pe care \u00eel alege\u021bi: dispozitivele simple vor avea un procesor mai pu\u021bin puternic, \u00een timp ce versiunile pentru jocuri utilizeaz\u0103 cele mai productive op\u021biuni.<\/p>\n    <\/div>\n<\/div>\n\n<div class=\"flex self-center w-full max-w-[830px]\">\n      <h2 class=\"title-text-2 font-bold xl:mb-4 mb-3 text-5 leading-6\">De ce s\u0103 alege\u021bi un monobloc?<\/h2>\n  <\/div>\n\n\n<div class=\"max-w-[830px] flex self-center w-full\">\n    <div class=\"flex py-2 flex-col gap-3\">\n      <p>\u00cen plus fa\u021b\u0103 de dimensiunea lor compact\u0103, dispozitivele au \u0219i alte avantaje:<\/p>\n    <\/div>\n<\/div>\n\n<div class=\"container\">\n    <div class=\"md:rounded-4 2xl:pt-11 md:py-11 pt-4 flex flex-col gap-6 justify-center\"\n         style=\"background-color: \">\n        <div class=\"max-w-[830px] flex self-center w-full\">\n            <div class=\"rounded-4\">\n                                                                    <ul class=\"flex flex-col gap-3\">\n                                                                            <li class=\"flex items-center gap-3\">\n                <span\n                        class=\"rounded-full bg-green w-[44px] h-[44px] text-white flex justify-center items-center aspect-square\">1<\/span>\n                                <span>R\u0103cire. Monoblocurile au un sistem de r\u0103cire mai bun dec\u00e2t laptopurile, astfel \u00eenc\u00e2t nu se supra\u00eenc\u0103lzesc la sarcini normale. Cu toate acestea, \u00een unele cazuri, poate fi necesar\u0103 o r\u0103cire suplimentar\u0103.\r\n<\/span>\n                            <\/li>\n                                                                                <li class=\"flex items-center gap-3\">\n                <span\n                        class=\"rounded-full bg-green w-[44px] h-[44px] text-white flex justify-center items-center aspect-square\">2<\/span>\n                                <span>Func\u021bionare silen\u021bioas\u0103. Monoblocurile sunt aproape silen\u021bioase, mai ales \u00een compara\u021bie cu unit\u0103\u021bile de sistem. Acest lucru se realizeaz\u0103 datorit\u0103 unui sistem special de r\u0103cire, similar cu cel al unui laptop.\r\n<\/span>\n                            <\/li>\n                                                                                <li class=\"flex items-center gap-3\">\n                <span\n                        class=\"rounded-full bg-green w-[44px] h-[44px] text-white flex justify-center items-center aspect-square\">3<\/span>\n                                <span>Ecran. Monoblocurile sunt echipate cu un ecran mare, ceea ce le face ideale pentru vizionarea de filme, jocuri \u0219i prezent\u0103ri.\r\n<\/span>\n                            <\/li>\n                                                                                <li class=\"flex items-center gap-3\">\n                <span\n                        class=\"rounded-full bg-green w-[44px] h-[44px] text-white flex justify-center items-center aspect-square\">4<\/span>\n                                <span>Sistem audio \u00eencorporat. Calitatea sunetului asigur\u0103 o experien\u021b\u0103 confortabil\u0103 atunci c\u00e2nd viziona\u021bi videoclipuri sau v\u0103 juca\u021bi.\r\n<\/span>\n                            <\/li>\n                                                                                <li class=\"flex items-center gap-3\">\n                <span\n                        class=\"rounded-full bg-green w-[44px] h-[44px] text-white flex justify-center items-center aspect-square\">5<\/span>\n                                <span>Modul Wi-Fi. Monoblocurile sunt echipate cu un modul Wi-Fi \u00eencorporat, care v\u0103 permite s\u0103 v\u0103 conecta\u021bi cu u\u0219urin\u021b\u0103 la internet f\u0103r\u0103 a utiliza cabluri.\r\n<\/span>\n                            <\/li>\n                                                                                <li class=\"flex items-center gap-3\">\n                <span\n                        class=\"rounded-full bg-green w-[44px] h-[44px] text-white flex justify-center items-center aspect-square\">6<\/span>\n                                <span>Un num\u0103r suficient de conectori. Acest lucru v\u0103 permite s\u0103 conecta\u021bi o varietate de dispozitive suplimentare.\r\n<\/span>\n                            <\/li>\n                                                                                <li class=\"flex items-center gap-3\">\n                <span\n                        class=\"rounded-full bg-green w-[44px] h-[44px] text-white flex justify-center items-center aspect-square\">7<\/span>\n                                <span>Num\u0103r minim de fire. Spre deosebire de computerele desktop, monoblocurile nu necesit\u0103 un num\u0103r mare de fire.\r\n<\/span>\n                            <\/li>\n                                                                        <\/ul>\n                                \n            <\/div>\n        <\/div>\n            <\/div>\n<\/div>\n\n<div class=\"max-w-[830px] flex self-center w-full\">\n    <div class=\"pl-3 border-l-4 border-green flex py-2 flex-col gap-3\">\n      <p>Pute\u021bi cump\u0103ra un monoblock \u00een Ucraina la pre\u021buri avantajoase \u00een compania noastr\u0103 sun\u00e2nd sau scriind la chatbot pentru a clarifica disponibilitatea modelelor. Ve\u021bi g\u0103si multe op\u021biuni de la diferite m\u0103rci \u00een gam\u0103, ceea ce v\u0103 permite s\u0103 alege\u021bi cel mai bun model care v\u0103 satisface nevoile.<\/p>\n    <\/div>\n<\/div>","protected":false},"excerpt":{"rendered":"","protected":false},"author":1,"featured_media":0,"parent":0,"menu_order":0,"comment_status":"closed","ping_status":"closed","template":"page-templates\/device.php","meta":{"_acf_changed":false,"footnotes":""},"class_list":["post-2503","page","type-page","status-publish","hentry"],"acf":[],"yoast_head":"<!-- This site is optimized with the Yoast SEO plugin v26.8 - https:\/\/yoast.com\/product\/yoast-seo-wordpress\/ -->\n<title>Monoblock<\/title>\n<meta name=\"description\" content=\"\u041c\u043e\u043d\u043e\u0431\u043b\u043e\u043a \u2013 Citi\u021bi pe blogul McCloud! Multe articole interesante \u0219i utile despre ecosistemul Google Workspace \u2705 Doar informa\u021bii actuale de la speciali\u0219ti \u27a1\ufe0f mcCloud\" \/>\n<meta name=\"robots\" content=\"index, follow, max-snippet:-1, max-image-preview:large, max-video-preview:-1\" \/>\n<link rel=\"canonical\" href=\"https:\/\/mccloud.global\/ro\/monoblok\/\" \/>\n<meta property=\"og:locale\" content=\"ro_RO\" \/>\n<meta property=\"og:type\" content=\"article\" \/>\n<meta property=\"og:title\" content=\"Monoblock\" \/>\n<meta property=\"og:description\" content=\"\u041c\u043e\u043d\u043e\u0431\u043b\u043e\u043a \u2013 Citi\u021bi pe blogul McCloud! Multe articole interesante \u0219i utile despre ecosistemul Google Workspace \u2705 Doar informa\u021bii actuale de la speciali\u0219ti \u27a1\ufe0f mcCloud\" \/>\n<meta property=\"og:url\" content=\"https:\/\/mccloud.global\/ro\/monoblok\/\" \/>\n<meta property=\"og:site_name\" content=\"mcCloud\" \/>\n<meta property=\"article:modified_time\" content=\"2025-08-25T14:17:17+00:00\" \/>\n<meta name=\"twitter:card\" content=\"summary_large_image\" \/>\n<!-- \/ Yoast SEO plugin. -->","yoast_head_json":{"title":"Monoblock","description":"\u041c\u043e\u043d\u043e\u0431\u043b\u043e\u043a \u2013 Citi\u021bi pe blogul McCloud! Multe articole interesante \u0219i utile despre ecosistemul Google Workspace \u2705 Doar informa\u021bii actuale de la speciali\u0219ti \u27a1\ufe0f mcCloud","robots":{"index":"index","follow":"follow","max-snippet":"max-snippet:-1","max-image-preview":"max-image-preview:large","max-video-preview":"max-video-preview:-1"},"canonical":"https:\/\/mccloud.global\/ro\/monoblok\/","og_locale":"ro_RO","og_type":"article","og_title":"Monoblock","og_description":"\u041c\u043e\u043d\u043e\u0431\u043b\u043e\u043a \u2013 Citi\u021bi pe blogul McCloud! Multe articole interesante \u0219i utile despre ecosistemul Google Workspace \u2705 Doar informa\u021bii actuale de la speciali\u0219ti \u27a1\ufe0f mcCloud","og_url":"https:\/\/mccloud.global\/ro\/monoblok\/","og_site_name":"mcCloud","article_modified_time":"2025-08-25T14:17:17+00:00","twitter_card":"summary_large_image","schema":{"@context":"https:\/\/schema.org","@graph":[{"@type":"WebPage","@id":"https:\/\/mccloud.global\/ro\/monoblok\/","url":"https:\/\/mccloud.global\/ro\/monoblok\/","name":"Monoblock","isPartOf":{"@id":"https:\/\/mccloud.global\/ro\/#website"},"datePublished":"2024-11-13T08:24:26+00:00","dateModified":"2025-08-25T14:17:17+00:00","description":"\u041c\u043e\u043d\u043e\u0431\u043b\u043e\u043a \u2013 Citi\u021bi pe blogul McCloud! Multe articole interesante \u0219i utile despre ecosistemul Google Workspace \u2705 Doar informa\u021bii actuale de la speciali\u0219ti \u27a1\ufe0f mcCloud","inLanguage":"ro-RO","potentialAction":[{"@type":"ReadAction","target":["https:\/\/mccloud.global\/ro\/monoblok\/"]}]},{"@type":"WebSite","@id":"https:\/\/mccloud.global\/ro\/#website","url":"https:\/\/mccloud.global\/ro\/","name":"mcCloud","description":"","potentialAction":[{"@type":"SearchAction","target":{"@type":"EntryPoint","urlTemplate":"https:\/\/mccloud.global\/ro\/?s={search_term_string}"},"query-input":{"@type":"PropertyValueSpecification","valueRequired":true,"valueName":"search_term_string"}}],"inLanguage":"ro-RO"}]}},"_links":{"self":[{"href":"https:\/\/mccloud.global\/ro\/wp-json\/wp\/v2\/pages\/2503","targetHints":{"allow":["GET"]}}],"collection":[{"href":"https:\/\/mccloud.global\/ro\/wp-json\/wp\/v2\/pages"}],"about":[{"href":"https:\/\/mccloud.global\/ro\/wp-json\/wp\/v2\/types\/page"}],"author":[{"embeddable":true,"href":"https:\/\/mccloud.global\/ro\/wp-json\/wp\/v2\/users\/1"}],"replies":[{"embeddable":true,"href":"https:\/\/mccloud.global\/ro\/wp-json\/wp\/v2\/comments?post=2503"}],"version-history":[{"count":12,"href":"https:\/\/mccloud.global\/ro\/wp-json\/wp\/v2\/pages\/2503\/revisions"}],"predecessor-version":[{"id":3453,"href":"https:\/\/mccloud.global\/ro\/wp-json\/wp\/v2\/pages\/2503\/revisions\/3453"}],"wp:attachment":[{"href":"https:\/\/mccloud.global\/ro\/wp-json\/wp\/v2\/media?parent=2503"}],"curies":[{"name":"wp","href":"https:\/\/api.w.org\/{rel}","templated":true}]}}