{"id":2512,"date":"2024-11-13T11:28:05","date_gmt":"2024-11-13T08:28:05","guid":{"rendered":"https:\/\/mccloud-dev.local\/?page_id=2512"},"modified":"2025-08-25T17:03:24","modified_gmt":"2025-08-25T14:03:24","slug":"lenovo-chromebook","status":"publish","type":"page","link":"https:\/\/mccloud.global\/ro\/lenovo-chromebook\/","title":{"rendered":"Lenovo Chromebook"},"content":{"rendered":"<div class=\"flex self-center w-full max-w-[830px]\">\n      <h2 class=\"title-text-2 font-bold xl:mb-4 mb-3 text-5 leading-6\">De ce s\u0103 alege\u021bi un Chromebook Lenovo?<\/h2>\n  <\/div>\n\n\n<div class=\"max-w-[830px] flex self-center w-full\">\n    <div class=\"flex py-2 flex-col gap-3\">\n      <p>Gadgetul combin\u0103 simplitatea, viteza \u0219i func\u021bionalitatea. Este conceput pentru cei care doresc un dispozitiv care porne\u0219te rapid, func\u021bioneaz\u0103 f\u0103r\u0103 probleme \u0219i se integreaz\u0103 perfect \u00een ecosistemul Google.<\/p>\n    <\/div>\n<\/div>\n\n<div class=\"container\">\n    <div class=\"md:rounded-4 2xl:pt-11 md:py-11 pt-4 flex flex-col gap-6 justify-center\"\n         style=\"background-color: \">\n        <div class=\"max-w-[830px] flex self-center w-full\">\n            <div class=\"rounded-4\">\n                                    <h3 class=\"text-5 mb-6 font-bold\"><p>Printre principalele avantaje ale Lenovo Chromebook se num\u0103r\u0103 urm\u0103toarele:<\/p>\n<\/h3>\n                                                                    <ul class=\"flex flex-col gap-3\">\n                                                                            <li class=\"flex items-center gap-3\">\n                <span\n                        class=\"rounded-full bg-green w-[44px] h-[44px] text-white flex justify-center items-center aspect-square\">1<\/span>\n                                <span>U\u0219or de utilizat. Chromebook-urile sunt alimentate de sistemul de operare Chrome OS, care are o interfa\u021b\u0103 intuitiv\u0103.\r\n<\/span>\n                            <\/li>\n                                                                                <li class=\"flex items-center gap-3\">\n                <span\n                        class=\"rounded-full bg-green w-[44px] h-[44px] text-white flex justify-center items-center aspect-square\">2<\/span>\n                                <span>Vitez\u0103 \u0219i performan\u021b\u0103. Laptopul porne\u0219te \u00een c\u00e2teva secunde \u0219i, datorit\u0103 integr\u0103rii str\u00e2nse cu serviciile cloud Google, este c\u00e2t se poate de eficient. Este alegerea perfect\u0103 pentru cei care pre\u021buiesc timpul \u0219i nu doresc s\u0103 \u00eel iroseasc\u0103 pe timpi lungi de pornire pentru sistem sau aplica\u021bii.\r\n<\/span>\n                            <\/li>\n                                                                                <li class=\"flex items-center gap-3\">\n                <span\n                        class=\"rounded-full bg-green w-[44px] h-[44px] text-white flex justify-center items-center aspect-square\">3<\/span>\n                                <span>Fiabilitate \u0219i securitate. Chrome OS este actualizat periodic pentru a asigura un nivel ridicat de securitate. \u00cen plus, v\u0103 salveaz\u0103 automat datele \u00een cloud, astfel \u00eenc\u00e2t nu ve\u021bi pierde informa\u021bii importante. Hackerii \u0219i viru\u0219ii nu reprezint\u0103 o mare amenin\u021bare pentru Chromebooks datorit\u0103 standardelor ridicate de securitate ale Google.\r\n<\/span>\n                            <\/li>\n                                                                        <\/ul>\n                                \n            <\/div>\n        <\/div>\n            <\/div>\n<\/div>\n\n<div class=\"max-w-[830px] flex self-center w-full\">\n    <div class=\"flex py-2 flex-col gap-3\">\n      <p>Lenovo Chromebook este ideal pentru studen\u021bi, iar acest lucru este sus\u021binut de o serie de caracteristici cheie. \u00cen primul r\u00e2nd, gadgetul este accesibil, ceea ce \u00eel face o alegere excelent\u0103 pentru cei care caut\u0103 un laptop accesibil, dar productiv pentru studiu. Chiar \u0219i cele mai ieftine modele de Chromebook sunt capabile s\u0103 \u00eendeplineasc\u0103 toate sarcinile de baz\u0103, cum ar fi lucrul cu documente, navigarea pe internet, comunicarea prin apeluri video \u0219i participarea la cursuri online.<\/p>\n<p>Un alt avantaj important pentru studen\u021bi este u\u0219urin\u021ba \u0219i portabilitatea laptopului. Un Lenovo Chromebook c\u00e2nt\u0103re\u0219te de obicei aproximativ un kilogram, ceea ce \u00eel face ideal pentru cei care se deplaseaz\u0103 constant \u00eentre clase sau institu\u021bii de \u00eenv\u0103\u021b\u0103m\u00e2nt. Tastatura \u00eencorporat\u0103 este convenabil\u0103 pentru lucrul cu text, iar durata lung\u0103 de via\u021b\u0103 a bateriei (p\u00e2n\u0103 la 10-12 ore) v\u0103 permite s\u0103 utiliza\u021bi laptopul pe tot parcursul zilei f\u0103r\u0103 re\u00eenc\u0103rcare.<\/p>\n<p>Serviciile cloud precum Google Docs \u0219i Google Classroom fac procesul de \u00eenv\u0103\u021bare \u0219i mai convenabil. Elevii \u00ee\u0219i pot crea, edita \u0219i salva lucr\u0103rile online, ceea ce le permite s\u0103 acceseze materialele de oriunde.<\/p>\n    <\/div>\n<\/div>\n\n<div class=\"flex self-center w-full max-w-[830px]\">\n      <h2 class=\"title-text-2 font-bold xl:mb-4 mb-3 text-5 leading-6\">Laptopuri Lenovo pentru munc\u0103: sunt potrivite pentru dvs.?<\/h2>\n  <\/div>\n\n\n<div class=\"max-w-[830px] flex self-center w-full\">\n    <div class=\"flex py-2 flex-col gap-3\">\n      <p>Cu suport pentru Google Workspace (Google Docs, Sheets, Slides), aceste laptopuri devin un instrument de \u00eencredere pentru lucrul cu documente de birou. Gadgetul faciliteaz\u0103 editarea \u0219i partajarea fi\u0219ierelor cu colegii, f\u0103c\u00e2nd fluxurile de lucru mai flexibile \u0219i mai organizate.<\/p>\n<p>Chromebook-urile sunt potrivite \u0219i pentru lucrul de la distan\u021b\u0103. Sistemul de operare Chrome OS suport\u0103 multitasking, permi\u021b\u00e2ndu-v\u0103 s\u0103 lucra\u021bi cu mai multe file de browser \u0219i aplica\u021bii \u00een acela\u0219i timp, f\u0103r\u0103 a sacrifica performan\u021ba. Acest lucru face ca dispozitivul s\u0103 fie util pentru cei care analizeaz\u0103 date sau pur \u0219i simplu petrec mult timp online.<\/p>\n<p>O alt\u0103 caracteristic\u0103 important\u0103 este durabilitatea bateriei. Lenovo Chromebook poate func\u021biona p\u00e2n\u0103 la 12 ore f\u0103r\u0103 re\u00eenc\u0103rcare, ceea ce v\u0103 permite s\u0103 \u00eel lua\u021bi cu dvs. \u00een c\u0103l\u0103torii lungi sau la \u00eent\u00e2lniri f\u0103r\u0103 s\u0103 v\u0103 face\u021bi griji cu privire la g\u0103sirea unei prize.<\/p>\n    <\/div>\n<\/div>\n\n<div class=\"flex self-center w-full max-w-[830px]\">\n      <h2 class=\"title-text-2 font-bold xl:mb-4 mb-3 text-5 leading-6\">Cum s\u0103 alege\u021bi laptopul perfect?<\/h2>\n  <\/div>\n\n\n<div class=\"max-w-[830px] flex self-center w-full\">\n    <div class=\"flex py-2 flex-col gap-3\">\n      <p>Dac\u0103 v\u0103 decide\u021bi s\u0103 cump\u0103ra\u021bi un Google Lenovo Chromebook, este important s\u0103 acorda\u021bi aten\u021bie c\u00e2torva caracteristici cheie:<\/p>\n<p>Procesor \u0219i memorie RAM. De\u0219i majoritatea Chromebook-urilor sunt echipate cu procesoare mid-range, este important s\u0103 alege\u021bi un model cu suficient\u0103 memorie RAM pentru nevoile dvs. Pentru sarcinile de baz\u0103, 4 GB de RAM sunt suficien\u021bi, dar pentru sarcini mai complexe, este mai bine s\u0103 alege\u021bi 8 GB sau mai mult.<br \/>\nEcran \u0219i rezolu\u021bie. Chromebook-urile sunt disponibile \u00eentr-o gam\u0103 variat\u0103 de dimensiuni ale ecranului, de la modele compacte de 11 inchi la modele de 14-15 inchi. Pentru o munc\u0103 confortabil\u0103, ar trebui s\u0103 alege\u021bi un dispozitiv cu o rezolu\u021bie Full HD (1920\u00d71080), mai ales dac\u0103 lucra\u021bi des cu texte sau fi\u0219iere multimedia.<br \/>\nDe asemenea, este important s\u0103 lua\u021bi \u00een considerare disponibilitatea porturilor \u0219i a conectivit\u0103\u021bii. Chromebook-urile Lenovo au de obicei un minim de porturi, dar ar trebui s\u0103 c\u0103uta\u021bi USB-C, USB-A \u0219i un slot pentru card microSD dac\u0103 trebuie s\u0103 conecta\u021bi dispozitive externe sau s\u0103 v\u0103 extinde\u021bi memoria.<\/p>\n    <\/div>\n<\/div>","protected":false},"excerpt":{"rendered":"","protected":false},"author":1,"featured_media":0,"parent":0,"menu_order":0,"comment_status":"closed","ping_status":"closed","template":"page-templates\/device.php","meta":{"_acf_changed":false,"footnotes":""},"class_list":["post-2512","page","type-page","status-publish","hentry"],"acf":[],"yoast_head":"<!-- This site is optimized with the Yoast SEO plugin v26.8 - https:\/\/yoast.com\/product\/yoast-seo-wordpress\/ -->\n<title>Lenovo Chromebook - mcCloud<\/title>\n<meta name=\"description\" content=\"Lenovo Chromebook \u2013 Citi\u021bi pe blogul McCloud! Multe articole interesante \u0219i utile despre ecosistemul Google Workspace \u2705 Doar informa\u021bii actuale de la speciali\u0219ti \u27a1\ufe0f mcCloud\" \/>\n<meta name=\"robots\" content=\"index, follow, max-snippet:-1, max-image-preview:large, max-video-preview:-1\" \/>\n<link rel=\"canonical\" href=\"https:\/\/mccloud.global\/ro\/lenovo-chromebook\/\" \/>\n<meta property=\"og:locale\" content=\"ro_RO\" \/>\n<meta property=\"og:type\" content=\"article\" \/>\n<meta property=\"og:title\" content=\"Lenovo Chromebook - mcCloud\" \/>\n<meta property=\"og:description\" content=\"Lenovo Chromebook \u2013 Citi\u021bi pe blogul McCloud! Multe articole interesante \u0219i utile despre ecosistemul Google Workspace \u2705 Doar informa\u021bii actuale de la speciali\u0219ti \u27a1\ufe0f mcCloud\" \/>\n<meta property=\"og:url\" content=\"https:\/\/mccloud.global\/ro\/lenovo-chromebook\/\" \/>\n<meta property=\"og:site_name\" content=\"mcCloud\" \/>\n<meta property=\"article:modified_time\" content=\"2025-08-25T14:03:24+00:00\" \/>\n<meta name=\"twitter:card\" content=\"summary_large_image\" \/>\n<!-- \/ Yoast SEO plugin. -->","yoast_head_json":{"title":"Lenovo Chromebook - mcCloud","description":"Lenovo Chromebook \u2013 Citi\u021bi pe blogul McCloud! Multe articole interesante \u0219i utile despre ecosistemul Google Workspace \u2705 Doar informa\u021bii actuale de la speciali\u0219ti \u27a1\ufe0f mcCloud","robots":{"index":"index","follow":"follow","max-snippet":"max-snippet:-1","max-image-preview":"max-image-preview:large","max-video-preview":"max-video-preview:-1"},"canonical":"https:\/\/mccloud.global\/ro\/lenovo-chromebook\/","og_locale":"ro_RO","og_type":"article","og_title":"Lenovo Chromebook - mcCloud","og_description":"Lenovo Chromebook \u2013 Citi\u021bi pe blogul McCloud! Multe articole interesante \u0219i utile despre ecosistemul Google Workspace \u2705 Doar informa\u021bii actuale de la speciali\u0219ti \u27a1\ufe0f mcCloud","og_url":"https:\/\/mccloud.global\/ro\/lenovo-chromebook\/","og_site_name":"mcCloud","article_modified_time":"2025-08-25T14:03:24+00:00","twitter_card":"summary_large_image","schema":{"@context":"https:\/\/schema.org","@graph":[{"@type":"WebPage","@id":"https:\/\/mccloud.global\/ro\/lenovo-chromebook\/","url":"https:\/\/mccloud.global\/ro\/lenovo-chromebook\/","name":"Lenovo Chromebook - mcCloud","isPartOf":{"@id":"https:\/\/mccloud.global\/ro\/#website"},"datePublished":"2024-11-13T08:28:05+00:00","dateModified":"2025-08-25T14:03:24+00:00","description":"Lenovo Chromebook \u2013 Citi\u021bi pe blogul McCloud! Multe articole interesante \u0219i utile despre ecosistemul Google Workspace \u2705 Doar informa\u021bii actuale de la speciali\u0219ti \u27a1\ufe0f mcCloud","inLanguage":"ro-RO","potentialAction":[{"@type":"ReadAction","target":["https:\/\/mccloud.global\/ro\/lenovo-chromebook\/"]}]},{"@type":"WebSite","@id":"https:\/\/mccloud.global\/ro\/#website","url":"https:\/\/mccloud.global\/ro\/","name":"mcCloud","description":"","potentialAction":[{"@type":"SearchAction","target":{"@type":"EntryPoint","urlTemplate":"https:\/\/mccloud.global\/ro\/?s={search_term_string}"},"query-input":{"@type":"PropertyValueSpecification","valueRequired":true,"valueName":"search_term_string"}}],"inLanguage":"ro-RO"}]}},"_links":{"self":[{"href":"https:\/\/mccloud.global\/ro\/wp-json\/wp\/v2\/pages\/2512","targetHints":{"allow":["GET"]}}],"collection":[{"href":"https:\/\/mccloud.global\/ro\/wp-json\/wp\/v2\/pages"}],"about":[{"href":"https:\/\/mccloud.global\/ro\/wp-json\/wp\/v2\/types\/page"}],"author":[{"embeddable":true,"href":"https:\/\/mccloud.global\/ro\/wp-json\/wp\/v2\/users\/1"}],"replies":[{"embeddable":true,"href":"https:\/\/mccloud.global\/ro\/wp-json\/wp\/v2\/comments?post=2512"}],"version-history":[{"count":9,"href":"https:\/\/mccloud.global\/ro\/wp-json\/wp\/v2\/pages\/2512\/revisions"}],"predecessor-version":[{"id":3439,"href":"https:\/\/mccloud.global\/ro\/wp-json\/wp\/v2\/pages\/2512\/revisions\/3439"}],"wp:attachment":[{"href":"https:\/\/mccloud.global\/ro\/wp-json\/wp\/v2\/media?parent=2512"}],"curies":[{"name":"wp","href":"https:\/\/api.w.org\/{rel}","templated":true}]}}