{"id":2569,"date":"2024-11-13T12:35:25","date_gmt":"2024-11-13T09:35:25","guid":{"rendered":"https:\/\/mccloud-dev.local\/?page_id=2569"},"modified":"2025-12-22T18:14:58","modified_gmt":"2025-12-22T15:14:58","slug":"plans-google-workspace-enterprise","status":"publish","type":"page","link":"https:\/\/mccloud.global\/ro\/plans-google-workspace-enterprise\/","title":{"rendered":"\u041f\u0430\u043a\u0435\u0442\u0438 Google Workspace Enterprise"},"content":{"rendered":"<div class=\"max-w-[830px] flex self-center w-full\">\n    <div class=\"flex py-2 flex-col gap-3\">\n      <p>Google Workspace Enterprise este un pachet de servicii premium care ofer\u0103 func\u021bionalit\u0103\u021bi avansate \u0219i caracteristici suplimentare pentru corpora\u021biile mari. Aceast\u0103 versiune ofer\u0103 productivitate maxim\u0103, garanteaz\u0103 cel mai \u00eenalt nivel de protec\u021bie a datelor \u0219i creeaz\u0103 condi\u021bii optime pentru colaborarea \u00een echip\u0103, r\u0103spunz\u00e2nd nevoilor celor mai exigente \u00eentreprinderi.<\/p>\n    <\/div>\n<\/div>\n\n<div class=\"flex self-center w-full max-w-[830px]\">\n      <h2 class=\"title-text-2 font-bold xl:mb-4 mb-3 text-5 leading-6\">Google Workspace Business vs Enterprise: care este diferen\u021ba dintre pachete<\/h2>\n  <\/div>\n\n\n<div class=\"max-w-[830px] flex self-center w-full\">\n    <div class=\"flex py-2 flex-col gap-3\">\n      <p>Google Workspace (fost Gsuite) \u0219i Enterprise vs Business sunt pachete de servicii Google. Ambele sunt concepute pentru a fi utilizate \u00eentr-un mediu de afaceri, dar difer\u0103 \u00een ceea ce prive\u0219te func\u021bionalitatea \u0219i costul. Este important s\u0103 \u00een\u021belege\u021bi caracteristicile fiec\u0103rei op\u021biuni, astfel \u00eenc\u00e2t s\u0103 o pute\u021bi alege pe cea care se potrive\u0219te cel mai bine nevoilor dvs. de afaceri.<\/p>\n    <\/div>\n<\/div>\n\n<div class=\"container\">\n    <div class=\"md:rounded-4 2xl:pt-11 md:py-11 pt-4 flex flex-col gap-6 justify-center\"\n         style=\"background-color: \">\n        <div class=\"max-w-[830px] flex self-center w-full\">\n            <div class=\"rounded-4\">\n                                    <h3 class=\"text-5 mb-6 font-bold\"><p>S\u0103 arunc\u0103m o privire la principalele caracteristici ale pachetelor:<\/p>\n<\/h3>\n                                                                    <ul class=\"flex flex-col gap-3\">\n                                                                            <li class=\"flex items-center gap-3\">\n                <span\n                        class=\"rounded-full bg-green w-[44px] h-[44px] text-white flex justify-center items-center aspect-square\">1<\/span>\n                                <span>Planurile Google Workspace Business au o limit\u0103 de 300 de utilizatori. Pentru mai mul\u021bi utilizatori, trebuie s\u0103 lua\u021bi \u00een considerare planurile Enterprise. Pentru peste 300 de utilizatori, pute\u021bi combina planurile Business \u0219i Enterprise.\r\n<\/span>\n                            <\/li>\n                                                                                <li class=\"flex items-center gap-3\">\n                <span\n                        class=\"rounded-full bg-green w-[44px] h-[44px] text-white flex justify-center items-center aspect-square\">2<\/span>\n                                <span>Google Workspace Business ofer\u0103 spa\u021biu de stocare limitat (2-5 TB per utilizator), \u00een timp ce Enterprise ofer\u0103 spa\u021biu de stocare nelimitat.\r\n<\/span>\n                            <\/li>\n                                                                                <li class=\"flex items-center gap-3\">\n                <span\n                        class=\"rounded-full bg-green w-[44px] h-[44px] text-white flex justify-center items-center aspect-square\">3<\/span>\n                                <span>Business v\u0103 permite s\u0103 efectua\u021bi videoconferin\u021be cu p\u00e2n\u0103 la 150-500 de persoane, iar Enterprise &#8211; cu p\u00e2n\u0103 la 500 de persoane, cu posibilitatea suplimentar\u0103 de a face streaming \u00eentr-un domeniu.\r\n<\/span>\n                            <\/li>\n                                                                                <li class=\"flex items-center gap-3\">\n                <span\n                        class=\"rounded-full bg-green w-[44px] h-[44px] text-white flex justify-center items-center aspect-square\">4<\/span>\n                                <span>Enterprise are caracteristici de securitate mai avansate, inclusiv prevenirea pierderii datelor (DLP), analize avansate de securitate \u0219i criptarea e-mailurilor.\r\n<\/span>\n                            <\/li>\n                                                                                <li class=\"flex items-center gap-3\">\n                <span\n                        class=\"rounded-full bg-green w-[44px] h-[44px] text-white flex justify-center items-center aspect-square\">5<\/span>\n                                <span>Enterprise ofer\u0103 Security Sandbox pentru scanarea ata\u0219amentelor mali\u021bioase, care nu este disponibil \u00een versiunea Business.\r\n<\/span>\n                            <\/li>\n                                                                                <li class=\"flex items-center gap-3\">\n                <span\n                        class=\"rounded-full bg-green w-[44px] h-[44px] text-white flex justify-center items-center aspect-square\">6<\/span>\n                                <span>Pre\u021bul Business variaz\u0103 de la $12 la $18 pe lun\u0103 per utilizator, \u00een timp ce pre\u021bul Enterprise este de obicei mai mare \u0219i variaz\u0103 \u00een func\u021bie de nevoile fiec\u0103rui client.\r\n<\/span>\n                            <\/li>\n                                                                                <li class=\"flex items-center gap-3\">\n                <span\n                        class=\"rounded-full bg-green w-[44px] h-[44px] text-white flex justify-center items-center aspect-square\">7<\/span>\n                                <span>Enterprise include protec\u021bie complet\u0103 \u00eempotriva phishing-ului \u0219i malware-ului.\r\n<\/span>\n                            <\/li>\n                                                                                <li class=\"flex items-center gap-3\">\n                <span\n                        class=\"rounded-full bg-green w-[44px] h-[44px] text-white flex justify-center items-center aspect-square\">8<\/span>\n                                <span>Business este mai potrivit pentru \u00eentreprinderile mici \u0219i mijlocii, \u00een timp ce Enterprise este destinat \u00eentreprinderilor mari cu cerin\u021be sporite.\r\n<\/span>\n                            <\/li>\n                                                                                <li class=\"flex items-center gap-3\">\n                <span\n                        class=\"rounded-full bg-green w-[44px] h-[44px] text-white flex justify-center items-center aspect-square\">9<\/span>\n                                <span>Enterprise are o scalabilitate mai bun\u0103 pentru organiza\u021biile mari.\r\n<\/span>\n                            <\/li>\n                                                                                <li class=\"flex items-center gap-3\">\n                <span\n                        class=\"rounded-full bg-green w-[44px] h-[44px] text-white flex justify-center items-center aspect-square\">10<\/span>\n                                <span>Enterprise are capabilit\u0103\u021bi de streaming \u00eembun\u0103t\u0103\u021bite.\r\n<\/span>\n                            <\/li>\n                                                                        <\/ul>\n                                \n            <\/div>\n        <\/div>\n            <\/div>\n<\/div>\n\n<div class=\"max-w-[830px] flex self-center w-full\">\n    <div class=\"pl-3 border-l-4 border-green flex py-2 flex-col gap-3\">\n      <p>Cu toate acestea, este demn de remarcat faptul c\u0103 ambele pachete ofer\u0103 acces la setul principal de aplica\u021bii Google (Gmail, Drive, Meet, Calendar etc.), dar Enterprise ofer\u0103 func\u021bii avansate pentru unele dintre acestea.<\/p>\n    <\/div>\n<\/div>\n\n<div class=\"flex self-center w-full max-w-[830px]\">\n      <h2 class=\"title-text-2 font-bold xl:mb-4 mb-3 text-5 leading-6\">Care sunt caracteristicile Google Workspace (Gsuite) Enterprise?<\/h2>\n  <\/div>\n\n\n\n<div class=\"container\">\n    <div class=\"md:rounded-4 2xl:pt-11 pt-4 flex flex-col gap-6 items-center \"\n         style=\"background-color: \">\n\t\t\t\n\t\t\t\n        <div class=\"arrows-container my-4 flex flex-row justify-end rounded-2 w-full gap-2 lg:hidden max-w-[830px]\">\n            <div class='adv-arrow-prev arrow-button-container bg-white py-2 px-3 rounded-2 cursor-pointer'>\n                <img src='https:\/\/mccloud.global\/ro\/wp-content\/themes\/mccloud-new\/assets\/image\/chevron-left.svg' alt='prev'>\n            <\/div>\n            <div class='adv-arrow-next arrow-button-container bg-white py-2 px-3 rounded-2 cursor-pointer'>\n                <img src='https:\/\/mccloud.global\/ro\/wp-content\/themes\/mccloud-new\/assets\/image\/chevron-right.svg' alt='next'>\n            <\/div>\n        <\/div>\n\n        <div class=\"w-full \">\n            <div class=\"advantages-slider lg:grid lg:grid-cols-3 lg:gap-4 w-full\">\n\t\t\t\t\t\t\t\n\t\t\t\t\t\t\t                <div                  class=\"advantages-slider-item border border-customlightGray p-4 rounded-4 flex flex-col transition-all\n                hover:shadow-lg hover:no-underline group\"\n                style=\"background-color: #ffffff\">\n\t\t\t\t\t\t\t\n\t\t\t\t\t\t\t                  <img src='https:\/\/mccloud.global\/ro\/wp-content\/uploads\/2024\/11\/product-icon-11.svg' alt='icon' class='svg-icon-60'>\n\t\t\t\t\t\t\t\t\t\t\t\t\t\t\n\t\t\t\t\t\t\t\n                <p class=\"advantages-slider--heading text-[18px] leading-5 font-bold mb-3 mt-6 text-black group-hover:text-success transition-colors\">\n\t\t\t\t\t\t\t\t\tProtec\u021bie sporit\u0103 a datelor                <\/p>\n\n                <p class=\"text-gray leading-4\">\n\t\t\t\t\t\t\t\t\tSolu\u021biile moderne pentru \u00eentreprinderi ofer\u0103 o gam\u0103 larg\u0103 de instrumente de securitate a datelor. Un rol cheie \u00eel joac\u0103 un sistem inteligent de prevenire a scurgerilor de informa\u021bii, care scaneaz\u0103 automat con\u021binutul Google Drive \u0219i Gmail, bloc\u00e2nd transferul de date sensibile, cum ar fi numerele cardurilor de credit sau ale asigur\u0103rilor sociale. O analiz\u0103 cuprinz\u0103toare a amenin\u021b\u0103rilor este realizat\u0103 prin intermediul unui tablou de bord de securitate centralizat, care ofer\u0103 recomand\u0103ri cu privire la modul de eliminare a vulnerabilit\u0103\u021bilor \u0219i de optimizare a protec\u021biei.\r\n\r\n                <\/p>\n\n            <\/div>\n\t\t\t\t\t                <div                  class=\"advantages-slider-item border border-customlightGray p-4 rounded-4 flex flex-col transition-all\n                hover:shadow-lg hover:no-underline group\"\n                style=\"background-color: #ffffff\">\n\t\t\t\t\t\t\t\n\t\t\t\t\t\t\t                  <img src='https:\/\/mccloud.global\/ro\/wp-content\/uploads\/2024\/11\/product-icon-2-4.svg' alt='icon' class='svg-icon-60'>\n\t\t\t\t\t\t\t\t\t\t\t\t\t\t\n\t\t\t\t\t\t\t\n                <p class=\"advantages-slider--heading text-[18px] leading-5 font-bold mb-3 mt-6 text-black group-hover:text-success transition-colors\">\n\t\t\t\t\t\t\t\t\tIntegrare \u0219i transparen\u021b\u0103                <\/p>\n\n                <p class=\"text-gray leading-4\">\n\t\t\t\t\t\t\t\t\tIntegrarea cu diverse sisteme este mult simplificat\u0103 de suportul LDAP, care faciliteaz\u0103 conectarea aplica\u021biilor compatibile la infrastructura Google Workspace. Un alt aspect important al securit\u0103\u021bii este transparen\u021ba ac\u021biunilor angaja\u021bilor Google, care ofer\u0103 acces la jurnale detaliate ale opera\u021biunilor cu datele organiza\u021biei.\r\n\r\n                <\/p>\n\n            <\/div>\n\t\t\t\t\t                <div                  class=\"advantages-slider-item border border-customlightGray p-4 rounded-4 flex flex-col transition-all\n                hover:shadow-lg hover:no-underline group\"\n                style=\"background-color: #ffffff\">\n\t\t\t\t\t\t\t\n\t\t\t\t\t\t\t                  <img src='https:\/\/mccloud.global\/ro\/wp-content\/uploads\/2024\/11\/product-icon-3-4.svg' alt='icon' class='svg-icon-60'>\n\t\t\t\t\t\t\t\t\t\t\t\t\t\t\n\t\t\t\t\t\t\t\n                <p class=\"advantages-slider--heading text-[18px] leading-5 font-bold mb-3 mt-6 text-black group-hover:text-success transition-colors\">\n\t\t\t\t\t\t\t\t\tGestionarea dispozitivelor mobile \u0219i controlul accesului                <\/p>\n\n                <p class=\"text-gray leading-4\">\n\t\t\t\t\t\t\t\t\tGestionarea dispozitivelor mobile este dus\u0103 la nivelul urm\u0103tor prin integrarea Apple Business Manager \u0219i Android Zero Touch, oferind control centralizat asupra dispozitivelor corporative. Gestionarea avansat\u0103 a dispozitivelor Windows v\u0103 permite s\u0103 aplica\u021bi de la distan\u021b\u0103 politici de securitate pe computerele angaja\u021bilor.\r\n\r\n                <\/p>\n\n            <\/div>\n\t\t\t\t\t                <div                  class=\"advantages-slider-item border border-customlightGray p-4 rounded-4 flex flex-col transition-all\n                hover:shadow-lg hover:no-underline group\"\n                style=\"background-color: #ffffff\">\n\t\t\t\t\t\t\t\n\t\t\t\t\t\t\t                  <img src='https:\/\/mccloud.global\/ro\/wp-content\/uploads\/2024\/11\/product-icon-4-3.svg' alt='icon' class='svg-icon-60'>\n\t\t\t\t\t\t\t\t\t\t\t\t\t\t\n\t\t\t\t\t\t\t\n                <p class=\"advantages-slider--heading text-[18px] leading-5 font-bold mb-3 mt-6 text-black group-hover:text-success transition-colors\">\n\t\t\t\t\t\t\t\t\tFunc\u021bii de administrare premium                <\/p>\n\n                <p class=\"text-gray leading-4\">\n\t\t\t\t\t\t\t\t\tCaracteristicile premium includ recunoa\u0219terea optic\u0103 a textului pentru g\u0103sirea informa\u021biilor sensibile chiar \u0219i \u00een imaginile scanate, integrarea cu arhive ter\u021be pentru stocarea pe termen lung a datelor critice \u0219i analize avansate\r\n\r\n                <\/p>\n\n            <\/div>\n\t\t\t\t\t                <div                  class=\"advantages-slider-item border border-customlightGray p-4 rounded-4 flex flex-col transition-all\n                hover:shadow-lg hover:no-underline group\"\n                style=\"background-color: #ffffff\">\n\t\t\t\t\t\t\t\n\t\t\t\t\t\t\t                  <img src='https:\/\/mccloud.global\/ro\/wp-content\/uploads\/2024\/11\/product-icon-5-3.svg' alt='icon' class='svg-icon-60'>\n\t\t\t\t\t\t\t\t\t\t\t\t\t\t\n\t\t\t\t\t\t\t\n                <p class=\"advantages-slider--heading text-[18px] leading-5 font-bold mb-3 mt-6 text-black group-hover:text-success transition-colors\">\n\t\t\t\t\t\t\t\t\tInstrumente pentru o colaborare eficient\u0103                <\/p>\n\n                <p class=\"text-gray leading-4\">\n\t\t\t\t\t\t\t\t\tPentru o colaborare eficient\u0103, Google Workspace (G Suite) pentru \u00eentreprinderi ofer\u0103 instrumente pentru videoconferin\u021be la scar\u0103 larg\u0103 cu suport pentru p\u00e2n\u0103 la 500 de participan\u021bi \u0219i streaming live. Func\u021bia de \u00eenregistrare \u0219i partajare automat\u0103 a reuniunilor v\u0103 permite s\u0103 salva\u021bi apelurile video Google Meet \u00eentr-o unitate personalizabil\u0103.\r\n\r\n                <\/p>\n\n            <\/div>\n\t\t\t\t\t\n        <\/div>\n    <\/div>\n\n<\/div>\n<\/div>\n\n<\/div>\n\n<script>\n\t(function () {\n\t\tfunction animateCounter(el, target, decimals, duration) {\n\t\t\tvar start = null;\n\n\t\t\tfunction step(timestamp) {\n\t\t\t\tif (!start) start = timestamp;\n\t\t\t\tvar progress = Math.min((timestamp - start) \/ duration, 1);\n\t\t\t\tvar eased = 1 - Math.pow(1 - progress, 3);\n\t\t\t\tel.textContent = (target * eased).toFixed(decimals);\n\t\t\t\tif (progress < 1) {\n\t\t\t\t\trequestAnimationFrame(step);\n\t\t\t\t} else {\n\t\t\t\t\tel.textContent = target.toFixed(decimals);\n\t\t\t\t}\n\t\t\t}\n\n\t\t\trequestAnimationFrame(step);\n\t\t}\n\n\t\tvar counters = document.querySelectorAll('.cib-counter[data-target]');\n\t\tif (!counters.length) return;\n\n\t\tvar observer = new IntersectionObserver(function (entries, obs) {\n\t\t\tentries.forEach(function (entry) {\n\t\t\t\tif (entry.isIntersecting) {\n\t\t\t\t\tvar el = entry.target;\n\t\t\t\t\tvar target = parseFloat(el.dataset.target);\n\t\t\t\t\tvar decimals = parseInt(el.dataset.decimals, 10) || 0;\n\t\t\t\t\tanimateCounter(el, target, decimals, 1800);\n\t\t\t\t\tobs.unobserve(el);\n\t\t\t\t}\n\t\t\t});\n\t\t}, {threshold: 0.3});\n\n\t\tcounters.forEach(function (el) {\n\t\t\tobserver.observe(el);\n\t\t});\n\t}());\n<\/script>\n\n<div class=\"max-w-[830px] flex self-center w-full\">\n    <div class=\"pl-3 border-l-4 border-green flex py-2 flex-col gap-3\">\n      <p>Instrumentele avansate de analiz\u0103 a datelor ofer\u0103 vizualizarea \u0219i analiza colaborativ\u0103 a informa\u021biilor din foi de calcul, ajut\u00e2ndu-v\u0103 s\u0103 lua\u021bi decizii informate pe baza datelor.<\/p>\n    <\/div>\n<\/div>","protected":false},"excerpt":{"rendered":"","protected":false},"author":1,"featured_media":0,"parent":0,"menu_order":0,"comment_status":"closed","ping_status":"closed","template":"page-templates\/product.php","meta":{"_acf_changed":false,"footnotes":""},"class_list":["post-2569","page","type-page","status-publish","hentry"],"acf":[],"yoast_head":"<!-- This site is optimized with the Yoast SEO plugin v26.8 - https:\/\/yoast.com\/product\/yoast-seo-wordpress\/ -->\n<title>Google Workspace Enterprise<\/title>\n<meta name=\"description\" content=\"\u041f\u0430\u043a\u0435\u0442\u0438 Google Workspace Enterprise \u2013 Citi\u021bi pe blogul McCloud! Multe articole interesante \u0219i utile despre ecosistemul Google Workspace \u2705 Doar informa\u021bii actuale de la speciali\u0219ti \u27a1\ufe0f mcCloud\" \/>\n<meta name=\"robots\" content=\"index, follow, max-snippet:-1, max-image-preview:large, max-video-preview:-1\" \/>\n<link rel=\"canonical\" href=\"https:\/\/mccloud.global\/ro\/plans-google-workspace-enterprise\/\" \/>\n<meta property=\"og:locale\" content=\"ro_RO\" \/>\n<meta property=\"og:type\" content=\"article\" \/>\n<meta property=\"og:title\" content=\"Google Workspace Enterprise\" \/>\n<meta property=\"og:description\" content=\"\u041f\u0430\u043a\u0435\u0442\u0438 Google Workspace Enterprise \u2013 Citi\u021bi pe blogul McCloud! Multe articole interesante \u0219i utile despre ecosistemul Google Workspace \u2705 Doar informa\u021bii actuale de la speciali\u0219ti \u27a1\ufe0f mcCloud\" \/>\n<meta property=\"og:url\" content=\"https:\/\/mccloud.global\/ro\/plans-google-workspace-enterprise\/\" \/>\n<meta property=\"og:site_name\" content=\"mcCloud\" \/>\n<meta property=\"article:modified_time\" content=\"2025-12-22T15:14:58+00:00\" \/>\n<meta name=\"twitter:card\" content=\"summary_large_image\" \/>\n<!-- \/ Yoast SEO plugin. -->","yoast_head_json":{"title":"Google Workspace Enterprise","description":"\u041f\u0430\u043a\u0435\u0442\u0438 Google Workspace Enterprise \u2013 Citi\u021bi pe blogul McCloud! Multe articole interesante \u0219i utile despre ecosistemul Google Workspace \u2705 Doar informa\u021bii actuale de la speciali\u0219ti \u27a1\ufe0f mcCloud","robots":{"index":"index","follow":"follow","max-snippet":"max-snippet:-1","max-image-preview":"max-image-preview:large","max-video-preview":"max-video-preview:-1"},"canonical":"https:\/\/mccloud.global\/ro\/plans-google-workspace-enterprise\/","og_locale":"ro_RO","og_type":"article","og_title":"Google Workspace Enterprise","og_description":"\u041f\u0430\u043a\u0435\u0442\u0438 Google Workspace Enterprise \u2013 Citi\u021bi pe blogul McCloud! Multe articole interesante \u0219i utile despre ecosistemul Google Workspace \u2705 Doar informa\u021bii actuale de la speciali\u0219ti \u27a1\ufe0f mcCloud","og_url":"https:\/\/mccloud.global\/ro\/plans-google-workspace-enterprise\/","og_site_name":"mcCloud","article_modified_time":"2025-12-22T15:14:58+00:00","twitter_card":"summary_large_image","schema":{"@context":"https:\/\/schema.org","@graph":[{"@type":"WebPage","@id":"https:\/\/mccloud.global\/ro\/plans-google-workspace-enterprise\/","url":"https:\/\/mccloud.global\/ro\/plans-google-workspace-enterprise\/","name":"Google Workspace Enterprise","isPartOf":{"@id":"https:\/\/mccloud.global\/ro\/#website"},"datePublished":"2024-11-13T09:35:25+00:00","dateModified":"2025-12-22T15:14:58+00:00","description":"\u041f\u0430\u043a\u0435\u0442\u0438 Google Workspace Enterprise \u2013 Citi\u021bi pe blogul McCloud! Multe articole interesante \u0219i utile despre ecosistemul Google Workspace \u2705 Doar informa\u021bii actuale de la speciali\u0219ti \u27a1\ufe0f mcCloud","inLanguage":"ro-RO","potentialAction":[{"@type":"ReadAction","target":["https:\/\/mccloud.global\/ro\/plans-google-workspace-enterprise\/"]}]},{"@type":"WebSite","@id":"https:\/\/mccloud.global\/ro\/#website","url":"https:\/\/mccloud.global\/ro\/","name":"mcCloud","description":"","potentialAction":[{"@type":"SearchAction","target":{"@type":"EntryPoint","urlTemplate":"https:\/\/mccloud.global\/ro\/?s={search_term_string}"},"query-input":{"@type":"PropertyValueSpecification","valueRequired":true,"valueName":"search_term_string"}}],"inLanguage":"ro-RO"}]}},"_links":{"self":[{"href":"https:\/\/mccloud.global\/ro\/wp-json\/wp\/v2\/pages\/2569","targetHints":{"allow":["GET"]}}],"collection":[{"href":"https:\/\/mccloud.global\/ro\/wp-json\/wp\/v2\/pages"}],"about":[{"href":"https:\/\/mccloud.global\/ro\/wp-json\/wp\/v2\/types\/page"}],"author":[{"embeddable":true,"href":"https:\/\/mccloud.global\/ro\/wp-json\/wp\/v2\/users\/1"}],"replies":[{"embeddable":true,"href":"https:\/\/mccloud.global\/ro\/wp-json\/wp\/v2\/comments?post=2569"}],"version-history":[{"count":13,"href":"https:\/\/mccloud.global\/ro\/wp-json\/wp\/v2\/pages\/2569\/revisions"}],"predecessor-version":[{"id":4155,"href":"https:\/\/mccloud.global\/ro\/wp-json\/wp\/v2\/pages\/2569\/revisions\/4155"}],"wp:attachment":[{"href":"https:\/\/mccloud.global\/ro\/wp-json\/wp\/v2\/media?parent=2569"}],"curies":[{"name":"wp","href":"https:\/\/api.w.org\/{rel}","templated":true}]}}