{"id":2729,"date":"2024-12-20T11:47:30","date_gmt":"2024-12-20T08:47:30","guid":{"rendered":"https:\/\/mccloud-dev.local\/?page_id=2729"},"modified":"2026-02-27T15:37:32","modified_gmt":"2026-02-27T12:37:32","slug":"chrome-enterprise-premium","status":"publish","type":"page","link":"https:\/\/mccloud.global\/ro\/chrome-enterprise-premium\/","title":{"rendered":"Chrome Enterprise Premium"},"content":{"rendered":"<div class=\"flex self-center w-full max-w-[830px]\">\n      <h2 class=\"title-text-2 font-bold xl:mb-4 mb-3 text-5 leading-6\">Modul \u00een care serviciul este util pentru \u00eentreprinderi<\/h2>\n  <\/div>\n\n\n<div class=\"max-w-[830px] flex self-center w-full\">\n    <div class=\"flex py-2 flex-col gap-3\">\n      <div class=\"max-w-[830px] flex self-center w-full\">\n<div class=\"flex py-2 flex-col gap-3\">\n<p>S\u0103 analiz\u0103m mai \u00eendeaproape ce func\u021bii ofer\u0103 browserul Chrome pl\u0103tit \u0219i de ce companiile au nevoie de el.<\/p>\n<\/div>\n<\/div>\n<div class=\"flex self-center w-full max-w-[830px]\"><\/div>\n    <\/div>\n<\/div>\n\n<div class=\"flex self-center w-full max-w-[830px]\">\n      <h2 class=\"title-text-2 font-bold xl:mb-4 mb-3 text-5 leading-6\">Protec\u021bia datelor<\/h2>\n  <\/div>\n\n\n<div class=\"max-w-[830px] flex self-center w-full\">\n    <div class=\"flex py-2 flex-col gap-3\">\n      <p>Unul dintre principalele motive pentru alegerea Google Chrome Enterprise for Business este protec\u021bia sporit\u0103 a datelor. Spre deosebire de versiunea gratuit\u0103, versiunea pl\u0103tit\u0103 ofer\u0103 mai mult de 500 de op\u021biuni de control care v\u0103 permit s\u0103 configura\u021bi politici de acces, s\u0103 monitoriza\u021bi ac\u021biunile utilizatorilor \u0219i s\u0103 restric\u021biona\u021bi accesul la anumite resurse.<\/p>\n    <\/div>\n<\/div>\n\n<div class=\"container\">\n    <div class=\"md:rounded-4 2xl:pt-11 md:py-11 pt-4 flex flex-col gap-6 justify-center\"\n         style=\"background-color: \">\n        <div class=\"max-w-[830px] flex self-center w-full\">\n            <div class=\"rounded-4\">\n                                    <h3 class=\"text-5 mb-6 font-bold\"><p>Printre func\u021biile disponibile:<\/p>\n<\/h3>\n                                                                    <ul class=\"flex flex-col gap-3\">\n                                                                            <li class=\"flex items-center gap-3\">\n                <span\n                        class=\"rounded-full bg-green w-[44px] h-[44px] text-white flex justify-center items-center aspect-square\">1<\/span>\n                                <span>DLP (Data Loss Prevention) &#8211; protec\u021bie \u00eempotriva pierderii de informa\u021bii confiden\u021biale;<\/span>\n                            <\/li>\n                                                                                <li class=\"flex items-center gap-3\">\n                <span\n                        class=\"rounded-full bg-green w-[44px] h-[44px] text-white flex justify-center items-center aspect-square\">2<\/span>\n                                <span>blocarea reutiliz\u0103rii parolelor;<\/span>\n                            <\/li>\n                                                                                <li class=\"flex items-center gap-3\">\n                <span\n                        class=\"rounded-full bg-green w-[44px] h-[44px] text-white flex justify-center items-center aspect-square\">3<\/span>\n                                <span>protec\u021bie \u00eempotriva atacurilor de phishing \u0219i a programelor malware;<\/span>\n                            <\/li>\n                                                                                <li class=\"flex items-center gap-3\">\n                <span\n                        class=\"rounded-full bg-green w-[44px] h-[44px] text-white flex justify-center items-center aspect-square\">4<\/span>\n                                <span>instalarea automat\u0103 a actualiz\u0103rilor.<\/span>\n                            <\/li>\n                                                                        <\/ul>\n                                \n            <\/div>\n        <\/div>\n            <\/div>\n<\/div>\n\n<div class=\"max-w-[830px] flex self-center w-full\">\n    <div class=\"flex py-2 flex-col gap-3\">\n      <p>Versiunea pl\u0103tit\u0103 este util\u0103 at\u00e2t pentru echipele interne, c\u00e2t \u0219i pentru companiile care lucreaz\u0103 cu parteneri sau contractori. Datorit\u0103 modelului s\u0103u de \u00eencredere zero, Chrome Enterprise ajut\u0103 la prevenirea accesului neautorizat, copierii sau furtului de date.<\/p>\n    <\/div>\n<\/div>\n\n<div class=\"flex self-center w-full max-w-[830px]\">\n      <h2 class=\"title-text-2 font-bold xl:mb-4 mb-3 text-5 leading-6\">Suport pentru solu\u021bii cloud<\/h2>\n  <\/div>\n\n\n<div class=\"max-w-[830px] flex self-center w-full\">\n    <div class=\"flex py-2 flex-col gap-3\">\n      <p>Pentru \u00eentreprinderile care activeaz\u0103 \u00een cloud, Chrome Enterprise ofer\u0103 acces eficient la serviciile Google Workspace. Acest lucru faciliteaz\u0103 utilizarea instrumentelor familiare pentru a v\u0103 eficientiza fluxurile de lucru.<\/p>\n    <\/div>\n<\/div>\n\n\n<div style=\"height:64px\" aria-hidden=\"true\" class=\"wp-block-spacer\"><\/div>\n\n\n<div class=\"flex self-center w-full max-w-[830px]\">\n      <h2 class=\"title-text-2 font-bold xl:mb-4 mb-3 text-5 leading-6\">Ce ob\u021bine\u021bi cu Chrome Enterprise Premium<\/h2>\n  <\/div>\n\n\n<div class=\"container\">\n    <div class=\"md:rounded-4 2xl:pt-11 md:py-11 pt-4 flex flex-col gap-6 justify-center\"\n         style=\"background-color: \">\n        <div class=\"max-w-[830px] flex self-center w-full\">\n            <div class=\"rounded-4\">\n                                    <h3 class=\"text-5 mb-6 font-bold\"><p>Prin conectarea unui browser securizat, ve\u021bi ob\u021bine noi func\u021bii \u0219i capabilit\u0103\u021bi, de exemplu:<\/p>\n<\/h3>\n                                                                    <ul class=\"flex flex-col gap-3\">\n                                                                            <li class=\"flex items-center gap-3\">\n                <span\n                        class=\"rounded-full bg-green w-[44px] h-[44px] text-white flex justify-center items-center aspect-square\">1<\/span>\n                                <span>Cre\u0219terea eficien\u021bei proceselor de afaceri. Datele protejate \u00eenseamn\u0103 o productivitate mai mare a echipei, deoarece speciali\u0219tii vor putea lucra online cu documentele necesare, cu o politic\u0103 de securitate mobil\u0103 clar definit\u0103.<\/span>\n                            <\/li>\n                                                                                <li class=\"flex items-center gap-3\">\n                <span\n                        class=\"rounded-full bg-green w-[44px] h-[44px] text-white flex justify-center items-center aspect-square\">2<\/span>\n                                <span>Algoritm simplu pentru gestionarea infrastructurii IT. Set\u0103rile \u0219i politicile avansate v\u0103 permit s\u0103 elimina\u021bi nevoia de servicii suplimentare pentru a v\u0103 sus\u021bine infrastructura IT. Administratorii de sistem nu mai trebuie s\u0103 creeze \u0219i s\u0103 men\u021bin\u0103 conturi de conectare separate, s\u0103 creeze grupuri de utilizatori sau s\u0103 configureze drepturi \u0219i restric\u021bii de acces pentru ace\u0219tia. Toate acestea pot fi f\u0103cute direct \u00een Chrome.<\/span>\n                            <\/li>\n                                                                        <\/ul>\n                                \n            <\/div>\n        <\/div>\n            <\/div>\n<\/div>\n\n\n<div style=\"height:32px\" aria-hidden=\"true\" class=\"wp-block-spacer\"><\/div>\n\n\n<div class=\"max-w-[830px] flex self-center w-full\">\n    <div class=\"pl-3 border-l-4 border-green flex py-2 flex-col gap-3\">\n      <p>Func\u021biile avansate de gestionare din Google Chrome Enterprise simplific\u0103 utilizarea serviciilor cloud \u0219i a suitelor Workspace, permi\u021b\u00e2nd companiilor s\u0103 renun\u021be par\u021bial sau complet la serverele desktop \u0219i la software-ul aferent. Aceast\u0103 solu\u021bie reduce semnificativ costurile de actualizare \u0219i \u00eentre\u021binere a infrastructurii IT existente.<\/p>\n    <\/div>\n<\/div>\n\n\n<div style=\"height:64px\" aria-hidden=\"true\" class=\"wp-block-spacer\"><\/div>\n\n\n<div class=\"flex self-center w-full max-w-[830px]\">\n      <h2 class=\"title-text-2 font-bold xl:mb-4 mb-3 text-5 leading-6\">Cine are nevoie de o conexiune Chrome Enterprise Premium<\/h2>\n  <\/div>\n\n\n<div class=\"max-w-[830px] flex self-center w-full\">\n    <div class=\"flex py-2 flex-col gap-3\">\n      <p>\u00cen general, utilizarea unui browser securizat va fi util\u0103 pentru diferite tipuri de afaceri, dar exist\u0103 categorii de companii care au cea mai mare nevoie de o astfel de solu\u021bie. De exemplu, ar trebui s\u0103 lua\u021bi \u00een considerare instalarea unei versiuni pl\u0103tite pentru cei care au nevoie de ea:<\/p>\n    <\/div>\n<\/div>\n\n<div class=\"container\">\n    <div class=\"md:rounded-4 2xl:pt-11 md:py-11 pt-4 flex flex-col gap-6 justify-center\"\n         style=\"background-color: \">\n        <div class=\"max-w-[830px] flex self-center w-full\">\n            <div class=\"rounded-4\">\n                                                                    <ul class=\"flex flex-col gap-3\">\n                                                                            <li class=\"flex items-center gap-3\">\n                <span\n                        class=\"rounded-full bg-green w-[44px] h-[44px] text-white flex justify-center items-center aspect-square\">1<\/span>\n                                <span>s\u0103 monitorizeze ac\u021biunile \u0219i acces\u0103rile utilizatorilor pe internet \u0219i aplica\u021bii;<\/span>\n                            <\/li>\n                                                                                <li class=\"flex items-center gap-3\">\n                <span\n                        class=\"rounded-full bg-green w-[44px] h-[44px] text-white flex justify-center items-center aspect-square\">2<\/span>\n                                <span>utilizeaz\u0103 sisteme de operare care necesit\u0103 un format unic pentru accesarea serviciilor \u0219i a datelor.<\/span>\n                            <\/li>\n                                                                        <\/ul>\n                                \n            <\/div>\n        <\/div>\n            <\/div>\n<\/div>\n\n<div class=\"max-w-[830px] flex self-center w-full\">\n    <div class=\"flex py-2 flex-col gap-3\">\n      <p>Chrome Enterprise Premium for Business ofer\u0103 posibilitatea de a extinde \u0219i integra numeroase servicii, men\u021bin\u00e2nd \u00een acela\u0219i timp controlul deplin asupra datelor \u0219i accesului la informa\u021bii confiden\u021biale.<\/p>\n<p>Pute\u021bi profita la maximum de conexiune cu ajutorul profesioni\u0219tilor care pot personaliza browserul pentru a r\u0103spunde nevoilor dvs. de afaceri. Colabor\u00e2nd cu MC Cloud, ve\u021bi beneficia de serviciu, deoarece v\u0103 vom ajuta s\u0103 integra\u021bi serviciul pentru afacerea dumneavoastr\u0103, \u021bin\u00e2nd cont de specificul \u0219i nuan\u021bele acesteia.<\/p>\n    <\/div>\n<\/div>","protected":false},"excerpt":{"rendered":"","protected":false},"author":1,"featured_media":0,"parent":0,"menu_order":0,"comment_status":"closed","ping_status":"closed","template":"page-templates\/product.php","meta":{"_acf_changed":false,"footnotes":""},"class_list":["post-2729","page","type-page","status-publish","hentry"],"acf":[],"yoast_head":"<!-- This site is optimized with the Yoast SEO plugin v26.8 - https:\/\/yoast.com\/product\/yoast-seo-wordpress\/ -->\n<title>Chrome Enterprise Premium<\/title>\n<meta name=\"description\" content=\"Chrome Enterprise Premium \u2013 Citi\u021bi pe blogul McCloud! Multe articole interesante \u0219i utile despre ecosistemul Google Workspace \u2705 Doar informa\u021bii actuale de la speciali\u0219ti \u27a1\ufe0f mcCloud\" \/>\n<meta name=\"robots\" content=\"index, follow, max-snippet:-1, max-image-preview:large, max-video-preview:-1\" \/>\n<link rel=\"canonical\" href=\"https:\/\/mccloud.global\/ro\/chrome-enterprise-premium\/\" \/>\n<meta property=\"og:locale\" content=\"ro_RO\" \/>\n<meta property=\"og:type\" content=\"article\" \/>\n<meta property=\"og:title\" content=\"Chrome Enterprise Premium\" \/>\n<meta property=\"og:description\" content=\"Chrome Enterprise Premium \u2013 Citi\u021bi pe blogul McCloud! Multe articole interesante \u0219i utile despre ecosistemul Google Workspace \u2705 Doar informa\u021bii actuale de la speciali\u0219ti \u27a1\ufe0f mcCloud\" \/>\n<meta property=\"og:url\" content=\"https:\/\/mccloud.global\/ro\/chrome-enterprise-premium\/\" \/>\n<meta property=\"og:site_name\" content=\"mcCloud\" \/>\n<meta property=\"article:modified_time\" content=\"2026-02-27T12:37:32+00:00\" \/>\n<meta name=\"twitter:card\" content=\"summary_large_image\" \/>\n<!-- \/ Yoast SEO plugin. -->","yoast_head_json":{"title":"Chrome Enterprise Premium","description":"Chrome Enterprise Premium \u2013 Citi\u021bi pe blogul McCloud! Multe articole interesante \u0219i utile despre ecosistemul Google Workspace \u2705 Doar informa\u021bii actuale de la speciali\u0219ti \u27a1\ufe0f mcCloud","robots":{"index":"index","follow":"follow","max-snippet":"max-snippet:-1","max-image-preview":"max-image-preview:large","max-video-preview":"max-video-preview:-1"},"canonical":"https:\/\/mccloud.global\/ro\/chrome-enterprise-premium\/","og_locale":"ro_RO","og_type":"article","og_title":"Chrome Enterprise Premium","og_description":"Chrome Enterprise Premium \u2013 Citi\u021bi pe blogul McCloud! Multe articole interesante \u0219i utile despre ecosistemul Google Workspace \u2705 Doar informa\u021bii actuale de la speciali\u0219ti \u27a1\ufe0f mcCloud","og_url":"https:\/\/mccloud.global\/ro\/chrome-enterprise-premium\/","og_site_name":"mcCloud","article_modified_time":"2026-02-27T12:37:32+00:00","twitter_card":"summary_large_image","schema":{"@context":"https:\/\/schema.org","@graph":[{"@type":"WebPage","@id":"https:\/\/mccloud.global\/ro\/chrome-enterprise-premium\/","url":"https:\/\/mccloud.global\/ro\/chrome-enterprise-premium\/","name":"Chrome Enterprise Premium","isPartOf":{"@id":"https:\/\/mccloud.global\/ro\/#website"},"datePublished":"2024-12-20T08:47:30+00:00","dateModified":"2026-02-27T12:37:32+00:00","description":"Chrome Enterprise Premium \u2013 Citi\u021bi pe blogul McCloud! Multe articole interesante \u0219i utile despre ecosistemul Google Workspace \u2705 Doar informa\u021bii actuale de la speciali\u0219ti \u27a1\ufe0f mcCloud","inLanguage":"ro-RO","potentialAction":[{"@type":"ReadAction","target":["https:\/\/mccloud.global\/ro\/chrome-enterprise-premium\/"]}]},{"@type":"WebSite","@id":"https:\/\/mccloud.global\/ro\/#website","url":"https:\/\/mccloud.global\/ro\/","name":"mcCloud","description":"","potentialAction":[{"@type":"SearchAction","target":{"@type":"EntryPoint","urlTemplate":"https:\/\/mccloud.global\/ro\/?s={search_term_string}"},"query-input":{"@type":"PropertyValueSpecification","valueRequired":true,"valueName":"search_term_string"}}],"inLanguage":"ro-RO"}]}},"_links":{"self":[{"href":"https:\/\/mccloud.global\/ro\/wp-json\/wp\/v2\/pages\/2729","targetHints":{"allow":["GET"]}}],"collection":[{"href":"https:\/\/mccloud.global\/ro\/wp-json\/wp\/v2\/pages"}],"about":[{"href":"https:\/\/mccloud.global\/ro\/wp-json\/wp\/v2\/types\/page"}],"author":[{"embeddable":true,"href":"https:\/\/mccloud.global\/ro\/wp-json\/wp\/v2\/users\/1"}],"replies":[{"embeddable":true,"href":"https:\/\/mccloud.global\/ro\/wp-json\/wp\/v2\/comments?post=2729"}],"version-history":[{"count":21,"href":"https:\/\/mccloud.global\/ro\/wp-json\/wp\/v2\/pages\/2729\/revisions"}],"predecessor-version":[{"id":4247,"href":"https:\/\/mccloud.global\/ro\/wp-json\/wp\/v2\/pages\/2729\/revisions\/4247"}],"wp:attachment":[{"href":"https:\/\/mccloud.global\/ro\/wp-json\/wp\/v2\/media?parent=2729"}],"curies":[{"name":"wp","href":"https:\/\/api.w.org\/{rel}","templated":true}]}}