{"id":2903,"date":"2025-03-12T18:14:39","date_gmt":"2025-03-12T15:14:39","guid":{"rendered":"https:\/\/mccloud-dev.local\/?page_id=2903"},"modified":"2025-10-02T13:06:49","modified_gmt":"2025-10-02T10:06:49","slug":"cookie-policy","status":"publish","type":"page","link":"https:\/\/mccloud.global\/ro\/cookie-policy\/","title":{"rendered":"Politica privind cookie-urile"},"content":{"rendered":"\n<p>V\u0103 ofer\u0103 o <strong>experien\u021b\u0103 pl\u0103cut\u0103<\/strong> atunci c\u00e2nd naviga\u021bi pe site-ul nostru web \u0219i, de asemenea, ne permite s\u0103 <strong>\u00eembun\u0103t\u0103\u021bim site-ul<\/strong> nostru.<\/p>\n\n\n\n<p>Un <strong>cookie<\/strong> este un fi\u0219ier mic de litere \u0219i numere pe care \u00eel stoc\u0103m \u00een browserul dvs. sau pe hard diskul computerului dvs., dac\u0103 sunte\u021bi de acord. Cookie-urile con\u021bin informa\u021bii care sunt transferate pe hard diskul computerului dvs.<\/p>\n\n\n\n<p>Utiliz\u0103m urm\u0103toarele cookie-uri:<\/p>\n\n\n\n<ul class=\"wp-block-list\">\n<li><strong>Cookie-uri strict necesare (Strictly necessary cookies).<\/strong> Acestea sunt cookie-uri care sunt <strong>necesare pentru func\u021bionarea<\/strong> site-ului nostru web. Aceste cookie-uri esen\u021biale sunt <strong>\u00eentotdeauna activate<\/strong> deoarece site-ul nostru nu ar func\u021biona corect f\u0103r\u0103 ele. Acestea includ, de exemplu, cookie-uri care v\u0103 permit s\u0103 v\u0103 conecta\u021bi la zone sigure ale site-ului nostru, s\u0103 utiliza\u021bi un co\u0219 de cump\u0103r\u0103turi sau s\u0103 folosi\u021bi servicii de facturare electronic\u0103. Pute\u021bi dezactiva aceste cookie-uri \u00een set\u0103rile browserului dvs., dar este posibil s\u0103 nu mai pute\u021bi accesa integral sau par\u021bial site-ul nostru.<\/li>\n\n\n\n<li><strong>Cookie-uri analitice sau de performan\u021b\u0103 (Analytical or performance cookies).<\/strong> Acestea ne permit s\u0103 recunoa\u0219tem \u0219i s\u0103 num\u0103r\u0103m num\u0103rul de vizitatori \u0219i s\u0103 vedem <strong>cum se mi\u0219c\u0103 vizitatorii<\/strong> pe site-ul nostru atunci c\u00e2nd \u00eel folosesc. Acest lucru ne ajut\u0103 s\u0103 \u00eembun\u0103t\u0103\u021bim modul \u00een care func\u021bioneaz\u0103 site-ul nostru, de exemplu, asigur\u00e2ndu-ne c\u0103 utilizatorii g\u0103sesc cu u\u0219urin\u021b\u0103 ceea ce caut\u0103.<\/li>\n\n\n\n<li><strong>Cookie-uri de func\u021bionalitate (Functionality cookies).<\/strong> Acestea sunt utilizate pentru a <strong>v\u0103 recunoa\u0219te<\/strong> atunci c\u00e2nd reveni\u021bi pe site-ul nostru. Acest lucru ne permite s\u0103 <strong>personaliz\u0103m<\/strong> con\u021binutul nostru pentru dvs., s\u0103 v\u0103 salut\u0103m pe nume \u0219i s\u0103 ne amintim preferin\u021bele dvs. (de exemplu, alegerea limbii sau a regiunii).<\/li>\n\n\n\n<li><strong>Cookie-uri de direc\u021bionare (Targeting cookies).<\/strong> Aceste cookie-uri \u00eenregistreaz\u0103 vizita dvs. pe site-ul nostru, paginile pe care le-a\u021bi vizitat \u0219i linkurile pe care le-a\u021bi urmat. Vom folosi aceste informa\u021bii pentru a face site-ul nostru \u0219i <strong>publicitatea<\/strong> afi\u0219at\u0103 pe acesta <strong>mai relevante<\/strong> pentru interesele dvs. [De asemenea, putem partaja aceste informa\u021bii cu ter\u021be p\u0103r\u021bi \u00een acest scop, astfel \u00eenc\u00e2t acestea s\u0103 v\u0103 poat\u0103 servi reclame relevante pe site-urile lor web.]<\/li>\n<\/ul>\n\n\n\n<p><strong>Not\u0103:<\/strong> Lista de cookie-uri de mai jos va fi actualizat\u0103 cu inventarul final exportat din scanarea <strong>CMP<\/strong>.<\/p>\n\n\n\n<p>Pute\u021bi g\u0103si mai multe informa\u021bii despre cookie-urile individuale pe care le folosim \u0219i scopurile pentru care le folosim \u00een tabelul de mai jos:<\/p>\n\n\n\n<p>V\u0103 rug\u0103m s\u0103 re\u021bine\u021bi c\u0103 urm\u0103toarele <strong>ter\u021be p\u0103r\u021bi<\/strong> pot utiliza, de asemenea, cookie-uri, asupra c\u0103rora <strong>nu avem control<\/strong>. Aceste ter\u021be p\u0103r\u021bi numite pot include, de exemplu, re\u021bele de publicitate \u0219i furnizori de servicii externe, cum ar fi servicii de analiz\u0103 a traficului web. Aceste cookie-uri ter\u021be p\u0103r\u021bi sunt susceptibile de a fi cookie-uri analitice, cookie-uri de performan\u021b\u0103 sau cookie-uri de direc\u021bionare:<\/p>\n\n\n\n<ul class=\"wp-block-list\">\n<li><strong>Google Analytics<\/strong><\/li>\n\n\n\n<li><strong>Zoho CRM Analytics<\/strong><\/li>\n<\/ul>\n\n\n\n<p><strong>Cookie-urile strict necesare<\/strong> func\u021bioneaz\u0103 <strong>f\u0103r\u0103 consim\u021b\u0103m\u00e2nt<\/strong>; <strong>cookie-urile analitice \u0219i de publicitate<\/strong> <strong>necesit\u0103 consim\u021b\u0103m\u00e2nt prealabil<\/strong>.<\/p>\n\n\n\n<p>Pute\u021bi <strong>accepta tot<\/strong>, <strong>respinge tot<\/strong> sau <strong>personaliza<\/strong> dup\u0103 scop\/furnizor. V\u0103 pute\u021bi schimba alegerile \u00een orice moment prin intermediul linkului \u201e<strong>Set\u0103ri Cookie<\/strong>\u201d (<strong>Cookie Settings<\/strong>) de pe site.<\/p>\n\n\n\n<p>La prima dvs. vizit\u0103 (\u0219i periodic dup\u0103 aceea), <strong>Platforma noastr\u0103 de Management al Consim\u021b\u0103m\u00e2ntului (CMP)<\/strong> v\u0103 va solicita alegerile.<\/p>\n\n\n\n<p><strong>Lista autorizat\u0103, mereu actualizat\u0103<\/strong> a cookie-urilor \u0219i a tehnologiilor similare utilizate pe acest site este disponibil\u0103 prin intermediul <strong>Platformei de Management al Consim\u021b\u0103m\u00e2ntului (CMP)<\/strong> de pe site. Pute\u021bi revizui inventarul complet, starea consim\u021b\u0103m\u00e2ntului per-scop \u0219i furnizorii \u00een orice moment prin intermediul linkului \u201e<strong>Set\u0103ri Cookie<\/strong>\u201d (<strong>Cookie Settings<\/strong>) din subsol.<\/p>\n","protected":false},"excerpt":{"rendered":"<p>V\u0103 ofer\u0103 o experien\u021b\u0103 pl\u0103cut\u0103 atunci c\u00e2nd naviga\u021bi pe site-ul nostru web \u0219i, de asemenea, ne permite s\u0103 \u00eembun\u0103t\u0103\u021bim site-ul nostru. Un cookie este un fi\u0219ier mic de litere \u0219i numere pe care \u00eel stoc\u0103m \u00een browserul dvs. sau pe hard diskul computerului dvs., dac\u0103 sunte\u021bi de acord. Cookie-urile con\u021bin informa\u021bii care sunt transferate pe [&hellip;]<\/p>\n","protected":false},"author":1,"featured_media":0,"parent":0,"menu_order":0,"comment_status":"closed","ping_status":"closed","template":"","meta":{"_acf_changed":false,"footnotes":""},"class_list":["post-2903","page","type-page","status-publish","hentry"],"acf":[],"yoast_head":"<!-- This site is optimized with the Yoast SEO plugin v26.8 - https:\/\/yoast.com\/product\/yoast-seo-wordpress\/ -->\n<title>Politica privind cookie-urile - mcCloud<\/title>\n<meta name=\"robots\" content=\"index, follow, max-snippet:-1, max-image-preview:large, max-video-preview:-1\" \/>\n<link rel=\"canonical\" href=\"https:\/\/mccloud.global\/ro\/cookie-policy\/\" \/>\n<meta property=\"og:locale\" content=\"ro_RO\" \/>\n<meta property=\"og:type\" content=\"article\" \/>\n<meta property=\"og:title\" content=\"Politica privind cookie-urile - mcCloud\" \/>\n<meta property=\"og:description\" content=\"V\u0103 ofer\u0103 o experien\u021b\u0103 pl\u0103cut\u0103 atunci c\u00e2nd naviga\u021bi pe site-ul nostru web \u0219i, de asemenea, ne permite s\u0103 \u00eembun\u0103t\u0103\u021bim site-ul nostru. Un cookie este un fi\u0219ier mic de litere \u0219i numere pe care \u00eel stoc\u0103m \u00een browserul dvs. sau pe hard diskul computerului dvs., dac\u0103 sunte\u021bi de acord. Cookie-urile con\u021bin informa\u021bii care sunt transferate pe [&hellip;]\" \/>\n<meta property=\"og:url\" content=\"https:\/\/mccloud.global\/ro\/cookie-policy\/\" \/>\n<meta property=\"og:site_name\" content=\"mcCloud\" \/>\n<meta property=\"article:modified_time\" content=\"2025-10-02T10:06:49+00:00\" \/>\n<meta name=\"twitter:card\" content=\"summary_large_image\" \/>\n<!-- \/ Yoast SEO plugin. -->","yoast_head_json":{"title":"Politica privind cookie-urile - mcCloud","robots":{"index":"index","follow":"follow","max-snippet":"max-snippet:-1","max-image-preview":"max-image-preview:large","max-video-preview":"max-video-preview:-1"},"canonical":"https:\/\/mccloud.global\/ro\/cookie-policy\/","og_locale":"ro_RO","og_type":"article","og_title":"Politica privind cookie-urile - mcCloud","og_description":"V\u0103 ofer\u0103 o experien\u021b\u0103 pl\u0103cut\u0103 atunci c\u00e2nd naviga\u021bi pe site-ul nostru web \u0219i, de asemenea, ne permite s\u0103 \u00eembun\u0103t\u0103\u021bim site-ul nostru. Un cookie este un fi\u0219ier mic de litere \u0219i numere pe care \u00eel stoc\u0103m \u00een browserul dvs. sau pe hard diskul computerului dvs., dac\u0103 sunte\u021bi de acord. Cookie-urile con\u021bin informa\u021bii care sunt transferate pe [&hellip;]","og_url":"https:\/\/mccloud.global\/ro\/cookie-policy\/","og_site_name":"mcCloud","article_modified_time":"2025-10-02T10:06:49+00:00","twitter_card":"summary_large_image","schema":{"@context":"https:\/\/schema.org","@graph":[{"@type":"WebPage","@id":"https:\/\/mccloud.global\/ro\/cookie-policy\/","url":"https:\/\/mccloud.global\/ro\/cookie-policy\/","name":"Politica privind cookie-urile - mcCloud","isPartOf":{"@id":"https:\/\/mccloud.global\/ro\/#website"},"datePublished":"2025-03-12T15:14:39+00:00","dateModified":"2025-10-02T10:06:49+00:00","inLanguage":"ro-RO","potentialAction":[{"@type":"ReadAction","target":["https:\/\/mccloud.global\/ro\/cookie-policy\/"]}]},{"@type":"WebSite","@id":"https:\/\/mccloud.global\/ro\/#website","url":"https:\/\/mccloud.global\/ro\/","name":"mcCloud","description":"","potentialAction":[{"@type":"SearchAction","target":{"@type":"EntryPoint","urlTemplate":"https:\/\/mccloud.global\/ro\/?s={search_term_string}"},"query-input":{"@type":"PropertyValueSpecification","valueRequired":true,"valueName":"search_term_string"}}],"inLanguage":"ro-RO"}]}},"_links":{"self":[{"href":"https:\/\/mccloud.global\/ro\/wp-json\/wp\/v2\/pages\/2903","targetHints":{"allow":["GET"]}}],"collection":[{"href":"https:\/\/mccloud.global\/ro\/wp-json\/wp\/v2\/pages"}],"about":[{"href":"https:\/\/mccloud.global\/ro\/wp-json\/wp\/v2\/types\/page"}],"author":[{"embeddable":true,"href":"https:\/\/mccloud.global\/ro\/wp-json\/wp\/v2\/users\/1"}],"replies":[{"embeddable":true,"href":"https:\/\/mccloud.global\/ro\/wp-json\/wp\/v2\/comments?post=2903"}],"version-history":[{"count":4,"href":"https:\/\/mccloud.global\/ro\/wp-json\/wp\/v2\/pages\/2903\/revisions"}],"predecessor-version":[{"id":3572,"href":"https:\/\/mccloud.global\/ro\/wp-json\/wp\/v2\/pages\/2903\/revisions\/3572"}],"wp:attachment":[{"href":"https:\/\/mccloud.global\/ro\/wp-json\/wp\/v2\/media?parent=2903"}],"curies":[{"name":"wp","href":"https:\/\/api.w.org\/{rel}","templated":true}]}}