{"id":588,"date":"2020-12-30T16:17:18","date_gmt":"2020-12-30T13:17:18","guid":{"rendered":"https:\/\/mccloud-dev.local\/?page_id=588"},"modified":"2026-02-26T18:47:09","modified_gmt":"2026-02-26T15:47:09","slug":"contacts","status":"publish","type":"page","link":"https:\/\/mccloud.global\/ro\/contacts\/","title":{"rendered":"Contact"},"content":{"rendered":"\n<iframe src=\"https:\/\/www.google.com\/maps\/embed?pb=!1m18!1m12!1m3!1d2849.5218509363626!2d26.122182076268757!3d44.42245660233931!2m3!1f0!2f0!3f0!3m2!1i1024!2i768!4f13.1!3m3!1m2!1s0x40b1fee05eeed1f9%3A0xdd3f84d0e7b7acd9!2sVitan%20Center%2C%20Calea%20Vitan%2023C%2C%20Bucure%C8%99ti%2C%20Romania!5e0!3m2!1sen!2sua!4v1757066519536!5m2!1sen!2sua\" width=\"100%\" height=\"450\" style=\"border:0;\" allowfullscreen=\"\" loading=\"lazy\" referrerpolicy=\"no-referrer-when-downgrade\"><\/iframe>\n","protected":false},"excerpt":{"rendered":"","protected":false},"author":1,"featured_media":0,"parent":0,"menu_order":0,"comment_status":"closed","ping_status":"closed","template":"page-templates\/contacts.php","meta":{"_acf_changed":false,"footnotes":""},"class_list":["post-588","page","type-page","status-publish","hentry"],"acf":[],"yoast_head":"<!-- This site is optimized with the Yoast SEO plugin v26.8 - https:\/\/yoast.com\/product\/yoast-seo-wordpress\/ -->\n<title>Contacte McCloud Global \u2013 lua\u021bi leg\u0103tura cu noi pentru consultan\u021b\u0103<\/title>\n<meta name=\"description\" content=\"Contacta\u021bi McCloud Global pentru a ob\u021bine consultan\u021b\u0103 profesional\u0103. Exper\u021bii no\u0219tri sunt gata s\u0103 v\u0103 ajute cu orice \u00eentrebare.\" \/>\n<meta name=\"robots\" content=\"index, follow, max-snippet:-1, max-image-preview:large, max-video-preview:-1\" \/>\n<link rel=\"canonical\" href=\"https:\/\/mccloud.global\/ro\/contacts\/\" \/>\n<meta property=\"og:locale\" content=\"ro_RO\" \/>\n<meta property=\"og:type\" content=\"article\" \/>\n<meta property=\"og:title\" content=\"Contacte McCloud Global \u2013 lua\u021bi leg\u0103tura cu noi pentru consultan\u021b\u0103\" \/>\n<meta property=\"og:description\" content=\"Contacta\u021bi McCloud Global pentru a ob\u021bine consultan\u021b\u0103 profesional\u0103. Exper\u021bii no\u0219tri sunt gata s\u0103 v\u0103 ajute cu orice \u00eentrebare.\" \/>\n<meta property=\"og:url\" content=\"https:\/\/mccloud.global\/ro\/contacts\/\" \/>\n<meta property=\"og:site_name\" content=\"mcCloud\" \/>\n<meta property=\"article:modified_time\" content=\"2026-02-26T15:47:09+00:00\" \/>\n<meta name=\"twitter:card\" content=\"summary_large_image\" \/>\n<!-- \/ Yoast SEO plugin. -->","yoast_head_json":{"title":"Contacte McCloud Global \u2013 lua\u021bi leg\u0103tura cu noi pentru consultan\u021b\u0103","description":"Contacta\u021bi McCloud Global pentru a ob\u021bine consultan\u021b\u0103 profesional\u0103. Exper\u021bii no\u0219tri sunt gata s\u0103 v\u0103 ajute cu orice \u00eentrebare.","robots":{"index":"index","follow":"follow","max-snippet":"max-snippet:-1","max-image-preview":"max-image-preview:large","max-video-preview":"max-video-preview:-1"},"canonical":"https:\/\/mccloud.global\/ro\/contacts\/","og_locale":"ro_RO","og_type":"article","og_title":"Contacte McCloud Global \u2013 lua\u021bi leg\u0103tura cu noi pentru consultan\u021b\u0103","og_description":"Contacta\u021bi McCloud Global pentru a ob\u021bine consultan\u021b\u0103 profesional\u0103. Exper\u021bii no\u0219tri sunt gata s\u0103 v\u0103 ajute cu orice \u00eentrebare.","og_url":"https:\/\/mccloud.global\/ro\/contacts\/","og_site_name":"mcCloud","article_modified_time":"2026-02-26T15:47:09+00:00","twitter_card":"summary_large_image","schema":{"@context":"https:\/\/schema.org","@graph":[{"@type":"WebPage","@id":"https:\/\/mccloud.global\/ro\/contacts\/","url":"https:\/\/mccloud.global\/ro\/contacts\/","name":"Contacte McCloud Global \u2013 lua\u021bi leg\u0103tura cu noi pentru consultan\u021b\u0103","isPartOf":{"@id":"https:\/\/mccloud.global\/ro\/#website"},"datePublished":"2020-12-30T13:17:18+00:00","dateModified":"2026-02-26T15:47:09+00:00","description":"Contacta\u021bi McCloud Global pentru a ob\u021bine consultan\u021b\u0103 profesional\u0103. Exper\u021bii no\u0219tri sunt gata s\u0103 v\u0103 ajute cu orice \u00eentrebare.","inLanguage":"ro-RO","potentialAction":[{"@type":"ReadAction","target":["https:\/\/mccloud.global\/ro\/contacts\/"]}]},{"@type":"WebSite","@id":"https:\/\/mccloud.global\/ro\/#website","url":"https:\/\/mccloud.global\/ro\/","name":"mcCloud","description":"","potentialAction":[{"@type":"SearchAction","target":{"@type":"EntryPoint","urlTemplate":"https:\/\/mccloud.global\/ro\/?s={search_term_string}"},"query-input":{"@type":"PropertyValueSpecification","valueRequired":true,"valueName":"search_term_string"}}],"inLanguage":"ro-RO"}]}},"_links":{"self":[{"href":"https:\/\/mccloud.global\/ro\/wp-json\/wp\/v2\/pages\/588","targetHints":{"allow":["GET"]}}],"collection":[{"href":"https:\/\/mccloud.global\/ro\/wp-json\/wp\/v2\/pages"}],"about":[{"href":"https:\/\/mccloud.global\/ro\/wp-json\/wp\/v2\/types\/page"}],"author":[{"embeddable":true,"href":"https:\/\/mccloud.global\/ro\/wp-json\/wp\/v2\/users\/1"}],"replies":[{"embeddable":true,"href":"https:\/\/mccloud.global\/ro\/wp-json\/wp\/v2\/comments?post=588"}],"version-history":[{"count":22,"href":"https:\/\/mccloud.global\/ro\/wp-json\/wp\/v2\/pages\/588\/revisions"}],"predecessor-version":[{"id":4239,"href":"https:\/\/mccloud.global\/ro\/wp-json\/wp\/v2\/pages\/588\/revisions\/4239"}],"wp:attachment":[{"href":"https:\/\/mccloud.global\/ro\/wp-json\/wp\/v2\/media?parent=588"}],"curies":[{"name":"wp","href":"https:\/\/api.w.org\/{rel}","templated":true}]}}